{"id":9993,"date":"2025-01-25T07:18:13","date_gmt":"2025-01-25T07:18:13","guid":{"rendered":"https:\/\/shark-wheel.eu\/?page_id=9993"},"modified":"2025-01-28T09:12:54","modified_gmt":"2025-01-28T09:12:54","slug":"about-us","status":"publish","type":"page","link":"https:\/\/shark-wheel.eu\/cz\/about-us\/","title":{"rendered":"About Us"},"content":{"rendered":"<div data-elementor-type=\"wp-page\" data-elementor-id=\"9993\" class=\"elementor elementor-9993\">\n\t\t\t\t\t\t<\/div>","protected":false},"excerpt":{"rendered":"<p>Why reinvent the wheel? For 5000 years the wheel has been the go-to design for most types of transportation. In fact no one considered there could be better design. This<\/p>","protected":false},"author":1,"featured_media":0,"parent":0,"menu_order":0,"comment_status":"closed","ping_status":"closed","template":"","meta":{"_monsterinsights_skip_tracking":false,"_monsterinsights_sitenote_active":false,"_monsterinsights_sitenote_note":"","_monsterinsights_sitenote_category":0,"_uf_show_specific_survey":0,"_uf_disable_surveys":false,"footnotes":""},"class_list":["post-9993","page","type-page","status-publish","hentry"],"yoast_head":"<!-- This site is optimized with the Yoast SEO plugin v27.3 - https:\/\/yoast.com\/product\/yoast-seo-wordpress\/ -->\n<title>About Us - Shark Wheel<\/title>\n<meta name=\"description\" content=\"Check out the special Shark Wheel for farming. Our farming wheel is equipped with mechanical irrigation systems for greater effectiveness.\" \/>\n<meta name=\"robots\" content=\"index, follow, max-snippet:-1, max-image-preview:large, max-video-preview:-1\" \/>\n<link rel=\"canonical\" href=\"https:\/\/shark-wheel.eu\/cz\/about-us\/\" \/>\n<meta property=\"og:locale\" content=\"cs_CZ\" \/>\n<meta property=\"og:type\" content=\"article\" \/>\n<meta property=\"og:title\" content=\"About Us - Shark Wheel\" \/>\n<meta property=\"og:description\" content=\"Check out the special Shark Wheel for farming. Our farming wheel is equipped with mechanical irrigation systems for greater effectiveness.\" \/>\n<meta property=\"og:url\" content=\"https:\/\/shark-wheel.eu\/cz\/about-us\/\" \/>\n<meta property=\"article:modified_time\" content=\"2025-01-28T09:12:54+00:00\" \/>\n<meta property=\"og:image\" content=\"https:\/\/shark-wheel.eu\/wp-content\/uploads\/2025\/01\/banner-about-us2-EDITED.jpg\" \/>\n<meta name=\"twitter:card\" content=\"summary_large_image\" \/>\n<meta name=\"twitter:label1\" content=\"Odhadovan\u00e1 doba \u010dten\u00ed\" \/>\n\t<meta name=\"twitter:data1\" content=\"2 minuty\" \/>\n<script type=\"application\/ld+json\" class=\"yoast-schema-graph\">{\"@context\":\"https:\\\/\\\/schema.org\",\"@graph\":[{\"@type\":\"WebPage\",\"@id\":\"https:\\\/\\\/shark-wheel.eu\\\/about-us\\\/\",\"url\":\"https:\\\/\\\/shark-wheel.eu\\\/about-us\\\/\",\"name\":\"About Us - Shark Wheel\",\"isPartOf\":{\"@id\":\"https:\\\/\\\/shark-wheel.eu\\\/#website\"},\"primaryImageOfPage\":{\"@id\":\"https:\\\/\\\/shark-wheel.eu\\\/about-us\\\/#primaryimage\"},\"image\":{\"@id\":\"https:\\\/\\\/shark-wheel.eu\\\/about-us\\\/#primaryimage\"},\"thumbnailUrl\":\"https:\\\/\\\/shark-wheel.eu\\\/wp-content\\\/uploads\\\/2025\\\/01\\\/banner-about-us2-EDITED.jpg\",\"datePublished\":\"2025-01-25T07:18:13+00:00\",\"dateModified\":\"2025-01-28T09:12:54+00:00\",\"description\":\"Check out the special Shark Wheel for farming. Our farming wheel is equipped with mechanical irrigation systems for greater effectiveness.\",\"inLanguage\":\"cs\",\"potentialAction\":[{\"@type\":\"ReadAction\",\"target\":[\"https:\\\/\\\/shark-wheel.eu\\\/about-us\\\/\"]}]},{\"@type\":\"ImageObject\",\"inLanguage\":\"cs\",\"@id\":\"https:\\\/\\\/shark-wheel.eu\\\/about-us\\\/#primaryimage\",\"url\":\"https:\\\/\\\/shark-wheel.eu\\\/wp-content\\\/uploads\\\/2025\\\/01\\\/banner-about-us2-EDITED.jpg\",\"contentUrl\":\"https:\\\/\\\/shark-wheel.eu\\\/wp-content\\\/uploads\\\/2025\\\/01\\\/banner-about-us2-EDITED.jpg\"},{\"@type\":\"WebSite\",\"@id\":\"https:\\\/\\\/shark-wheel.eu\\\/#website\",\"url\":\"https:\\\/\\\/shark-wheel.eu\\\/\",\"name\":\"\",\"description\":\"\",\"publisher\":{\"@id\":\"https:\\\/\\\/shark-wheel.eu\\\/#organization\"},\"potentialAction\":[{\"@type\":\"SearchAction\",\"target\":{\"@type\":\"EntryPoint\",\"urlTemplate\":\"https:\\\/\\\/shark-wheel.eu\\\/?s={search_term_string}\"},\"query-input\":{\"@type\":\"PropertyValueSpecification\",\"valueRequired\":true,\"valueName\":\"search_term_string\"}}],\"inLanguage\":\"cs\"},{\"@type\":\"Organization\",\"@id\":\"https:\\\/\\\/shark-wheel.eu\\\/#organization\",\"name\":\"Shark Wheel\",\"url\":\"https:\\\/\\\/shark-wheel.eu\\\/\",\"logo\":{\"@type\":\"ImageObject\",\"inLanguage\":\"cs\",\"@id\":\"https:\\\/\\\/shark-wheel.eu\\\/#\\\/schema\\\/logo\\\/image\\\/\",\"url\":\"https:\\\/\\\/shark-wheel.eu\\\/wp-content\\\/uploads\\\/2022\\\/01\\\/shark-wheel-logo-400px.png\",\"contentUrl\":\"https:\\\/\\\/shark-wheel.eu\\\/wp-content\\\/uploads\\\/2022\\\/01\\\/shark-wheel-logo-400px.png\",\"width\":475,\"height\":115,\"caption\":\"Shark Wheel\"},\"image\":{\"@id\":\"https:\\\/\\\/shark-wheel.eu\\\/#\\\/schema\\\/logo\\\/image\\\/\"}}]}<\/script>\n<!-- \/ Yoast SEO plugin. -->","yoast_head_json":{"title":"About Us - Shark Wheel","description":"Check out the special Shark Wheel for farming. Our farming wheel is equipped with mechanical irrigation systems for greater effectiveness.","robots":{"index":"index","follow":"follow","max-snippet":"max-snippet:-1","max-image-preview":"max-image-preview:large","max-video-preview":"max-video-preview:-1"},"canonical":"https:\/\/shark-wheel.eu\/cz\/about-us\/","og_locale":"cs_CZ","og_type":"article","og_title":"About Us - Shark Wheel","og_description":"Check out the special Shark Wheel for farming. Our farming wheel is equipped with mechanical irrigation systems for greater effectiveness.","og_url":"https:\/\/shark-wheel.eu\/cz\/about-us\/","article_modified_time":"2025-01-28T09:12:54+00:00","og_image":[{"url":"https:\/\/shark-wheel.eu\/wp-content\/uploads\/2025\/01\/banner-about-us2-EDITED.jpg","type":"","width":"","height":""}],"twitter_card":"summary_large_image","twitter_misc":{"Odhadovan\u00e1 doba \u010dten\u00ed":"2 minuty"},"schema":{"@context":"https:\/\/schema.org","@graph":[{"@type":"WebPage","@id":"https:\/\/shark-wheel.eu\/about-us\/","url":"https:\/\/shark-wheel.eu\/about-us\/","name":"About Us - Shark Wheel","isPartOf":{"@id":"https:\/\/shark-wheel.eu\/#website"},"primaryImageOfPage":{"@id":"https:\/\/shark-wheel.eu\/about-us\/#primaryimage"},"image":{"@id":"https:\/\/shark-wheel.eu\/about-us\/#primaryimage"},"thumbnailUrl":"https:\/\/shark-wheel.eu\/wp-content\/uploads\/2025\/01\/banner-about-us2-EDITED.jpg","datePublished":"2025-01-25T07:18:13+00:00","dateModified":"2025-01-28T09:12:54+00:00","description":"Check out the special Shark Wheel for farming. Our farming wheel is equipped with mechanical irrigation systems for greater effectiveness.","inLanguage":"cs","potentialAction":[{"@type":"ReadAction","target":["https:\/\/shark-wheel.eu\/about-us\/"]}]},{"@type":"ImageObject","inLanguage":"cs","@id":"https:\/\/shark-wheel.eu\/about-us\/#primaryimage","url":"https:\/\/shark-wheel.eu\/wp-content\/uploads\/2025\/01\/banner-about-us2-EDITED.jpg","contentUrl":"https:\/\/shark-wheel.eu\/wp-content\/uploads\/2025\/01\/banner-about-us2-EDITED.jpg"},{"@type":"WebSite","@id":"https:\/\/shark-wheel.eu\/#website","url":"https:\/\/shark-wheel.eu\/","name":"","description":"","publisher":{"@id":"https:\/\/shark-wheel.eu\/#organization"},"potentialAction":[{"@type":"SearchAction","target":{"@type":"EntryPoint","urlTemplate":"https:\/\/shark-wheel.eu\/?s={search_term_string}"},"query-input":{"@type":"PropertyValueSpecification","valueRequired":true,"valueName":"search_term_string"}}],"inLanguage":"cs"},{"@type":"Organization","@id":"https:\/\/shark-wheel.eu\/#organization","name":"Shark Wheel","url":"https:\/\/shark-wheel.eu\/","logo":{"@type":"ImageObject","inLanguage":"cs","@id":"https:\/\/shark-wheel.eu\/#\/schema\/logo\/image\/","url":"https:\/\/shark-wheel.eu\/wp-content\/uploads\/2022\/01\/shark-wheel-logo-400px.png","contentUrl":"https:\/\/shark-wheel.eu\/wp-content\/uploads\/2022\/01\/shark-wheel-logo-400px.png","width":475,"height":115,"caption":"Shark Wheel"},"image":{"@id":"https:\/\/shark-wheel.eu\/#\/schema\/logo\/image\/"}}]}},"jetpack_sharing_enabled":true,"_links":{"self":[{"href":"https:\/\/shark-wheel.eu\/cz\/wp-json\/wp\/v2\/pages\/9993","targetHints":{"allow":["GET"]}}],"collection":[{"href":"https:\/\/shark-wheel.eu\/cz\/wp-json\/wp\/v2\/pages"}],"about":[{"href":"https:\/\/shark-wheel.eu\/cz\/wp-json\/wp\/v2\/types\/page"}],"author":[{"embeddable":true,"href":"https:\/\/shark-wheel.eu\/cz\/wp-json\/wp\/v2\/users\/1"}],"replies":[{"embeddable":true,"href":"https:\/\/shark-wheel.eu\/cz\/wp-json\/wp\/v2\/comments?post=9993"}],"version-history":[{"count":55,"href":"https:\/\/shark-wheel.eu\/cz\/wp-json\/wp\/v2\/pages\/9993\/revisions"}],"predecessor-version":[{"id":10199,"href":"https:\/\/shark-wheel.eu\/cz\/wp-json\/wp\/v2\/pages\/9993\/revisions\/10199"}],"wp:attachment":[{"href":"https:\/\/shark-wheel.eu\/cz\/wp-json\/wp\/v2\/media?parent=9993"}],"curies":[{"name":"wp","href":"https:\/\/api.w.org\/{rel}","templated":true}]}}