{"id":8035,"date":"2022-02-04T11:29:32","date_gmt":"2022-02-04T11:29:32","guid":{"rendered":"http:\/\/shark-wheel.eu\/?post_type=product&#038;p=8035"},"modified":"2023-04-02T22:05:05","modified_gmt":"2023-04-02T22:05:05","slug":"deal-for-your-friend-60-mm-california-roll-shark-wheels","status":"publish","type":"product","link":"https:\/\/shark-wheel.eu\/cz\/produkt\/deal-for-your-friend-60-mm-california-roll-shark-wheels\/","title":{"rendered":"DEAL FOR YOUR FRIEND- 60 mm California ROLL SHARK WHEELS"},"content":{"rendered":"<ul>\n<li class=\"en_lang\"><strong>Excellent for cruising or carving; the California Rolls fit on smaller decks such Pennys and Cruisers.<\/strong><\/li>\n<li class=\"en_lang\"><strong>Great for cruising and for smaller or mini-longboards<\/strong><\/li>\n<li class=\"en_lang\"><strong>60mm \u2013 78a \u2013 Skateboard Wheels<\/strong><\/li>\n<li><b>THIS PRODUCT CONTAINS 2\u00a0 SETS OF 60 MM WHEELS (8 WHEELS)<\/b><\/li>\n<\/ul>","protected":false},"excerpt":{"rendered":"<ul>\n<li>50% off on you second set of wheels<\/li>\n<li>Get yourself a set of wheels and we are giving you a 50% off Discount on your second set, for your friend<\/li>\n<li>We want you to ride it, we want you to feel it, we want to support it and we want you to share it\u00a0<img decoding=\"async\" class=\"emoji\" role=\"img\" draggable=\"false\" src=\"https:\/\/s.w.org\/images\/core\/emoji\/13.1.0\/svg\/1f642.svg\" alt=\"\ud83d\ude42\" \/><\/li>\n<li>50% off on you second set of wheels<\/li>\n<li>Leave us a comment in the checkout section on the 2 colors you would like to have a good deal for\u00a0<img decoding=\"async\" class=\"emoji lazy loaded\" role=\"img\" draggable=\"false\" src=\"https:\/\/s.w.org\/images\/core\/emoji\/13.1.0\/svg\/1f642.svg\" alt=\"\ud83d\ude42\" data-src=\"https:\/\/s.w.org\/images\/core\/emoji\/13.1.0\/svg\/1f642.svg\" data-was-processed=\"true\" \/><\/li>\n<\/ul>","protected":false},"featured_media":8032,"comment_status":"open","ping_status":"closed","template":"","meta":{"_monsterinsights_skip_tracking":false,"_monsterinsights_sitenote_active":false,"_monsterinsights_sitenote_note":"","_monsterinsights_sitenote_category":0,"_uf_show_specific_survey":0,"_uf_disable_surveys":false},"product_brand":[],"product_cat":[78,43,38,20],"product_tag":[],"class_list":{"0":"post-8035","1":"product","2":"type-product","3":"status-publish","4":"has-post-thumbnail","6":"product_cat-60mm-wheels","7":"product_cat-deals","8":"product_cat-skateboard-wheels","9":"product_cat-wheels-2","11":"first","12":"instock","13":"sale","14":"shipping-taxable","15":"purchasable","16":"product-type-simple"},"yoast_head":"<!-- This site is optimized with the Yoast SEO plugin v27.3 - https:\/\/yoast.com\/product\/yoast-seo-wordpress\/ -->\n<title>DEAL FOR YOUR FRIEND- 60 mm California ROLL SHARK WHEELS -<\/title>\n<meta name=\"robots\" content=\"index, follow, max-snippet:-1, max-image-preview:large, max-video-preview:-1\" \/>\n<link rel=\"canonical\" href=\"https:\/\/shark-wheel.eu\/cz\/produkt\/deal-for-your-friend-60-mm-california-roll-shark-wheels\/\" \/>\n<meta property=\"og:locale\" content=\"cs_CZ\" \/>\n<meta property=\"og:type\" content=\"article\" \/>\n<meta property=\"og:title\" content=\"DEAL FOR YOUR FRIEND- 60 mm California ROLL SHARK WHEELS -\" \/>\n<meta property=\"og:description\" content=\"50% off on you second set of wheels  Get yourself a set of wheels and we are giving you a 50% off Discount on your second set, for your friend  We want you to ride it, we want you to feel it, we want to support it and we want you to share it\u00a0  50% off on you second set of wheels  Leave us a comment in the checkout section on the 2 colors you would like to have a good deal for\u00a0\" \/>\n<meta property=\"og:url\" content=\"https:\/\/shark-wheel.eu\/cz\/produkt\/deal-for-your-friend-60-mm-california-roll-shark-wheels\/\" \/>\n<meta property=\"article:modified_time\" content=\"2023-04-02T22:05:05+00:00\" \/>\n<meta property=\"og:image\" content=\"http:\/\/shark-wheel.eu\/wp-content\/uploads\/2022\/02\/20220126-mm-sale.png\" \/>\n\t<meta property=\"og:image:width\" content=\"350\" \/>\n\t<meta property=\"og:image:height\" content=\"300\" \/>\n\t<meta property=\"og:image:type\" content=\"image\/png\" \/>\n<meta name=\"twitter:card\" content=\"summary_large_image\" \/>\n<meta name=\"twitter:label1\" content=\"Odhadovan\u00e1 doba \u010dten\u00ed\" \/>\n\t<meta name=\"twitter:data1\" content=\"1 minuta\" \/>\n<script type=\"application\/ld+json\" class=\"yoast-schema-graph\">{\"@context\":\"https:\\\/\\\/schema.org\",\"@graph\":[{\"@type\":\"WebPage\",\"@id\":\"https:\\\/\\\/shark-wheel.eu\\\/product\\\/deal-for-your-friend-60-mm-california-roll-shark-wheels\\\/\",\"url\":\"https:\\\/\\\/shark-wheel.eu\\\/product\\\/deal-for-your-friend-60-mm-california-roll-shark-wheels\\\/\",\"name\":\"DEAL FOR YOUR FRIEND- 60 mm California ROLL SHARK WHEELS -\",\"isPartOf\":{\"@id\":\"https:\\\/\\\/shark-wheel.eu\\\/#website\"},\"primaryImageOfPage\":{\"@id\":\"https:\\\/\\\/shark-wheel.eu\\\/product\\\/deal-for-your-friend-60-mm-california-roll-shark-wheels\\\/#primaryimage\"},\"image\":{\"@id\":\"https:\\\/\\\/shark-wheel.eu\\\/product\\\/deal-for-your-friend-60-mm-california-roll-shark-wheels\\\/#primaryimage\"},\"thumbnailUrl\":\"https:\\\/\\\/shark-wheel.eu\\\/wp-content\\\/uploads\\\/2022\\\/02\\\/20220126-mm-sale.png\",\"datePublished\":\"2022-02-04T11:29:32+00:00\",\"dateModified\":\"2023-04-02T22:05:05+00:00\",\"breadcrumb\":{\"@id\":\"https:\\\/\\\/shark-wheel.eu\\\/product\\\/deal-for-your-friend-60-mm-california-roll-shark-wheels\\\/#breadcrumb\"},\"inLanguage\":\"cs\",\"potentialAction\":[{\"@type\":\"ReadAction\",\"target\":[\"https:\\\/\\\/shark-wheel.eu\\\/product\\\/deal-for-your-friend-60-mm-california-roll-shark-wheels\\\/\"]}]},{\"@type\":\"ImageObject\",\"inLanguage\":\"cs\",\"@id\":\"https:\\\/\\\/shark-wheel.eu\\\/product\\\/deal-for-your-friend-60-mm-california-roll-shark-wheels\\\/#primaryimage\",\"url\":\"https:\\\/\\\/shark-wheel.eu\\\/wp-content\\\/uploads\\\/2022\\\/02\\\/20220126-mm-sale.png\",\"contentUrl\":\"https:\\\/\\\/shark-wheel.eu\\\/wp-content\\\/uploads\\\/2022\\\/02\\\/20220126-mm-sale.png\",\"width\":350,\"height\":300,\"caption\":\"72mm dna shark wheels\"},{\"@type\":\"BreadcrumbList\",\"@id\":\"https:\\\/\\\/shark-wheel.eu\\\/product\\\/deal-for-your-friend-60-mm-california-roll-shark-wheels\\\/#breadcrumb\",\"itemListElement\":[{\"@type\":\"ListItem\",\"position\":1,\"name\":\"Shop\",\"item\":\"https:\\\/\\\/shark-wheel.eu\\\/shop\\\/\"},{\"@type\":\"ListItem\",\"position\":2,\"name\":\"Wheels\",\"item\":\"https:\\\/\\\/shark-wheel.eu\\\/product-category\\\/wheels-2\\\/\"},{\"@type\":\"ListItem\",\"position\":3,\"name\":\"DEAL FOR YOUR FRIEND- 60 mm California ROLL SHARK WHEELS\"}]},{\"@type\":\"WebSite\",\"@id\":\"https:\\\/\\\/shark-wheel.eu\\\/#website\",\"url\":\"https:\\\/\\\/shark-wheel.eu\\\/\",\"name\":\"\",\"description\":\"\",\"publisher\":{\"@id\":\"https:\\\/\\\/shark-wheel.eu\\\/#organization\"},\"potentialAction\":[{\"@type\":\"SearchAction\",\"target\":{\"@type\":\"EntryPoint\",\"urlTemplate\":\"https:\\\/\\\/shark-wheel.eu\\\/?s={search_term_string}\"},\"query-input\":{\"@type\":\"PropertyValueSpecification\",\"valueRequired\":true,\"valueName\":\"search_term_string\"}}],\"inLanguage\":\"cs\"},{\"@type\":\"Organization\",\"@id\":\"https:\\\/\\\/shark-wheel.eu\\\/#organization\",\"name\":\"Shark Wheel\",\"url\":\"https:\\\/\\\/shark-wheel.eu\\\/\",\"logo\":{\"@type\":\"ImageObject\",\"inLanguage\":\"cs\",\"@id\":\"https:\\\/\\\/shark-wheel.eu\\\/#\\\/schema\\\/logo\\\/image\\\/\",\"url\":\"https:\\\/\\\/shark-wheel.eu\\\/wp-content\\\/uploads\\\/2022\\\/01\\\/shark-wheel-logo-400px.png\",\"contentUrl\":\"https:\\\/\\\/shark-wheel.eu\\\/wp-content\\\/uploads\\\/2022\\\/01\\\/shark-wheel-logo-400px.png\",\"width\":475,\"height\":115,\"caption\":\"Shark Wheel\"},\"image\":{\"@id\":\"https:\\\/\\\/shark-wheel.eu\\\/#\\\/schema\\\/logo\\\/image\\\/\"}}]}<\/script>\n<!-- \/ Yoast SEO plugin. -->","yoast_head_json":{"title":"DEAL FOR YOUR FRIEND- 60 mm California ROLL SHARK WHEELS -","robots":{"index":"index","follow":"follow","max-snippet":"max-snippet:-1","max-image-preview":"max-image-preview:large","max-video-preview":"max-video-preview:-1"},"canonical":"https:\/\/shark-wheel.eu\/cz\/produkt\/deal-for-your-friend-60-mm-california-roll-shark-wheels\/","og_locale":"cs_CZ","og_type":"article","og_title":"DEAL FOR YOUR FRIEND- 60 mm California ROLL SHARK WHEELS -","og_description":"50% off on you second set of wheels  Get yourself a set of wheels and we are giving you a 50% off Discount on your second set, for your friend  We want you to ride it, we want you to feel it, we want to support it and we want you to share it\u00a0  50% off on you second set of wheels  Leave us a comment in the checkout section on the 2 colors you would like to have a good deal for\u00a0","og_url":"https:\/\/shark-wheel.eu\/cz\/produkt\/deal-for-your-friend-60-mm-california-roll-shark-wheels\/","article_modified_time":"2023-04-02T22:05:05+00:00","og_image":[{"width":350,"height":300,"url":"http:\/\/shark-wheel.eu\/wp-content\/uploads\/2022\/02\/20220126-mm-sale.png","type":"image\/png"}],"twitter_card":"summary_large_image","twitter_misc":{"Odhadovan\u00e1 doba \u010dten\u00ed":"1 minuta"},"schema":{"@context":"https:\/\/schema.org","@graph":[{"@type":"WebPage","@id":"https:\/\/shark-wheel.eu\/product\/deal-for-your-friend-60-mm-california-roll-shark-wheels\/","url":"https:\/\/shark-wheel.eu\/product\/deal-for-your-friend-60-mm-california-roll-shark-wheels\/","name":"DEAL FOR YOUR FRIEND- 60 mm California ROLL SHARK WHEELS -","isPartOf":{"@id":"https:\/\/shark-wheel.eu\/#website"},"primaryImageOfPage":{"@id":"https:\/\/shark-wheel.eu\/product\/deal-for-your-friend-60-mm-california-roll-shark-wheels\/#primaryimage"},"image":{"@id":"https:\/\/shark-wheel.eu\/product\/deal-for-your-friend-60-mm-california-roll-shark-wheels\/#primaryimage"},"thumbnailUrl":"https:\/\/shark-wheel.eu\/wp-content\/uploads\/2022\/02\/20220126-mm-sale.png","datePublished":"2022-02-04T11:29:32+00:00","dateModified":"2023-04-02T22:05:05+00:00","breadcrumb":{"@id":"https:\/\/shark-wheel.eu\/product\/deal-for-your-friend-60-mm-california-roll-shark-wheels\/#breadcrumb"},"inLanguage":"cs","potentialAction":[{"@type":"ReadAction","target":["https:\/\/shark-wheel.eu\/product\/deal-for-your-friend-60-mm-california-roll-shark-wheels\/"]}]},{"@type":"ImageObject","inLanguage":"cs","@id":"https:\/\/shark-wheel.eu\/product\/deal-for-your-friend-60-mm-california-roll-shark-wheels\/#primaryimage","url":"https:\/\/shark-wheel.eu\/wp-content\/uploads\/2022\/02\/20220126-mm-sale.png","contentUrl":"https:\/\/shark-wheel.eu\/wp-content\/uploads\/2022\/02\/20220126-mm-sale.png","width":350,"height":300,"caption":"72mm dna shark wheels"},{"@type":"BreadcrumbList","@id":"https:\/\/shark-wheel.eu\/product\/deal-for-your-friend-60-mm-california-roll-shark-wheels\/#breadcrumb","itemListElement":[{"@type":"ListItem","position":1,"name":"Shop","item":"https:\/\/shark-wheel.eu\/shop\/"},{"@type":"ListItem","position":2,"name":"Wheels","item":"https:\/\/shark-wheel.eu\/product-category\/wheels-2\/"},{"@type":"ListItem","position":3,"name":"DEAL FOR YOUR FRIEND- 60 mm California ROLL SHARK WHEELS"}]},{"@type":"WebSite","@id":"https:\/\/shark-wheel.eu\/#website","url":"https:\/\/shark-wheel.eu\/","name":"","description":"","publisher":{"@id":"https:\/\/shark-wheel.eu\/#organization"},"potentialAction":[{"@type":"SearchAction","target":{"@type":"EntryPoint","urlTemplate":"https:\/\/shark-wheel.eu\/?s={search_term_string}"},"query-input":{"@type":"PropertyValueSpecification","valueRequired":true,"valueName":"search_term_string"}}],"inLanguage":"cs"},{"@type":"Organization","@id":"https:\/\/shark-wheel.eu\/#organization","name":"Shark Wheel","url":"https:\/\/shark-wheel.eu\/","logo":{"@type":"ImageObject","inLanguage":"cs","@id":"https:\/\/shark-wheel.eu\/#\/schema\/logo\/image\/","url":"https:\/\/shark-wheel.eu\/wp-content\/uploads\/2022\/01\/shark-wheel-logo-400px.png","contentUrl":"https:\/\/shark-wheel.eu\/wp-content\/uploads\/2022\/01\/shark-wheel-logo-400px.png","width":475,"height":115,"caption":"Shark Wheel"},"image":{"@id":"https:\/\/shark-wheel.eu\/#\/schema\/logo\/image\/"}}]}},"jetpack_sharing_enabled":true,"_links":{"self":[{"href":"https:\/\/shark-wheel.eu\/cz\/wp-json\/wp\/v2\/product\/8035","targetHints":{"allow":["GET"]}}],"collection":[{"href":"https:\/\/shark-wheel.eu\/cz\/wp-json\/wp\/v2\/product"}],"about":[{"href":"https:\/\/shark-wheel.eu\/cz\/wp-json\/wp\/v2\/types\/product"}],"replies":[{"embeddable":true,"href":"https:\/\/shark-wheel.eu\/cz\/wp-json\/wp\/v2\/comments?post=8035"}],"wp:featuredmedia":[{"embeddable":true,"href":"https:\/\/shark-wheel.eu\/cz\/wp-json\/wp\/v2\/media\/8032"}],"wp:attachment":[{"href":"https:\/\/shark-wheel.eu\/cz\/wp-json\/wp\/v2\/media?parent=8035"}],"wp:term":[{"taxonomy":"product_brand","embeddable":true,"href":"https:\/\/shark-wheel.eu\/cz\/wp-json\/wp\/v2\/product_brand?post=8035"},{"taxonomy":"product_cat","embeddable":true,"href":"https:\/\/shark-wheel.eu\/cz\/wp-json\/wp\/v2\/product_cat?post=8035"},{"taxonomy":"product_tag","embeddable":true,"href":"https:\/\/shark-wheel.eu\/cz\/wp-json\/wp\/v2\/product_tag?post=8035"}],"curies":[{"name":"wp","href":"https:\/\/api.w.org\/{rel}","templated":true}]}}