{"id":7161,"date":"2019-06-28T00:00:00","date_gmt":"2019-06-28T00:00:00","guid":{"rendered":"http:\/\/shark-wheel.eu\/product\/shiver-abec-9-bearings\/"},"modified":"2026-02-13T09:29:31","modified_gmt":"2026-02-13T09:29:31","slug":"shiver-abec-9-bearings","status":"publish","type":"product","link":"https:\/\/shark-wheel.eu\/en\/product\/shiver-abec-9-bearings\/","title":{"rendered":"Bearings ABEC9 -INBUILT SPACERS"},"content":{"rendered":"<p><span class=\"en_lang\">Shiver Abec 9 Bearings | These standard size bearings are anything but standard. Shiver has acquired the exclusive rights in the skateboarding industry to use Pro One\u2019s lubricant that is used by NASA. Forget the Abec ratings, they actually mean almost nothing. The lubricant is the difference maker. Shiver\u2019s bearings are manufactured to the highest standards and utilize Pro One\u2019s patented lubricant. The lubricant works with friction and heat &#8211; the more you ride, the better they spin!<\/span><br \/>\n<span class=\"de_lang\">Shiver Abec 9 Lager. Die Kugellager in Standardgr\u00f6\u00dfe sind alles andere als Standard. Shiver konnte die exklusiven Rechte f\u00fcr Pro Once Gleitmittel in der Skateboard-Industrie zu erhalten. Dieses Schmiermittel wird auch von der NASA verwendet. Ignoriere die Abec ratings, sie bedeuten fast nichts. Das Gleitmittel macht den Unterschied. Shivers Lager werden unter den h\u00f6chsten Standards hergestellt. Das Schmiermittel kann mit Hitze und Reibung umgehen &#8211; je mehr du f\u00e4hrst, desto besser drehen sie sich.<\/span><\/p>\n","protected":false},"excerpt":{"rendered":"<p>Shiver Abec 9 Bearings | These standard size bearings are anything but standard. Shiver has acquired the exclusive rights in the skateboarding industry to use Pro One\u2019s lubricant that is<\/p>\n","protected":false},"featured_media":7162,"comment_status":"open","ping_status":"closed","template":"","meta":{"_monsterinsights_skip_tracking":false,"_monsterinsights_sitenote_active":false,"_monsterinsights_sitenote_note":"","_monsterinsights_sitenote_category":0,"_uf_show_specific_survey":0,"_uf_disable_surveys":false},"product_brand":[],"product_cat":[23,20],"product_tag":[],"class_list":{"0":"post-7161","1":"product","2":"type-product","3":"status-publish","4":"has-post-thumbnail","6":"product_cat-bearings","7":"product_cat-wheels-2","9":"first","10":"outofstock","11":"shipping-taxable","12":"purchasable","13":"product-type-simple"},"yoast_head":"<!-- This site is optimized with the Yoast SEO plugin v27.3 - https:\/\/yoast.com\/product\/yoast-seo-wordpress\/ -->\n<title>Bearings ABEC9 -INBUILT SPACERS -<\/title>\n<meta name=\"robots\" content=\"index, follow, max-snippet:-1, max-image-preview:large, max-video-preview:-1\" \/>\n<link rel=\"canonical\" href=\"https:\/\/shark-wheel.eu\/en\/product\/shiver-abec-9-bearings\/\" \/>\n<meta property=\"og:locale\" content=\"en_US\" \/>\n<meta property=\"og:type\" content=\"article\" \/>\n<meta property=\"og:title\" content=\"Bearings ABEC9 -INBUILT SPACERS -\" \/>\n<meta property=\"og:description\" content=\"Shiver Abec 9 Bearings | These standard size bearings are anything but standard. Shiver has acquired the exclusive rights in the skateboarding industry to use Pro One\u2019s lubricant that is\" \/>\n<meta property=\"og:url\" content=\"https:\/\/shark-wheel.eu\/en\/product\/shiver-abec-9-bearings\/\" \/>\n<meta property=\"article:modified_time\" content=\"2026-02-13T09:29:31+00:00\" \/>\n<meta property=\"og:image\" content=\"https:\/\/shark-wheel.eu\/wp-content\/uploads\/2021\/07\/Abec9__45620.1503779427-1.jpg\" \/>\n\t<meta property=\"og:image:width\" content=\"500\" \/>\n\t<meta property=\"og:image:height\" content=\"281\" \/>\n\t<meta property=\"og:image:type\" content=\"image\/jpeg\" \/>\n<meta name=\"twitter:card\" content=\"summary_large_image\" \/>\n<meta name=\"twitter:label1\" content=\"Est. reading time\" \/>\n\t<meta name=\"twitter:data1\" content=\"1 minute\" \/>\n<script type=\"application\/ld+json\" class=\"yoast-schema-graph\">{\"@context\":\"https:\\\/\\\/schema.org\",\"@graph\":[{\"@type\":\"WebPage\",\"@id\":\"https:\\\/\\\/shark-wheel.eu\\\/product\\\/shiver-abec-9-bearings\\\/\",\"url\":\"https:\\\/\\\/shark-wheel.eu\\\/product\\\/shiver-abec-9-bearings\\\/\",\"name\":\"Bearings ABEC9 -INBUILT SPACERS -\",\"isPartOf\":{\"@id\":\"https:\\\/\\\/shark-wheel.eu\\\/#website\"},\"primaryImageOfPage\":{\"@id\":\"https:\\\/\\\/shark-wheel.eu\\\/product\\\/shiver-abec-9-bearings\\\/#primaryimage\"},\"image\":{\"@id\":\"https:\\\/\\\/shark-wheel.eu\\\/product\\\/shiver-abec-9-bearings\\\/#primaryimage\"},\"thumbnailUrl\":\"https:\\\/\\\/shark-wheel.eu\\\/wp-content\\\/uploads\\\/2021\\\/07\\\/Abec9__45620.1503779427-1.jpg\",\"datePublished\":\"2019-06-28T00:00:00+00:00\",\"dateModified\":\"2026-02-13T09:29:31+00:00\",\"breadcrumb\":{\"@id\":\"https:\\\/\\\/shark-wheel.eu\\\/product\\\/shiver-abec-9-bearings\\\/#breadcrumb\"},\"inLanguage\":\"en-US\",\"potentialAction\":[{\"@type\":\"ReadAction\",\"target\":[\"https:\\\/\\\/shark-wheel.eu\\\/product\\\/shiver-abec-9-bearings\\\/\"]}]},{\"@type\":\"ImageObject\",\"inLanguage\":\"en-US\",\"@id\":\"https:\\\/\\\/shark-wheel.eu\\\/product\\\/shiver-abec-9-bearings\\\/#primaryimage\",\"url\":\"https:\\\/\\\/shark-wheel.eu\\\/wp-content\\\/uploads\\\/2021\\\/07\\\/Abec9__45620.1503779427-1.jpg\",\"contentUrl\":\"https:\\\/\\\/shark-wheel.eu\\\/wp-content\\\/uploads\\\/2021\\\/07\\\/Abec9__45620.1503779427-1.jpg\",\"width\":500,\"height\":281},{\"@type\":\"BreadcrumbList\",\"@id\":\"https:\\\/\\\/shark-wheel.eu\\\/product\\\/shiver-abec-9-bearings\\\/#breadcrumb\",\"itemListElement\":[{\"@type\":\"ListItem\",\"position\":1,\"name\":\"Shop\",\"item\":\"https:\\\/\\\/shark-wheel.eu\\\/shop\\\/\"},{\"@type\":\"ListItem\",\"position\":2,\"name\":\"Components\",\"item\":\"https:\\\/\\\/shark-wheel.eu\\\/product-category\\\/components\\\/\"},{\"@type\":\"ListItem\",\"position\":3,\"name\":\"Bearings\",\"item\":\"https:\\\/\\\/shark-wheel.eu\\\/product-category\\\/components\\\/bearings\\\/\"},{\"@type\":\"ListItem\",\"position\":4,\"name\":\"Bearings ABEC9 -INBUILT SPACERS\"}]},{\"@type\":\"WebSite\",\"@id\":\"https:\\\/\\\/shark-wheel.eu\\\/#website\",\"url\":\"https:\\\/\\\/shark-wheel.eu\\\/\",\"name\":\"\",\"description\":\"\",\"publisher\":{\"@id\":\"https:\\\/\\\/shark-wheel.eu\\\/#organization\"},\"potentialAction\":[{\"@type\":\"SearchAction\",\"target\":{\"@type\":\"EntryPoint\",\"urlTemplate\":\"https:\\\/\\\/shark-wheel.eu\\\/?s={search_term_string}\"},\"query-input\":{\"@type\":\"PropertyValueSpecification\",\"valueRequired\":true,\"valueName\":\"search_term_string\"}}],\"inLanguage\":\"en-US\"},{\"@type\":\"Organization\",\"@id\":\"https:\\\/\\\/shark-wheel.eu\\\/#organization\",\"name\":\"Shark Wheel\",\"url\":\"https:\\\/\\\/shark-wheel.eu\\\/\",\"logo\":{\"@type\":\"ImageObject\",\"inLanguage\":\"en-US\",\"@id\":\"https:\\\/\\\/shark-wheel.eu\\\/#\\\/schema\\\/logo\\\/image\\\/\",\"url\":\"https:\\\/\\\/shark-wheel.eu\\\/wp-content\\\/uploads\\\/2022\\\/01\\\/shark-wheel-logo-400px.png\",\"contentUrl\":\"https:\\\/\\\/shark-wheel.eu\\\/wp-content\\\/uploads\\\/2022\\\/01\\\/shark-wheel-logo-400px.png\",\"width\":475,\"height\":115,\"caption\":\"Shark Wheel\"},\"image\":{\"@id\":\"https:\\\/\\\/shark-wheel.eu\\\/#\\\/schema\\\/logo\\\/image\\\/\"}}]}<\/script>\n<!-- \/ Yoast SEO plugin. -->","yoast_head_json":{"title":"Bearings ABEC9 -INBUILT SPACERS -","robots":{"index":"index","follow":"follow","max-snippet":"max-snippet:-1","max-image-preview":"max-image-preview:large","max-video-preview":"max-video-preview:-1"},"canonical":"https:\/\/shark-wheel.eu\/en\/product\/shiver-abec-9-bearings\/","og_locale":"en_US","og_type":"article","og_title":"Bearings ABEC9 -INBUILT SPACERS -","og_description":"Shiver Abec 9 Bearings | These standard size bearings are anything but standard. Shiver has acquired the exclusive rights in the skateboarding industry to use Pro One\u2019s lubricant that is","og_url":"https:\/\/shark-wheel.eu\/en\/product\/shiver-abec-9-bearings\/","article_modified_time":"2026-02-13T09:29:31+00:00","og_image":[{"width":500,"height":281,"url":"https:\/\/shark-wheel.eu\/wp-content\/uploads\/2021\/07\/Abec9__45620.1503779427-1.jpg","type":"image\/jpeg"}],"twitter_card":"summary_large_image","twitter_misc":{"Est. reading time":"1 minute"},"schema":{"@context":"https:\/\/schema.org","@graph":[{"@type":"WebPage","@id":"https:\/\/shark-wheel.eu\/product\/shiver-abec-9-bearings\/","url":"https:\/\/shark-wheel.eu\/product\/shiver-abec-9-bearings\/","name":"Bearings ABEC9 -INBUILT SPACERS -","isPartOf":{"@id":"https:\/\/shark-wheel.eu\/#website"},"primaryImageOfPage":{"@id":"https:\/\/shark-wheel.eu\/product\/shiver-abec-9-bearings\/#primaryimage"},"image":{"@id":"https:\/\/shark-wheel.eu\/product\/shiver-abec-9-bearings\/#primaryimage"},"thumbnailUrl":"https:\/\/shark-wheel.eu\/wp-content\/uploads\/2021\/07\/Abec9__45620.1503779427-1.jpg","datePublished":"2019-06-28T00:00:00+00:00","dateModified":"2026-02-13T09:29:31+00:00","breadcrumb":{"@id":"https:\/\/shark-wheel.eu\/product\/shiver-abec-9-bearings\/#breadcrumb"},"inLanguage":"en-US","potentialAction":[{"@type":"ReadAction","target":["https:\/\/shark-wheel.eu\/product\/shiver-abec-9-bearings\/"]}]},{"@type":"ImageObject","inLanguage":"en-US","@id":"https:\/\/shark-wheel.eu\/product\/shiver-abec-9-bearings\/#primaryimage","url":"https:\/\/shark-wheel.eu\/wp-content\/uploads\/2021\/07\/Abec9__45620.1503779427-1.jpg","contentUrl":"https:\/\/shark-wheel.eu\/wp-content\/uploads\/2021\/07\/Abec9__45620.1503779427-1.jpg","width":500,"height":281},{"@type":"BreadcrumbList","@id":"https:\/\/shark-wheel.eu\/product\/shiver-abec-9-bearings\/#breadcrumb","itemListElement":[{"@type":"ListItem","position":1,"name":"Shop","item":"https:\/\/shark-wheel.eu\/shop\/"},{"@type":"ListItem","position":2,"name":"Components","item":"https:\/\/shark-wheel.eu\/product-category\/components\/"},{"@type":"ListItem","position":3,"name":"Bearings","item":"https:\/\/shark-wheel.eu\/product-category\/components\/bearings\/"},{"@type":"ListItem","position":4,"name":"Bearings ABEC9 -INBUILT SPACERS"}]},{"@type":"WebSite","@id":"https:\/\/shark-wheel.eu\/#website","url":"https:\/\/shark-wheel.eu\/","name":"","description":"","publisher":{"@id":"https:\/\/shark-wheel.eu\/#organization"},"potentialAction":[{"@type":"SearchAction","target":{"@type":"EntryPoint","urlTemplate":"https:\/\/shark-wheel.eu\/?s={search_term_string}"},"query-input":{"@type":"PropertyValueSpecification","valueRequired":true,"valueName":"search_term_string"}}],"inLanguage":"en-US"},{"@type":"Organization","@id":"https:\/\/shark-wheel.eu\/#organization","name":"Shark Wheel","url":"https:\/\/shark-wheel.eu\/","logo":{"@type":"ImageObject","inLanguage":"en-US","@id":"https:\/\/shark-wheel.eu\/#\/schema\/logo\/image\/","url":"https:\/\/shark-wheel.eu\/wp-content\/uploads\/2022\/01\/shark-wheel-logo-400px.png","contentUrl":"https:\/\/shark-wheel.eu\/wp-content\/uploads\/2022\/01\/shark-wheel-logo-400px.png","width":475,"height":115,"caption":"Shark Wheel"},"image":{"@id":"https:\/\/shark-wheel.eu\/#\/schema\/logo\/image\/"}}]}},"jetpack_sharing_enabled":true,"_links":{"self":[{"href":"https:\/\/shark-wheel.eu\/en\/wp-json\/wp\/v2\/product\/7161","targetHints":{"allow":["GET"]}}],"collection":[{"href":"https:\/\/shark-wheel.eu\/en\/wp-json\/wp\/v2\/product"}],"about":[{"href":"https:\/\/shark-wheel.eu\/en\/wp-json\/wp\/v2\/types\/product"}],"replies":[{"embeddable":true,"href":"https:\/\/shark-wheel.eu\/en\/wp-json\/wp\/v2\/comments?post=7161"}],"wp:featuredmedia":[{"embeddable":true,"href":"https:\/\/shark-wheel.eu\/en\/wp-json\/wp\/v2\/media\/7162"}],"wp:attachment":[{"href":"https:\/\/shark-wheel.eu\/en\/wp-json\/wp\/v2\/media?parent=7161"}],"wp:term":[{"taxonomy":"product_brand","embeddable":true,"href":"https:\/\/shark-wheel.eu\/en\/wp-json\/wp\/v2\/product_brand?post=7161"},{"taxonomy":"product_cat","embeddable":true,"href":"https:\/\/shark-wheel.eu\/en\/wp-json\/wp\/v2\/product_cat?post=7161"},{"taxonomy":"product_tag","embeddable":true,"href":"https:\/\/shark-wheel.eu\/en\/wp-json\/wp\/v2\/product_tag?post=7161"}],"curies":[{"name":"wp","href":"https:\/\/api.w.org\/{rel}","templated":true}]}}