{"id":10112,"date":"2025-01-28T05:55:39","date_gmt":"2025-01-28T05:55:39","guid":{"rendered":"https:\/\/shark-wheel.eu\/?page_id=10112"},"modified":"2025-06-25T18:12:10","modified_gmt":"2025-06-25T18:12:10","slug":"contact-us","status":"publish","type":"page","link":"https:\/\/shark-wheel.eu\/hu\/contact-us\/","title":{"rendered":"Contact Us"},"content":{"rendered":"<div data-elementor-type=\"wp-page\" data-elementor-id=\"10112\" class=\"elementor elementor-10112\">\n\t\t\t\t\t\t<\/div>","protected":false},"excerpt":{"rendered":"<p>Send us a message Contact Info Feel free to contact\u00a0Shark Wheel Europe\u00a0via the details below. EMAIL: Lukas (at)shark-wheel.eu<\/p>","protected":false},"author":1,"featured_media":0,"parent":0,"menu_order":0,"comment_status":"closed","ping_status":"closed","template":"","meta":{"_monsterinsights_skip_tracking":false,"_monsterinsights_sitenote_active":false,"_monsterinsights_sitenote_note":"","_monsterinsights_sitenote_category":0,"_uf_show_specific_survey":0,"_uf_disable_surveys":false,"footnotes":""},"class_list":["post-10112","page","type-page","status-publish","hentry"],"yoast_head":"<!-- This site is optimized with the Yoast SEO plugin v27.3 - https:\/\/yoast.com\/product\/yoast-seo-wordpress\/ -->\n<title>Contact Us - Shark Wheel<\/title>\n<meta name=\"description\" content=\"Check out the special Shark Wheel for farming. Our farming wheel is equipped with mechanical irrigation systems for greater effectiveness.\" \/>\n<meta name=\"robots\" content=\"index, follow, max-snippet:-1, max-image-preview:large, max-video-preview:-1\" \/>\n<link rel=\"canonical\" href=\"https:\/\/shark-wheel.eu\/hu\/contact-us\/\" \/>\n<meta property=\"og:locale\" content=\"hu_HU\" \/>\n<meta property=\"og:type\" content=\"article\" \/>\n<meta property=\"og:title\" content=\"Contact Us - Shark Wheel\" \/>\n<meta property=\"og:description\" content=\"Check out the special Shark Wheel for farming. Our farming wheel is equipped with mechanical irrigation systems for greater effectiveness.\" \/>\n<meta property=\"og:url\" content=\"https:\/\/shark-wheel.eu\/hu\/contact-us\/\" \/>\n<meta property=\"article:modified_time\" content=\"2025-06-25T18:12:10+00:00\" \/>\n<meta property=\"og:image\" content=\"https:\/\/shark-wheel.eu\/wp-content\/uploads\/2025\/01\/MANAWAI-VERTICAL-3-EDITED.jpg\" \/>\n<meta name=\"twitter:card\" content=\"summary_large_image\" \/>\n<meta name=\"twitter:label1\" content=\"Becs\u00fclt olvas\u00e1si id\u0151\" \/>\n\t<meta name=\"twitter:data1\" content=\"2 perc\" \/>\n<script type=\"application\/ld+json\" class=\"yoast-schema-graph\">{\"@context\":\"https:\\\/\\\/schema.org\",\"@graph\":[{\"@type\":\"WebPage\",\"@id\":\"https:\\\/\\\/shark-wheel.eu\\\/contact-us\\\/\",\"url\":\"https:\\\/\\\/shark-wheel.eu\\\/contact-us\\\/\",\"name\":\"Contact Us - Shark Wheel\",\"isPartOf\":{\"@id\":\"https:\\\/\\\/shark-wheel.eu\\\/#website\"},\"primaryImageOfPage\":{\"@id\":\"https:\\\/\\\/shark-wheel.eu\\\/contact-us\\\/#primaryimage\"},\"image\":{\"@id\":\"https:\\\/\\\/shark-wheel.eu\\\/contact-us\\\/#primaryimage\"},\"thumbnailUrl\":\"https:\\\/\\\/shark-wheel.eu\\\/wp-content\\\/uploads\\\/2025\\\/01\\\/MANAWAI-VERTICAL-3-EDITED.jpg\",\"datePublished\":\"2025-01-28T05:55:39+00:00\",\"dateModified\":\"2025-06-25T18:12:10+00:00\",\"description\":\"Check out the special Shark Wheel for farming. Our farming wheel is equipped with mechanical irrigation systems for greater effectiveness.\",\"inLanguage\":\"hu\",\"potentialAction\":[{\"@type\":\"ReadAction\",\"target\":[\"https:\\\/\\\/shark-wheel.eu\\\/contact-us\\\/\"]}]},{\"@type\":\"ImageObject\",\"inLanguage\":\"hu\",\"@id\":\"https:\\\/\\\/shark-wheel.eu\\\/contact-us\\\/#primaryimage\",\"url\":\"https:\\\/\\\/shark-wheel.eu\\\/wp-content\\\/uploads\\\/2025\\\/01\\\/MANAWAI-VERTICAL-3-EDITED.jpg\",\"contentUrl\":\"https:\\\/\\\/shark-wheel.eu\\\/wp-content\\\/uploads\\\/2025\\\/01\\\/MANAWAI-VERTICAL-3-EDITED.jpg\"},{\"@type\":\"WebSite\",\"@id\":\"https:\\\/\\\/shark-wheel.eu\\\/#website\",\"url\":\"https:\\\/\\\/shark-wheel.eu\\\/\",\"name\":\"\",\"description\":\"\",\"publisher\":{\"@id\":\"https:\\\/\\\/shark-wheel.eu\\\/#organization\"},\"potentialAction\":[{\"@type\":\"SearchAction\",\"target\":{\"@type\":\"EntryPoint\",\"urlTemplate\":\"https:\\\/\\\/shark-wheel.eu\\\/?s={search_term_string}\"},\"query-input\":{\"@type\":\"PropertyValueSpecification\",\"valueRequired\":true,\"valueName\":\"search_term_string\"}}],\"inLanguage\":\"hu\"},{\"@type\":\"Organization\",\"@id\":\"https:\\\/\\\/shark-wheel.eu\\\/#organization\",\"name\":\"Shark Wheel\",\"url\":\"https:\\\/\\\/shark-wheel.eu\\\/\",\"logo\":{\"@type\":\"ImageObject\",\"inLanguage\":\"hu\",\"@id\":\"https:\\\/\\\/shark-wheel.eu\\\/#\\\/schema\\\/logo\\\/image\\\/\",\"url\":\"https:\\\/\\\/shark-wheel.eu\\\/wp-content\\\/uploads\\\/2022\\\/01\\\/shark-wheel-logo-400px.png\",\"contentUrl\":\"https:\\\/\\\/shark-wheel.eu\\\/wp-content\\\/uploads\\\/2022\\\/01\\\/shark-wheel-logo-400px.png\",\"width\":475,\"height\":115,\"caption\":\"Shark Wheel\"},\"image\":{\"@id\":\"https:\\\/\\\/shark-wheel.eu\\\/#\\\/schema\\\/logo\\\/image\\\/\"}}]}<\/script>\n<!-- \/ Yoast SEO plugin. -->","yoast_head_json":{"title":"Contact Us - Shark Wheel","description":"Check out the special Shark Wheel for farming. Our farming wheel is equipped with mechanical irrigation systems for greater effectiveness.","robots":{"index":"index","follow":"follow","max-snippet":"max-snippet:-1","max-image-preview":"max-image-preview:large","max-video-preview":"max-video-preview:-1"},"canonical":"https:\/\/shark-wheel.eu\/hu\/contact-us\/","og_locale":"hu_HU","og_type":"article","og_title":"Contact Us - Shark Wheel","og_description":"Check out the special Shark Wheel for farming. Our farming wheel is equipped with mechanical irrigation systems for greater effectiveness.","og_url":"https:\/\/shark-wheel.eu\/hu\/contact-us\/","article_modified_time":"2025-06-25T18:12:10+00:00","og_image":[{"url":"https:\/\/shark-wheel.eu\/wp-content\/uploads\/2025\/01\/MANAWAI-VERTICAL-3-EDITED.jpg","type":"","width":"","height":""}],"twitter_card":"summary_large_image","twitter_misc":{"Becs\u00fclt olvas\u00e1si id\u0151":"2 perc"},"schema":{"@context":"https:\/\/schema.org","@graph":[{"@type":"WebPage","@id":"https:\/\/shark-wheel.eu\/contact-us\/","url":"https:\/\/shark-wheel.eu\/contact-us\/","name":"Contact Us - Shark Wheel","isPartOf":{"@id":"https:\/\/shark-wheel.eu\/#website"},"primaryImageOfPage":{"@id":"https:\/\/shark-wheel.eu\/contact-us\/#primaryimage"},"image":{"@id":"https:\/\/shark-wheel.eu\/contact-us\/#primaryimage"},"thumbnailUrl":"https:\/\/shark-wheel.eu\/wp-content\/uploads\/2025\/01\/MANAWAI-VERTICAL-3-EDITED.jpg","datePublished":"2025-01-28T05:55:39+00:00","dateModified":"2025-06-25T18:12:10+00:00","description":"Check out the special Shark Wheel for farming. Our farming wheel is equipped with mechanical irrigation systems for greater effectiveness.","inLanguage":"hu","potentialAction":[{"@type":"ReadAction","target":["https:\/\/shark-wheel.eu\/contact-us\/"]}]},{"@type":"ImageObject","inLanguage":"hu","@id":"https:\/\/shark-wheel.eu\/contact-us\/#primaryimage","url":"https:\/\/shark-wheel.eu\/wp-content\/uploads\/2025\/01\/MANAWAI-VERTICAL-3-EDITED.jpg","contentUrl":"https:\/\/shark-wheel.eu\/wp-content\/uploads\/2025\/01\/MANAWAI-VERTICAL-3-EDITED.jpg"},{"@type":"WebSite","@id":"https:\/\/shark-wheel.eu\/#website","url":"https:\/\/shark-wheel.eu\/","name":"","description":"","publisher":{"@id":"https:\/\/shark-wheel.eu\/#organization"},"potentialAction":[{"@type":"SearchAction","target":{"@type":"EntryPoint","urlTemplate":"https:\/\/shark-wheel.eu\/?s={search_term_string}"},"query-input":{"@type":"PropertyValueSpecification","valueRequired":true,"valueName":"search_term_string"}}],"inLanguage":"hu"},{"@type":"Organization","@id":"https:\/\/shark-wheel.eu\/#organization","name":"Shark Wheel","url":"https:\/\/shark-wheel.eu\/","logo":{"@type":"ImageObject","inLanguage":"hu","@id":"https:\/\/shark-wheel.eu\/#\/schema\/logo\/image\/","url":"https:\/\/shark-wheel.eu\/wp-content\/uploads\/2022\/01\/shark-wheel-logo-400px.png","contentUrl":"https:\/\/shark-wheel.eu\/wp-content\/uploads\/2022\/01\/shark-wheel-logo-400px.png","width":475,"height":115,"caption":"Shark Wheel"},"image":{"@id":"https:\/\/shark-wheel.eu\/#\/schema\/logo\/image\/"}}]}},"jetpack_sharing_enabled":true,"_links":{"self":[{"href":"https:\/\/shark-wheel.eu\/hu\/wp-json\/wp\/v2\/pages\/10112","targetHints":{"allow":["GET"]}}],"collection":[{"href":"https:\/\/shark-wheel.eu\/hu\/wp-json\/wp\/v2\/pages"}],"about":[{"href":"https:\/\/shark-wheel.eu\/hu\/wp-json\/wp\/v2\/types\/page"}],"author":[{"embeddable":true,"href":"https:\/\/shark-wheel.eu\/hu\/wp-json\/wp\/v2\/users\/1"}],"replies":[{"embeddable":true,"href":"https:\/\/shark-wheel.eu\/hu\/wp-json\/wp\/v2\/comments?post=10112"}],"version-history":[{"count":13,"href":"https:\/\/shark-wheel.eu\/hu\/wp-json\/wp\/v2\/pages\/10112\/revisions"}],"predecessor-version":[{"id":10464,"href":"https:\/\/shark-wheel.eu\/hu\/wp-json\/wp\/v2\/pages\/10112\/revisions\/10464"}],"wp:attachment":[{"href":"https:\/\/shark-wheel.eu\/hu\/wp-json\/wp\/v2\/media?parent=10112"}],"curies":[{"name":"wp","href":"https:\/\/api.w.org\/{rel}","templated":true}]}}