{"id":10122,"date":"2025-01-28T06:10:56","date_gmt":"2025-01-28T06:10:56","guid":{"rendered":"https:\/\/shark-wheel.eu\/?page_id=10122"},"modified":"2025-08-13T12:08:06","modified_gmt":"2025-08-13T12:08:06","slug":"return-policy","status":"publish","type":"page","link":"https:\/\/shark-wheel.eu\/hu\/return-policy\/","title":{"rendered":"Return Policy"},"content":{"rendered":"<figure><img decoding=\"async\" src=\"https:\/\/shark-wheel.eu\/wp-content\/uploads\/2025\/01\/1666779365906-1536x1152-EDITED.jpg\" alt=\"1666779365906-1536x1152 EDITED\" \/><\/figure>\n<h2>RETURNS \u2013 WE HAVE A 25 DAYS MONEY BACK GUARANTEE!<br \/>\n<\/h2>\n<p>If you are unhappy with your product please return it within 25 days of the order to:<\/p>\n<p><strong>Shark Wheel Returns<\/strong><\/p>\n<p>Lanisce 42A<\/p>\n<p>Skofljica 1291<\/p>\n<p>EU, Slovenia<\/p>\n<p><strong>*Exclusions apply on Electric Skateboards (POWER and THIN). All electric boards are protected by the warranties detailed in the User Manual that can be read below. Refunds cannot apply on the preordered products on our website unless stated otherwise<\/strong><\/p>\n<p>\u00a0<\/p>\n<h3>USER MANUAL<\/h3>\n<p>Please click the link below and read page 32 :\u00a0<a href=\"https:\/\/pdfhost.io\/v\/APu~Ii7kR_FINAL_Shark_Electric_User_Manualpdf.pdf\"><strong>Click Here<\/strong><\/a><\/p>\n<h3>\u00a0<\/h3>\n<h3>REFUNDS<\/h3>\n<p>Once we receive your item, we will inspect it and notify you that we have received your returned item.<br \/>If your return is 100% unopened\/new and we can approve your return, we will initiate a refund to your credit card (or original method of payment).You will receive the credit within a certain amount of days, depending on your card issuer\u2019s policies.<\/p>\n<h3>\u00a0<\/h3>\n<h3>SHIPPING<\/h3>\n<p>You will be responsible for paying for your own shipping costs for returning your item. Shipping costs are nonrefundable<\/p>\n<h3>\u00a0<\/h3>\n<h3>CONTACT US<\/h3>\n<p>If you have any questions on how to return your item to us, contact us at\u00a0<strong><a href=\"mailto:info@shark-wheel.eu\">info@shark-wheel.eu<\/a><\/strong><\/p>","protected":false},"excerpt":{"rendered":"<p>RETURNS \u2013 WE HAVE A 25 DAYS MONEY BACK GUARANTEE! If you are unhappy with your product please return it within 25 days of the order to: Shark Wheel Returns<\/p>","protected":false},"author":1,"featured_media":0,"parent":0,"menu_order":0,"comment_status":"closed","ping_status":"closed","template":"","meta":{"_monsterinsights_skip_tracking":false,"_monsterinsights_sitenote_active":false,"_monsterinsights_sitenote_note":"","_monsterinsights_sitenote_category":0,"_uf_show_specific_survey":0,"_uf_disable_surveys":false,"footnotes":""},"class_list":["post-10122","page","type-page","status-publish","hentry"],"yoast_head":"<!-- This site is optimized with the Yoast SEO plugin v27.3 - https:\/\/yoast.com\/product\/yoast-seo-wordpress\/ -->\n<title>Return Policy - Shark Wheel<\/title>\n<meta name=\"description\" content=\"Check out the special Shark Wheel for farming. Our farming wheel is equipped with mechanical irrigation systems for greater effectiveness.\" \/>\n<meta name=\"robots\" content=\"index, follow, max-snippet:-1, max-image-preview:large, max-video-preview:-1\" \/>\n<link rel=\"canonical\" href=\"https:\/\/shark-wheel.eu\/hu\/return-policy\/\" \/>\n<meta property=\"og:locale\" content=\"hu_HU\" \/>\n<meta property=\"og:type\" content=\"article\" \/>\n<meta property=\"og:title\" content=\"Return Policy - Shark Wheel\" \/>\n<meta property=\"og:description\" content=\"Check out the special Shark Wheel for farming. Our farming wheel is equipped with mechanical irrigation systems for greater effectiveness.\" \/>\n<meta property=\"og:url\" content=\"https:\/\/shark-wheel.eu\/hu\/return-policy\/\" \/>\n<meta property=\"article:modified_time\" content=\"2025-08-13T12:08:06+00:00\" \/>\n<meta property=\"og:image\" content=\"https:\/\/shark-wheel.eu\/wp-content\/uploads\/2025\/01\/1666779365906-1536x1152-EDITED.jpg\" \/>\n<meta name=\"twitter:card\" content=\"summary_large_image\" \/>\n<meta name=\"twitter:label1\" content=\"Becs\u00fclt olvas\u00e1si id\u0151\" \/>\n\t<meta name=\"twitter:data1\" content=\"2 perc\" \/>\n<script type=\"application\/ld+json\" class=\"yoast-schema-graph\">{\"@context\":\"https:\\\/\\\/schema.org\",\"@graph\":[{\"@type\":\"WebPage\",\"@id\":\"https:\\\/\\\/shark-wheel.eu\\\/return-policy\\\/\",\"url\":\"https:\\\/\\\/shark-wheel.eu\\\/return-policy\\\/\",\"name\":\"Return Policy - Shark Wheel\",\"isPartOf\":{\"@id\":\"https:\\\/\\\/shark-wheel.eu\\\/#website\"},\"primaryImageOfPage\":{\"@id\":\"https:\\\/\\\/shark-wheel.eu\\\/return-policy\\\/#primaryimage\"},\"image\":{\"@id\":\"https:\\\/\\\/shark-wheel.eu\\\/return-policy\\\/#primaryimage\"},\"thumbnailUrl\":\"https:\\\/\\\/shark-wheel.eu\\\/wp-content\\\/uploads\\\/2025\\\/01\\\/1666779365906-1536x1152-EDITED.jpg\",\"datePublished\":\"2025-01-28T06:10:56+00:00\",\"dateModified\":\"2025-08-13T12:08:06+00:00\",\"description\":\"Check out the special Shark Wheel for farming. Our farming wheel is equipped with mechanical irrigation systems for greater effectiveness.\",\"inLanguage\":\"hu\",\"potentialAction\":[{\"@type\":\"ReadAction\",\"target\":[\"https:\\\/\\\/shark-wheel.eu\\\/return-policy\\\/\"]}]},{\"@type\":\"ImageObject\",\"inLanguage\":\"hu\",\"@id\":\"https:\\\/\\\/shark-wheel.eu\\\/return-policy\\\/#primaryimage\",\"url\":\"https:\\\/\\\/shark-wheel.eu\\\/wp-content\\\/uploads\\\/2025\\\/01\\\/1666779365906-1536x1152-EDITED.jpg\",\"contentUrl\":\"https:\\\/\\\/shark-wheel.eu\\\/wp-content\\\/uploads\\\/2025\\\/01\\\/1666779365906-1536x1152-EDITED.jpg\"},{\"@type\":\"WebSite\",\"@id\":\"https:\\\/\\\/shark-wheel.eu\\\/#website\",\"url\":\"https:\\\/\\\/shark-wheel.eu\\\/\",\"name\":\"\",\"description\":\"\",\"publisher\":{\"@id\":\"https:\\\/\\\/shark-wheel.eu\\\/#organization\"},\"potentialAction\":[{\"@type\":\"SearchAction\",\"target\":{\"@type\":\"EntryPoint\",\"urlTemplate\":\"https:\\\/\\\/shark-wheel.eu\\\/?s={search_term_string}\"},\"query-input\":{\"@type\":\"PropertyValueSpecification\",\"valueRequired\":true,\"valueName\":\"search_term_string\"}}],\"inLanguage\":\"hu\"},{\"@type\":\"Organization\",\"@id\":\"https:\\\/\\\/shark-wheel.eu\\\/#organization\",\"name\":\"Shark Wheel\",\"url\":\"https:\\\/\\\/shark-wheel.eu\\\/\",\"logo\":{\"@type\":\"ImageObject\",\"inLanguage\":\"hu\",\"@id\":\"https:\\\/\\\/shark-wheel.eu\\\/#\\\/schema\\\/logo\\\/image\\\/\",\"url\":\"https:\\\/\\\/shark-wheel.eu\\\/wp-content\\\/uploads\\\/2022\\\/01\\\/shark-wheel-logo-400px.png\",\"contentUrl\":\"https:\\\/\\\/shark-wheel.eu\\\/wp-content\\\/uploads\\\/2022\\\/01\\\/shark-wheel-logo-400px.png\",\"width\":475,\"height\":115,\"caption\":\"Shark Wheel\"},\"image\":{\"@id\":\"https:\\\/\\\/shark-wheel.eu\\\/#\\\/schema\\\/logo\\\/image\\\/\"}}]}<\/script>\n<!-- \/ Yoast SEO plugin. -->","yoast_head_json":{"title":"Return Policy - Shark Wheel","description":"Check out the special Shark Wheel for farming. Our farming wheel is equipped with mechanical irrigation systems for greater effectiveness.","robots":{"index":"index","follow":"follow","max-snippet":"max-snippet:-1","max-image-preview":"max-image-preview:large","max-video-preview":"max-video-preview:-1"},"canonical":"https:\/\/shark-wheel.eu\/hu\/return-policy\/","og_locale":"hu_HU","og_type":"article","og_title":"Return Policy - Shark Wheel","og_description":"Check out the special Shark Wheel for farming. Our farming wheel is equipped with mechanical irrigation systems for greater effectiveness.","og_url":"https:\/\/shark-wheel.eu\/hu\/return-policy\/","article_modified_time":"2025-08-13T12:08:06+00:00","og_image":[{"url":"https:\/\/shark-wheel.eu\/wp-content\/uploads\/2025\/01\/1666779365906-1536x1152-EDITED.jpg","type":"","width":"","height":""}],"twitter_card":"summary_large_image","twitter_misc":{"Becs\u00fclt olvas\u00e1si id\u0151":"2 perc"},"schema":{"@context":"https:\/\/schema.org","@graph":[{"@type":"WebPage","@id":"https:\/\/shark-wheel.eu\/return-policy\/","url":"https:\/\/shark-wheel.eu\/return-policy\/","name":"Return Policy - Shark Wheel","isPartOf":{"@id":"https:\/\/shark-wheel.eu\/#website"},"primaryImageOfPage":{"@id":"https:\/\/shark-wheel.eu\/return-policy\/#primaryimage"},"image":{"@id":"https:\/\/shark-wheel.eu\/return-policy\/#primaryimage"},"thumbnailUrl":"https:\/\/shark-wheel.eu\/wp-content\/uploads\/2025\/01\/1666779365906-1536x1152-EDITED.jpg","datePublished":"2025-01-28T06:10:56+00:00","dateModified":"2025-08-13T12:08:06+00:00","description":"Check out the special Shark Wheel for farming. Our farming wheel is equipped with mechanical irrigation systems for greater effectiveness.","inLanguage":"hu","potentialAction":[{"@type":"ReadAction","target":["https:\/\/shark-wheel.eu\/return-policy\/"]}]},{"@type":"ImageObject","inLanguage":"hu","@id":"https:\/\/shark-wheel.eu\/return-policy\/#primaryimage","url":"https:\/\/shark-wheel.eu\/wp-content\/uploads\/2025\/01\/1666779365906-1536x1152-EDITED.jpg","contentUrl":"https:\/\/shark-wheel.eu\/wp-content\/uploads\/2025\/01\/1666779365906-1536x1152-EDITED.jpg"},{"@type":"WebSite","@id":"https:\/\/shark-wheel.eu\/#website","url":"https:\/\/shark-wheel.eu\/","name":"","description":"","publisher":{"@id":"https:\/\/shark-wheel.eu\/#organization"},"potentialAction":[{"@type":"SearchAction","target":{"@type":"EntryPoint","urlTemplate":"https:\/\/shark-wheel.eu\/?s={search_term_string}"},"query-input":{"@type":"PropertyValueSpecification","valueRequired":true,"valueName":"search_term_string"}}],"inLanguage":"hu"},{"@type":"Organization","@id":"https:\/\/shark-wheel.eu\/#organization","name":"Shark Wheel","url":"https:\/\/shark-wheel.eu\/","logo":{"@type":"ImageObject","inLanguage":"hu","@id":"https:\/\/shark-wheel.eu\/#\/schema\/logo\/image\/","url":"https:\/\/shark-wheel.eu\/wp-content\/uploads\/2022\/01\/shark-wheel-logo-400px.png","contentUrl":"https:\/\/shark-wheel.eu\/wp-content\/uploads\/2022\/01\/shark-wheel-logo-400px.png","width":475,"height":115,"caption":"Shark Wheel"},"image":{"@id":"https:\/\/shark-wheel.eu\/#\/schema\/logo\/image\/"}}]}},"jetpack_sharing_enabled":true,"_links":{"self":[{"href":"https:\/\/shark-wheel.eu\/hu\/wp-json\/wp\/v2\/pages\/10122","targetHints":{"allow":["GET"]}}],"collection":[{"href":"https:\/\/shark-wheel.eu\/hu\/wp-json\/wp\/v2\/pages"}],"about":[{"href":"https:\/\/shark-wheel.eu\/hu\/wp-json\/wp\/v2\/types\/page"}],"author":[{"embeddable":true,"href":"https:\/\/shark-wheel.eu\/hu\/wp-json\/wp\/v2\/users\/1"}],"replies":[{"embeddable":true,"href":"https:\/\/shark-wheel.eu\/hu\/wp-json\/wp\/v2\/comments?post=10122"}],"version-history":[{"count":13,"href":"https:\/\/shark-wheel.eu\/hu\/wp-json\/wp\/v2\/pages\/10122\/revisions"}],"predecessor-version":[{"id":10202,"href":"https:\/\/shark-wheel.eu\/hu\/wp-json\/wp\/v2\/pages\/10122\/revisions\/10202"}],"wp:attachment":[{"href":"https:\/\/shark-wheel.eu\/hu\/wp-json\/wp\/v2\/media?parent=10122"}],"curies":[{"name":"wp","href":"https:\/\/api.w.org\/{rel}","templated":true}]}}