{"id":8490,"date":"2022-09-03T20:43:44","date_gmt":"2022-09-03T20:43:44","guid":{"rendered":"https:\/\/shark-wheel.eu\/?post_type=product&#038;p=8490"},"modified":"2025-06-27T12:33:35","modified_gmt":"2025-06-27T12:33:35","slug":"black-grip-10-black-diamond","status":"publish","type":"product","link":"https:\/\/shark-wheel.eu\/hu\/termek\/black-grip-10-black-diamond\/","title":{"rendered":"BLACK GRIP 10&#8221; &#8211; Black Diamond"},"content":{"rendered":"<p>This<strong> blackdiamond Black<\/strong>\u00a0<strong>Grip tape<\/strong> is a STANDARD in the skateboarding industry, perfect grip for any kind of use, street, long or surf. We recommend it as it is easy to apply it and has good grip while riding. This griptape\u00a0is also great for oldschool shapes and longboards because of its 10\u2033 width.<\/p>\n<p>\u00a0<\/p>\n<p>\u00a0<\/p>\n<p>\u00a0<\/p>","protected":false},"excerpt":{"rendered":"<ul>\n<li>Easy to apply<\/li>\n<li>Durable griptape<\/li>\n<li>Perfect for Longboards\/ Surfskates \/ Cruisers<\/li>\n<li>Need custom length? Contact us via email for longer\/shorter grip at info@shark-wheel.eu<\/li>\n<\/ul>","protected":false},"featured_media":8495,"comment_status":"closed","ping_status":"closed","template":"","meta":{"_monsterinsights_skip_tracking":false,"_monsterinsights_sitenote_active":false,"_monsterinsights_sitenote_note":"","_monsterinsights_sitenote_category":0,"_uf_show_specific_survey":0,"_uf_disable_surveys":false},"product_brand":[],"product_cat":[21],"product_tag":[],"class_list":{"0":"post-8490","1":"product","2":"type-product","3":"status-publish","4":"has-post-thumbnail","6":"product_cat-accessesories","8":"first","9":"outofstock","10":"shipping-taxable","11":"product-type-variable"},"yoast_head":"<!-- This site is optimized with the Yoast SEO plugin v27.5 - https:\/\/yoast.com\/product\/yoast-seo-wordpress\/ -->\n<title>BLACK GRIP 10&#039;&#039; - Black Diamond - Shark Wheel<\/title>\n<meta name=\"description\" content=\"This blackdiamond Black\u00a0Grip tape is a STANDARD in the skateboarding industry, perfect grip for any kind of use, street, long or surf\" \/>\n<meta name=\"robots\" content=\"index, follow, max-snippet:-1, max-image-preview:large, max-video-preview:-1\" \/>\n<link rel=\"canonical\" href=\"https:\/\/shark-wheel.eu\/hu\/termek\/black-grip-10-black-diamond\/\" \/>\n<meta property=\"og:locale\" content=\"hu_HU\" \/>\n<meta property=\"og:type\" content=\"article\" \/>\n<meta property=\"og:title\" content=\"BLACK GRIP 10&#039;&#039; - Black Diamond - Shark Wheel\" \/>\n<meta property=\"og:description\" content=\"This blackdiamond Black\u00a0Grip tape is a STANDARD in the skateboarding industry, perfect grip for any kind of use, street, long or surf\" \/>\n<meta property=\"og:url\" content=\"https:\/\/shark-wheel.eu\/hu\/termek\/black-grip-10-black-diamond\/\" \/>\n<meta property=\"article:modified_time\" content=\"2025-06-27T12:33:35+00:00\" \/>\n<meta property=\"og:image\" content=\"https:\/\/shark-wheel.eu\/wp-content\/uploads\/2022\/09\/7F8E21C4-1802-4FDD-AC95-72EBD5044BB8.jpeg\" \/>\n\t<meta property=\"og:image:width\" content=\"500\" \/>\n\t<meta property=\"og:image:height\" content=\"475\" \/>\n\t<meta property=\"og:image:type\" content=\"image\/jpeg\" \/>\n<meta name=\"twitter:card\" content=\"summary_large_image\" \/>\n<meta name=\"twitter:label1\" content=\"Becs\u00fclt olvas\u00e1si id\u0151\" \/>\n\t<meta name=\"twitter:data1\" content=\"1 perc\" \/>\n<script type=\"application\/ld+json\" class=\"yoast-schema-graph\">{\"@context\":\"https:\\\/\\\/schema.org\",\"@graph\":[{\"@type\":\"WebPage\",\"@id\":\"https:\\\/\\\/shark-wheel.eu\\\/product\\\/black-grip-10-black-diamond\\\/\",\"url\":\"https:\\\/\\\/shark-wheel.eu\\\/product\\\/black-grip-10-black-diamond\\\/\",\"name\":\"BLACK GRIP 10'' - Black Diamond - Shark Wheel\",\"isPartOf\":{\"@id\":\"https:\\\/\\\/shark-wheel.eu\\\/#website\"},\"primaryImageOfPage\":{\"@id\":\"https:\\\/\\\/shark-wheel.eu\\\/product\\\/black-grip-10-black-diamond\\\/#primaryimage\"},\"image\":{\"@id\":\"https:\\\/\\\/shark-wheel.eu\\\/product\\\/black-grip-10-black-diamond\\\/#primaryimage\"},\"thumbnailUrl\":\"https:\\\/\\\/shark-wheel.eu\\\/wp-content\\\/uploads\\\/2022\\\/09\\\/7F8E21C4-1802-4FDD-AC95-72EBD5044BB8.jpeg\",\"datePublished\":\"2022-09-03T20:43:44+00:00\",\"dateModified\":\"2025-06-27T12:33:35+00:00\",\"description\":\"This blackdiamond Black\u00a0Grip tape is a STANDARD in the skateboarding industry, perfect grip for any kind of use, street, long or surf\",\"breadcrumb\":{\"@id\":\"https:\\\/\\\/shark-wheel.eu\\\/product\\\/black-grip-10-black-diamond\\\/#breadcrumb\"},\"inLanguage\":\"hu\",\"potentialAction\":[{\"@type\":\"ReadAction\",\"target\":[\"https:\\\/\\\/shark-wheel.eu\\\/product\\\/black-grip-10-black-diamond\\\/\"]}]},{\"@type\":\"ImageObject\",\"inLanguage\":\"hu\",\"@id\":\"https:\\\/\\\/shark-wheel.eu\\\/product\\\/black-grip-10-black-diamond\\\/#primaryimage\",\"url\":\"https:\\\/\\\/shark-wheel.eu\\\/wp-content\\\/uploads\\\/2022\\\/09\\\/7F8E21C4-1802-4FDD-AC95-72EBD5044BB8.jpeg\",\"contentUrl\":\"https:\\\/\\\/shark-wheel.eu\\\/wp-content\\\/uploads\\\/2022\\\/09\\\/7F8E21C4-1802-4FDD-AC95-72EBD5044BB8.jpeg\",\"width\":500,\"height\":475},{\"@type\":\"BreadcrumbList\",\"@id\":\"https:\\\/\\\/shark-wheel.eu\\\/product\\\/black-grip-10-black-diamond\\\/#breadcrumb\",\"itemListElement\":[{\"@type\":\"ListItem\",\"position\":1,\"name\":\"Shop\",\"item\":\"https:\\\/\\\/shark-wheel.eu\\\/shop\\\/\"},{\"@type\":\"ListItem\",\"position\":2,\"name\":\"Components\",\"item\":\"https:\\\/\\\/shark-wheel.eu\\\/product-category\\\/components\\\/\"},{\"@type\":\"ListItem\",\"position\":3,\"name\":\"Accessesories\",\"item\":\"https:\\\/\\\/shark-wheel.eu\\\/product-category\\\/components\\\/accessesories\\\/\"},{\"@type\":\"ListItem\",\"position\":4,\"name\":\"BLACK GRIP 10&#8221; &#8211; Black Diamond\"}]},{\"@type\":\"WebSite\",\"@id\":\"https:\\\/\\\/shark-wheel.eu\\\/#website\",\"url\":\"https:\\\/\\\/shark-wheel.eu\\\/\",\"name\":\"\",\"description\":\"\",\"publisher\":{\"@id\":\"https:\\\/\\\/shark-wheel.eu\\\/#organization\"},\"potentialAction\":[{\"@type\":\"SearchAction\",\"target\":{\"@type\":\"EntryPoint\",\"urlTemplate\":\"https:\\\/\\\/shark-wheel.eu\\\/?s={search_term_string}\"},\"query-input\":{\"@type\":\"PropertyValueSpecification\",\"valueRequired\":true,\"valueName\":\"search_term_string\"}}],\"inLanguage\":\"hu\"},{\"@type\":\"Organization\",\"@id\":\"https:\\\/\\\/shark-wheel.eu\\\/#organization\",\"name\":\"Shark Wheel\",\"url\":\"https:\\\/\\\/shark-wheel.eu\\\/\",\"logo\":{\"@type\":\"ImageObject\",\"inLanguage\":\"hu\",\"@id\":\"https:\\\/\\\/shark-wheel.eu\\\/#\\\/schema\\\/logo\\\/image\\\/\",\"url\":\"https:\\\/\\\/shark-wheel.eu\\\/wp-content\\\/uploads\\\/2022\\\/01\\\/shark-wheel-logo-400px.png\",\"contentUrl\":\"https:\\\/\\\/shark-wheel.eu\\\/wp-content\\\/uploads\\\/2022\\\/01\\\/shark-wheel-logo-400px.png\",\"width\":475,\"height\":115,\"caption\":\"Shark Wheel\"},\"image\":{\"@id\":\"https:\\\/\\\/shark-wheel.eu\\\/#\\\/schema\\\/logo\\\/image\\\/\"}}]}<\/script>\n<!-- \/ Yoast SEO plugin. -->","yoast_head_json":{"title":"BLACK GRIP 10'' - Black Diamond - Shark Wheel","description":"This blackdiamond Black\u00a0Grip tape is a STANDARD in the skateboarding industry, perfect grip for any kind of use, street, long or surf","robots":{"index":"index","follow":"follow","max-snippet":"max-snippet:-1","max-image-preview":"max-image-preview:large","max-video-preview":"max-video-preview:-1"},"canonical":"https:\/\/shark-wheel.eu\/hu\/termek\/black-grip-10-black-diamond\/","og_locale":"hu_HU","og_type":"article","og_title":"BLACK GRIP 10'' - Black Diamond - Shark Wheel","og_description":"This blackdiamond Black\u00a0Grip tape is a STANDARD in the skateboarding industry, perfect grip for any kind of use, street, long or surf","og_url":"https:\/\/shark-wheel.eu\/hu\/termek\/black-grip-10-black-diamond\/","article_modified_time":"2025-06-27T12:33:35+00:00","og_image":[{"width":500,"height":475,"url":"https:\/\/shark-wheel.eu\/wp-content\/uploads\/2022\/09\/7F8E21C4-1802-4FDD-AC95-72EBD5044BB8.jpeg","type":"image\/jpeg"}],"twitter_card":"summary_large_image","twitter_misc":{"Becs\u00fclt olvas\u00e1si id\u0151":"1 perc"},"schema":{"@context":"https:\/\/schema.org","@graph":[{"@type":"WebPage","@id":"https:\/\/shark-wheel.eu\/product\/black-grip-10-black-diamond\/","url":"https:\/\/shark-wheel.eu\/product\/black-grip-10-black-diamond\/","name":"BLACK GRIP 10'' - Black Diamond - Shark Wheel","isPartOf":{"@id":"https:\/\/shark-wheel.eu\/#website"},"primaryImageOfPage":{"@id":"https:\/\/shark-wheel.eu\/product\/black-grip-10-black-diamond\/#primaryimage"},"image":{"@id":"https:\/\/shark-wheel.eu\/product\/black-grip-10-black-diamond\/#primaryimage"},"thumbnailUrl":"https:\/\/shark-wheel.eu\/wp-content\/uploads\/2022\/09\/7F8E21C4-1802-4FDD-AC95-72EBD5044BB8.jpeg","datePublished":"2022-09-03T20:43:44+00:00","dateModified":"2025-06-27T12:33:35+00:00","description":"This blackdiamond Black\u00a0Grip tape is a STANDARD in the skateboarding industry, perfect grip for any kind of use, street, long or surf","breadcrumb":{"@id":"https:\/\/shark-wheel.eu\/product\/black-grip-10-black-diamond\/#breadcrumb"},"inLanguage":"hu","potentialAction":[{"@type":"ReadAction","target":["https:\/\/shark-wheel.eu\/product\/black-grip-10-black-diamond\/"]}]},{"@type":"ImageObject","inLanguage":"hu","@id":"https:\/\/shark-wheel.eu\/product\/black-grip-10-black-diamond\/#primaryimage","url":"https:\/\/shark-wheel.eu\/wp-content\/uploads\/2022\/09\/7F8E21C4-1802-4FDD-AC95-72EBD5044BB8.jpeg","contentUrl":"https:\/\/shark-wheel.eu\/wp-content\/uploads\/2022\/09\/7F8E21C4-1802-4FDD-AC95-72EBD5044BB8.jpeg","width":500,"height":475},{"@type":"BreadcrumbList","@id":"https:\/\/shark-wheel.eu\/product\/black-grip-10-black-diamond\/#breadcrumb","itemListElement":[{"@type":"ListItem","position":1,"name":"Shop","item":"https:\/\/shark-wheel.eu\/shop\/"},{"@type":"ListItem","position":2,"name":"Components","item":"https:\/\/shark-wheel.eu\/product-category\/components\/"},{"@type":"ListItem","position":3,"name":"Accessesories","item":"https:\/\/shark-wheel.eu\/product-category\/components\/accessesories\/"},{"@type":"ListItem","position":4,"name":"BLACK GRIP 10&#8221; &#8211; Black Diamond"}]},{"@type":"WebSite","@id":"https:\/\/shark-wheel.eu\/#website","url":"https:\/\/shark-wheel.eu\/","name":"","description":"","publisher":{"@id":"https:\/\/shark-wheel.eu\/#organization"},"potentialAction":[{"@type":"SearchAction","target":{"@type":"EntryPoint","urlTemplate":"https:\/\/shark-wheel.eu\/?s={search_term_string}"},"query-input":{"@type":"PropertyValueSpecification","valueRequired":true,"valueName":"search_term_string"}}],"inLanguage":"hu"},{"@type":"Organization","@id":"https:\/\/shark-wheel.eu\/#organization","name":"Shark Wheel","url":"https:\/\/shark-wheel.eu\/","logo":{"@type":"ImageObject","inLanguage":"hu","@id":"https:\/\/shark-wheel.eu\/#\/schema\/logo\/image\/","url":"https:\/\/shark-wheel.eu\/wp-content\/uploads\/2022\/01\/shark-wheel-logo-400px.png","contentUrl":"https:\/\/shark-wheel.eu\/wp-content\/uploads\/2022\/01\/shark-wheel-logo-400px.png","width":475,"height":115,"caption":"Shark Wheel"},"image":{"@id":"https:\/\/shark-wheel.eu\/#\/schema\/logo\/image\/"}}]}},"jetpack_sharing_enabled":true,"_links":{"self":[{"href":"https:\/\/shark-wheel.eu\/hu\/wp-json\/wp\/v2\/product\/8490","targetHints":{"allow":["GET"]}}],"collection":[{"href":"https:\/\/shark-wheel.eu\/hu\/wp-json\/wp\/v2\/product"}],"about":[{"href":"https:\/\/shark-wheel.eu\/hu\/wp-json\/wp\/v2\/types\/product"}],"replies":[{"embeddable":true,"href":"https:\/\/shark-wheel.eu\/hu\/wp-json\/wp\/v2\/comments?post=8490"}],"wp:featuredmedia":[{"embeddable":true,"href":"https:\/\/shark-wheel.eu\/hu\/wp-json\/wp\/v2\/media\/8495"}],"wp:attachment":[{"href":"https:\/\/shark-wheel.eu\/hu\/wp-json\/wp\/v2\/media?parent=8490"}],"wp:term":[{"taxonomy":"product_brand","embeddable":true,"href":"https:\/\/shark-wheel.eu\/hu\/wp-json\/wp\/v2\/product_brand?post=8490"},{"taxonomy":"product_cat","embeddable":true,"href":"https:\/\/shark-wheel.eu\/hu\/wp-json\/wp\/v2\/product_cat?post=8490"},{"taxonomy":"product_tag","embeddable":true,"href":"https:\/\/shark-wheel.eu\/hu\/wp-json\/wp\/v2\/product_tag?post=8490"}],"curies":[{"name":"wp","href":"https:\/\/api.w.org\/{rel}","templated":true}]}}