{"id":8503,"date":"2022-09-06T15:35:01","date_gmt":"2022-09-06T15:35:01","guid":{"rendered":"https:\/\/shark-wheel.eu\/?post_type=product&#038;p=8503"},"modified":"2024-11-04T08:13:50","modified_gmt":"2024-11-04T08:13:50","slug":"clear-grip-10-black-diamond","status":"publish","type":"product","link":"https:\/\/shark-wheel.eu\/hu\/termek\/clear-grip-10-black-diamond\/","title":{"rendered":"CLEAR GRIP 10&#8221; &#8211; Black Diamond"},"content":{"rendered":"<p>This<strong> blackdiamond CLEAR<\/strong>\u00a0<strong>Grip tape<\/strong> is a STANDARD in the skateboarding industry, perfect grip for any kind of use, street, long or surf. We recommend it as it is easy to apply it and has good grip while riding. This griptape\u00a0is also great for oldschool shapes and longboards because of its 10&#8243; width.<\/p>\n<p>&nbsp;<\/p>\n<p>&nbsp;<\/p>\n<p>&nbsp;<\/p>","protected":false},"excerpt":{"rendered":"<ul>\n<li>Clear grip tape<\/li>\n<li>Easy to apply<\/li>\n<li>Durable griptape<\/li>\n<li>Perfect for Longboards\/ Surfskates \/ Cruisers<\/li>\n<li>Need custom length? Contact us via email for longer\/shorter grip at info@shark-wheel.eu<\/li>\n<\/ul>","protected":false},"featured_media":8496,"comment_status":"open","ping_status":"closed","template":"","meta":{"_monsterinsights_skip_tracking":false,"_monsterinsights_sitenote_active":false,"_monsterinsights_sitenote_note":"","_monsterinsights_sitenote_category":0,"_uf_show_specific_survey":0,"_uf_disable_surveys":false},"product_brand":[],"product_cat":[21],"product_tag":[],"class_list":{"0":"post-8503","1":"product","2":"type-product","3":"status-publish","4":"has-post-thumbnail","6":"product_cat-accessesories","8":"first","9":"instock","10":"shipping-taxable","11":"purchasable","12":"product-type-variable"},"yoast_head":"<!-- This site is optimized with the Yoast SEO plugin v27.3 - https:\/\/yoast.com\/product\/yoast-seo-wordpress\/ -->\n<title>Black Diamond CLEAR\u00a0Grip tape - Shark Wheel Europe<\/title>\n<meta name=\"description\" content=\"This blackdiamond CLEAR\u00a0Grip tape is a STANDARD in the skateboarding industry, perfect grip for any kind of use, street, long or surfing.\" \/>\n<meta name=\"robots\" content=\"index, follow, max-snippet:-1, max-image-preview:large, max-video-preview:-1\" \/>\n<link rel=\"canonical\" href=\"https:\/\/shark-wheel.eu\/hu\/termek\/clear-grip-10-black-diamond\/\" \/>\n<meta property=\"og:locale\" content=\"hu_HU\" \/>\n<meta property=\"og:type\" content=\"article\" \/>\n<meta property=\"og:title\" content=\"Black Diamond CLEAR\u00a0Grip tape - Shark Wheel Europe\" \/>\n<meta property=\"og:description\" content=\"This blackdiamond CLEAR\u00a0Grip tape is a STANDARD in the skateboarding industry, perfect grip for any kind of use, street, long or surfing.\" \/>\n<meta property=\"og:url\" content=\"https:\/\/shark-wheel.eu\/hu\/termek\/clear-grip-10-black-diamond\/\" \/>\n<meta property=\"article:modified_time\" content=\"2024-11-04T08:13:50+00:00\" \/>\n<meta property=\"og:image\" content=\"http:\/\/shark-wheel.eu\/wp-content\/uploads\/2022\/09\/1AD1964B-CBF1-4B45-B9E0-84B2E1FD4979.jpeg\" \/>\n\t<meta property=\"og:image:width\" content=\"600\" \/>\n\t<meta property=\"og:image:height\" content=\"600\" \/>\n\t<meta property=\"og:image:type\" content=\"image\/jpeg\" \/>\n<meta name=\"twitter:card\" content=\"summary_large_image\" \/>\n<meta name=\"twitter:label1\" content=\"Becs\u00fclt olvas\u00e1si id\u0151\" \/>\n\t<meta name=\"twitter:data1\" content=\"1 perc\" \/>\n<script type=\"application\/ld+json\" class=\"yoast-schema-graph\">{\"@context\":\"https:\\\/\\\/schema.org\",\"@graph\":[{\"@type\":\"WebPage\",\"@id\":\"https:\\\/\\\/shark-wheel.eu\\\/product\\\/clear-grip-10-black-diamond\\\/\",\"url\":\"https:\\\/\\\/shark-wheel.eu\\\/product\\\/clear-grip-10-black-diamond\\\/\",\"name\":\"Black Diamond CLEAR\u00a0Grip tape - Shark Wheel Europe\",\"isPartOf\":{\"@id\":\"https:\\\/\\\/shark-wheel.eu\\\/#website\"},\"primaryImageOfPage\":{\"@id\":\"https:\\\/\\\/shark-wheel.eu\\\/product\\\/clear-grip-10-black-diamond\\\/#primaryimage\"},\"image\":{\"@id\":\"https:\\\/\\\/shark-wheel.eu\\\/product\\\/clear-grip-10-black-diamond\\\/#primaryimage\"},\"thumbnailUrl\":\"https:\\\/\\\/shark-wheel.eu\\\/wp-content\\\/uploads\\\/2022\\\/09\\\/1AD1964B-CBF1-4B45-B9E0-84B2E1FD4979.jpeg\",\"datePublished\":\"2022-09-06T15:35:01+00:00\",\"dateModified\":\"2024-11-04T08:13:50+00:00\",\"description\":\"This blackdiamond CLEAR\u00a0Grip tape is a STANDARD in the skateboarding industry, perfect grip for any kind of use, street, long or surfing.\",\"breadcrumb\":{\"@id\":\"https:\\\/\\\/shark-wheel.eu\\\/product\\\/clear-grip-10-black-diamond\\\/#breadcrumb\"},\"inLanguage\":\"hu\",\"potentialAction\":[{\"@type\":\"ReadAction\",\"target\":[\"https:\\\/\\\/shark-wheel.eu\\\/product\\\/clear-grip-10-black-diamond\\\/\"]}]},{\"@type\":\"ImageObject\",\"inLanguage\":\"hu\",\"@id\":\"https:\\\/\\\/shark-wheel.eu\\\/product\\\/clear-grip-10-black-diamond\\\/#primaryimage\",\"url\":\"https:\\\/\\\/shark-wheel.eu\\\/wp-content\\\/uploads\\\/2022\\\/09\\\/1AD1964B-CBF1-4B45-B9E0-84B2E1FD4979.jpeg\",\"contentUrl\":\"https:\\\/\\\/shark-wheel.eu\\\/wp-content\\\/uploads\\\/2022\\\/09\\\/1AD1964B-CBF1-4B45-B9E0-84B2E1FD4979.jpeg\",\"width\":600,\"height\":600},{\"@type\":\"BreadcrumbList\",\"@id\":\"https:\\\/\\\/shark-wheel.eu\\\/product\\\/clear-grip-10-black-diamond\\\/#breadcrumb\",\"itemListElement\":[{\"@type\":\"ListItem\",\"position\":1,\"name\":\"Shop\",\"item\":\"https:\\\/\\\/shark-wheel.eu\\\/shop\\\/\"},{\"@type\":\"ListItem\",\"position\":2,\"name\":\"Components\",\"item\":\"https:\\\/\\\/shark-wheel.eu\\\/product-category\\\/components\\\/\"},{\"@type\":\"ListItem\",\"position\":3,\"name\":\"Accessesories\",\"item\":\"https:\\\/\\\/shark-wheel.eu\\\/product-category\\\/components\\\/accessesories\\\/\"},{\"@type\":\"ListItem\",\"position\":4,\"name\":\"CLEAR GRIP 10&#8221; &#8211; Black Diamond\"}]},{\"@type\":\"WebSite\",\"@id\":\"https:\\\/\\\/shark-wheel.eu\\\/#website\",\"url\":\"https:\\\/\\\/shark-wheel.eu\\\/\",\"name\":\"\",\"description\":\"\",\"publisher\":{\"@id\":\"https:\\\/\\\/shark-wheel.eu\\\/#organization\"},\"potentialAction\":[{\"@type\":\"SearchAction\",\"target\":{\"@type\":\"EntryPoint\",\"urlTemplate\":\"https:\\\/\\\/shark-wheel.eu\\\/?s={search_term_string}\"},\"query-input\":{\"@type\":\"PropertyValueSpecification\",\"valueRequired\":true,\"valueName\":\"search_term_string\"}}],\"inLanguage\":\"hu\"},{\"@type\":\"Organization\",\"@id\":\"https:\\\/\\\/shark-wheel.eu\\\/#organization\",\"name\":\"Shark Wheel\",\"url\":\"https:\\\/\\\/shark-wheel.eu\\\/\",\"logo\":{\"@type\":\"ImageObject\",\"inLanguage\":\"hu\",\"@id\":\"https:\\\/\\\/shark-wheel.eu\\\/#\\\/schema\\\/logo\\\/image\\\/\",\"url\":\"https:\\\/\\\/shark-wheel.eu\\\/wp-content\\\/uploads\\\/2022\\\/01\\\/shark-wheel-logo-400px.png\",\"contentUrl\":\"https:\\\/\\\/shark-wheel.eu\\\/wp-content\\\/uploads\\\/2022\\\/01\\\/shark-wheel-logo-400px.png\",\"width\":475,\"height\":115,\"caption\":\"Shark Wheel\"},\"image\":{\"@id\":\"https:\\\/\\\/shark-wheel.eu\\\/#\\\/schema\\\/logo\\\/image\\\/\"}}]}<\/script>\n<!-- \/ Yoast SEO plugin. -->","yoast_head_json":{"title":"Black Diamond CLEAR\u00a0Grip tape - Shark Wheel Europe","description":"This blackdiamond CLEAR\u00a0Grip tape is a STANDARD in the skateboarding industry, perfect grip for any kind of use, street, long or surfing.","robots":{"index":"index","follow":"follow","max-snippet":"max-snippet:-1","max-image-preview":"max-image-preview:large","max-video-preview":"max-video-preview:-1"},"canonical":"https:\/\/shark-wheel.eu\/hu\/termek\/clear-grip-10-black-diamond\/","og_locale":"hu_HU","og_type":"article","og_title":"Black Diamond CLEAR\u00a0Grip tape - Shark Wheel Europe","og_description":"This blackdiamond CLEAR\u00a0Grip tape is a STANDARD in the skateboarding industry, perfect grip for any kind of use, street, long or surfing.","og_url":"https:\/\/shark-wheel.eu\/hu\/termek\/clear-grip-10-black-diamond\/","article_modified_time":"2024-11-04T08:13:50+00:00","og_image":[{"width":600,"height":600,"url":"http:\/\/shark-wheel.eu\/wp-content\/uploads\/2022\/09\/1AD1964B-CBF1-4B45-B9E0-84B2E1FD4979.jpeg","type":"image\/jpeg"}],"twitter_card":"summary_large_image","twitter_misc":{"Becs\u00fclt olvas\u00e1si id\u0151":"1 perc"},"schema":{"@context":"https:\/\/schema.org","@graph":[{"@type":"WebPage","@id":"https:\/\/shark-wheel.eu\/product\/clear-grip-10-black-diamond\/","url":"https:\/\/shark-wheel.eu\/product\/clear-grip-10-black-diamond\/","name":"Black Diamond CLEAR\u00a0Grip tape - Shark Wheel Europe","isPartOf":{"@id":"https:\/\/shark-wheel.eu\/#website"},"primaryImageOfPage":{"@id":"https:\/\/shark-wheel.eu\/product\/clear-grip-10-black-diamond\/#primaryimage"},"image":{"@id":"https:\/\/shark-wheel.eu\/product\/clear-grip-10-black-diamond\/#primaryimage"},"thumbnailUrl":"https:\/\/shark-wheel.eu\/wp-content\/uploads\/2022\/09\/1AD1964B-CBF1-4B45-B9E0-84B2E1FD4979.jpeg","datePublished":"2022-09-06T15:35:01+00:00","dateModified":"2024-11-04T08:13:50+00:00","description":"This blackdiamond CLEAR\u00a0Grip tape is a STANDARD in the skateboarding industry, perfect grip for any kind of use, street, long or surfing.","breadcrumb":{"@id":"https:\/\/shark-wheel.eu\/product\/clear-grip-10-black-diamond\/#breadcrumb"},"inLanguage":"hu","potentialAction":[{"@type":"ReadAction","target":["https:\/\/shark-wheel.eu\/product\/clear-grip-10-black-diamond\/"]}]},{"@type":"ImageObject","inLanguage":"hu","@id":"https:\/\/shark-wheel.eu\/product\/clear-grip-10-black-diamond\/#primaryimage","url":"https:\/\/shark-wheel.eu\/wp-content\/uploads\/2022\/09\/1AD1964B-CBF1-4B45-B9E0-84B2E1FD4979.jpeg","contentUrl":"https:\/\/shark-wheel.eu\/wp-content\/uploads\/2022\/09\/1AD1964B-CBF1-4B45-B9E0-84B2E1FD4979.jpeg","width":600,"height":600},{"@type":"BreadcrumbList","@id":"https:\/\/shark-wheel.eu\/product\/clear-grip-10-black-diamond\/#breadcrumb","itemListElement":[{"@type":"ListItem","position":1,"name":"Shop","item":"https:\/\/shark-wheel.eu\/shop\/"},{"@type":"ListItem","position":2,"name":"Components","item":"https:\/\/shark-wheel.eu\/product-category\/components\/"},{"@type":"ListItem","position":3,"name":"Accessesories","item":"https:\/\/shark-wheel.eu\/product-category\/components\/accessesories\/"},{"@type":"ListItem","position":4,"name":"CLEAR GRIP 10&#8221; &#8211; Black Diamond"}]},{"@type":"WebSite","@id":"https:\/\/shark-wheel.eu\/#website","url":"https:\/\/shark-wheel.eu\/","name":"","description":"","publisher":{"@id":"https:\/\/shark-wheel.eu\/#organization"},"potentialAction":[{"@type":"SearchAction","target":{"@type":"EntryPoint","urlTemplate":"https:\/\/shark-wheel.eu\/?s={search_term_string}"},"query-input":{"@type":"PropertyValueSpecification","valueRequired":true,"valueName":"search_term_string"}}],"inLanguage":"hu"},{"@type":"Organization","@id":"https:\/\/shark-wheel.eu\/#organization","name":"Shark Wheel","url":"https:\/\/shark-wheel.eu\/","logo":{"@type":"ImageObject","inLanguage":"hu","@id":"https:\/\/shark-wheel.eu\/#\/schema\/logo\/image\/","url":"https:\/\/shark-wheel.eu\/wp-content\/uploads\/2022\/01\/shark-wheel-logo-400px.png","contentUrl":"https:\/\/shark-wheel.eu\/wp-content\/uploads\/2022\/01\/shark-wheel-logo-400px.png","width":475,"height":115,"caption":"Shark Wheel"},"image":{"@id":"https:\/\/shark-wheel.eu\/#\/schema\/logo\/image\/"}}]}},"jetpack_sharing_enabled":true,"_links":{"self":[{"href":"https:\/\/shark-wheel.eu\/hu\/wp-json\/wp\/v2\/product\/8503","targetHints":{"allow":["GET"]}}],"collection":[{"href":"https:\/\/shark-wheel.eu\/hu\/wp-json\/wp\/v2\/product"}],"about":[{"href":"https:\/\/shark-wheel.eu\/hu\/wp-json\/wp\/v2\/types\/product"}],"replies":[{"embeddable":true,"href":"https:\/\/shark-wheel.eu\/hu\/wp-json\/wp\/v2\/comments?post=8503"}],"wp:featuredmedia":[{"embeddable":true,"href":"https:\/\/shark-wheel.eu\/hu\/wp-json\/wp\/v2\/media\/8496"}],"wp:attachment":[{"href":"https:\/\/shark-wheel.eu\/hu\/wp-json\/wp\/v2\/media?parent=8503"}],"wp:term":[{"taxonomy":"product_brand","embeddable":true,"href":"https:\/\/shark-wheel.eu\/hu\/wp-json\/wp\/v2\/product_brand?post=8503"},{"taxonomy":"product_cat","embeddable":true,"href":"https:\/\/shark-wheel.eu\/hu\/wp-json\/wp\/v2\/product_cat?post=8503"},{"taxonomy":"product_tag","embeddable":true,"href":"https:\/\/shark-wheel.eu\/hu\/wp-json\/wp\/v2\/product_tag?post=8503"}],"curies":[{"name":"wp","href":"https:\/\/api.w.org\/{rel}","templated":true}]}}