{"id":8953,"date":"2023-11-02T21:18:58","date_gmt":"2023-11-02T21:18:58","guid":{"rendered":"https:\/\/shark-wheel.eu\/?post_type=product&#038;p=8953"},"modified":"2025-07-11T15:15:29","modified_gmt":"2025-07-11T15:15:29","slug":"60mm-surf-system-bundle-by-waterborne-new","status":"publish","type":"product","link":"https:\/\/shark-wheel.eu\/hu\/termek\/60mm-surf-system-bundle-by-waterborne-new\/","title":{"rendered":"60mm &#8211; SURF SYSTEM BUNDLE by Waterborne (NEW)"},"content":{"rendered":"<p>The Waterborne Surf System can help you turn your cruiser into a SURFSKATE \u00a0it is the newest and freshest FIN system on the market that can be ADJUSTED in to 3 Modes:<\/p>\n<ul>\n<li>Normal Position<\/li>\n<li>Angled ( Super Carve mode)<\/li>\n<li>Deangled ( Super Pump mode)<\/li>\n<\/ul>\n<p>&nbsp;<\/p>\n<p>&nbsp;<\/p>\n<p>&nbsp;<\/p>","protected":false},"excerpt":{"rendered":"<ul>\n<li>4 x 60mm Shark Wheels (one Set)<\/li>\n<li>8 x ABEC9 SHIVER bearings PRO<\/li>\n<li>TKP 150mm Core Trucks<\/li>\n<li>Waterborne Fin System Adaptor<\/li>\n<li>8 Bolts &amp; Nuts<\/li>\n<li>Riser Pads<\/li>\n<\/ul>\n<p>This Bundle is suited for a Complete Skateboard \/ Cruiser \/ Surfskate or Longboard<\/p>\n<p>The 60mm wheels are meant for smaller distance such as skatepark or pump tracks as the wheels accelerate faster than the 72mm wheels \u00a0It is also easier to perform tricks\/ slides.<\/p>\n<p>&nbsp;<\/p>","protected":false},"featured_media":8958,"comment_status":"open","ping_status":"closed","template":"","meta":{"_monsterinsights_skip_tracking":false,"_monsterinsights_sitenote_active":false,"_monsterinsights_sitenote_note":"","_monsterinsights_sitenote_category":0,"_uf_show_specific_survey":0,"_uf_disable_surveys":false},"product_brand":[],"product_cat":[21,23,38,24,20],"product_tag":[],"class_list":{"0":"post-8953","1":"product","2":"type-product","3":"status-publish","4":"has-post-thumbnail","6":"product_cat-accessesories","7":"product_cat-bearings","8":"product_cat-skateboard-wheels","9":"product_cat-trucks","10":"product_cat-wheels-2","12":"first","13":"outofstock","14":"sale","15":"shipping-taxable","16":"purchasable","17":"product-type-simple"},"yoast_head":"<!-- This site is optimized with the Yoast SEO plugin v27.3 - https:\/\/yoast.com\/product\/yoast-seo-wordpress\/ -->\n<title>60mm - SURF SYSTEM BUNDLE by Waterborne (NEW) -<\/title>\n<meta name=\"robots\" content=\"index, follow, max-snippet:-1, max-image-preview:large, max-video-preview:-1\" \/>\n<link rel=\"canonical\" href=\"https:\/\/shark-wheel.eu\/hu\/termek\/60mm-surf-system-bundle-by-waterborne-new\/\" \/>\n<meta property=\"og:locale\" content=\"hu_HU\" \/>\n<meta property=\"og:type\" content=\"article\" \/>\n<meta property=\"og:title\" content=\"60mm - SURF SYSTEM BUNDLE by Waterborne (NEW) -\" \/>\n<meta property=\"og:description\" content=\"4 x 60mm Shark Wheels (one Set)  8 x ABEC9 SHIVER bearings PRO  TKP 150mm Core Trucks  Waterborne Fin System Adaptor  8 Bolts &amp; Nuts  Riser Pads  This Bundle is suited for a Complete Skateboard \/ Cruiser \/ Surfskate or Longboard  The 60mm wheels are meant for smaller distance such as skatepark or pump tracks as the wheels accelerate faster than the 72mm wheels \u00a0It is also easier to perform tricks\/ slides.  &nbsp;\" \/>\n<meta property=\"og:url\" content=\"https:\/\/shark-wheel.eu\/hu\/termek\/60mm-surf-system-bundle-by-waterborne-new\/\" \/>\n<meta property=\"article:modified_time\" content=\"2025-07-11T15:15:29+00:00\" \/>\n<meta property=\"og:image\" content=\"https:\/\/shark-wheel.eu\/wp-content\/uploads\/2023\/11\/waterborne-Kit.jpg\" \/>\n\t<meta property=\"og:image:width\" content=\"1280\" \/>\n\t<meta property=\"og:image:height\" content=\"853\" \/>\n\t<meta property=\"og:image:type\" content=\"image\/jpeg\" \/>\n<meta name=\"twitter:card\" content=\"summary_large_image\" \/>\n<meta name=\"twitter:label1\" content=\"Becs\u00fclt olvas\u00e1si id\u0151\" \/>\n\t<meta name=\"twitter:data1\" content=\"1 perc\" \/>\n<script type=\"application\/ld+json\" class=\"yoast-schema-graph\">{\"@context\":\"https:\\\/\\\/schema.org\",\"@graph\":[{\"@type\":\"WebPage\",\"@id\":\"https:\\\/\\\/shark-wheel.eu\\\/product\\\/60mm-surf-system-bundle-by-waterborne-new\\\/\",\"url\":\"https:\\\/\\\/shark-wheel.eu\\\/product\\\/60mm-surf-system-bundle-by-waterborne-new\\\/\",\"name\":\"60mm - SURF SYSTEM BUNDLE by Waterborne (NEW) -\",\"isPartOf\":{\"@id\":\"https:\\\/\\\/shark-wheel.eu\\\/#website\"},\"primaryImageOfPage\":{\"@id\":\"https:\\\/\\\/shark-wheel.eu\\\/product\\\/60mm-surf-system-bundle-by-waterborne-new\\\/#primaryimage\"},\"image\":{\"@id\":\"https:\\\/\\\/shark-wheel.eu\\\/product\\\/60mm-surf-system-bundle-by-waterborne-new\\\/#primaryimage\"},\"thumbnailUrl\":\"https:\\\/\\\/shark-wheel.eu\\\/wp-content\\\/uploads\\\/2023\\\/11\\\/waterborne-Kit.jpg\",\"datePublished\":\"2023-11-02T21:18:58+00:00\",\"dateModified\":\"2025-07-11T15:15:29+00:00\",\"breadcrumb\":{\"@id\":\"https:\\\/\\\/shark-wheel.eu\\\/product\\\/60mm-surf-system-bundle-by-waterborne-new\\\/#breadcrumb\"},\"inLanguage\":\"hu\",\"potentialAction\":[{\"@type\":\"ReadAction\",\"target\":[\"https:\\\/\\\/shark-wheel.eu\\\/product\\\/60mm-surf-system-bundle-by-waterborne-new\\\/\"]}]},{\"@type\":\"ImageObject\",\"inLanguage\":\"hu\",\"@id\":\"https:\\\/\\\/shark-wheel.eu\\\/product\\\/60mm-surf-system-bundle-by-waterborne-new\\\/#primaryimage\",\"url\":\"https:\\\/\\\/shark-wheel.eu\\\/wp-content\\\/uploads\\\/2023\\\/11\\\/waterborne-Kit.jpg\",\"contentUrl\":\"https:\\\/\\\/shark-wheel.eu\\\/wp-content\\\/uploads\\\/2023\\\/11\\\/waterborne-Kit.jpg\",\"width\":1280,\"height\":853,\"caption\":\"60 mm shark wheels - SURF SYSTEM BUNDLE by Waterborne\"},{\"@type\":\"BreadcrumbList\",\"@id\":\"https:\\\/\\\/shark-wheel.eu\\\/product\\\/60mm-surf-system-bundle-by-waterborne-new\\\/#breadcrumb\",\"itemListElement\":[{\"@type\":\"ListItem\",\"position\":1,\"name\":\"Shop\",\"item\":\"https:\\\/\\\/shark-wheel.eu\\\/shop\\\/\"},{\"@type\":\"ListItem\",\"position\":2,\"name\":\"Components\",\"item\":\"https:\\\/\\\/shark-wheel.eu\\\/product-category\\\/components\\\/\"},{\"@type\":\"ListItem\",\"position\":3,\"name\":\"Accessesories\",\"item\":\"https:\\\/\\\/shark-wheel.eu\\\/product-category\\\/components\\\/accessesories\\\/\"},{\"@type\":\"ListItem\",\"position\":4,\"name\":\"60mm &#8211; SURF SYSTEM BUNDLE by Waterborne (NEW)\"}]},{\"@type\":\"WebSite\",\"@id\":\"https:\\\/\\\/shark-wheel.eu\\\/#website\",\"url\":\"https:\\\/\\\/shark-wheel.eu\\\/\",\"name\":\"\",\"description\":\"\",\"publisher\":{\"@id\":\"https:\\\/\\\/shark-wheel.eu\\\/#organization\"},\"potentialAction\":[{\"@type\":\"SearchAction\",\"target\":{\"@type\":\"EntryPoint\",\"urlTemplate\":\"https:\\\/\\\/shark-wheel.eu\\\/?s={search_term_string}\"},\"query-input\":{\"@type\":\"PropertyValueSpecification\",\"valueRequired\":true,\"valueName\":\"search_term_string\"}}],\"inLanguage\":\"hu\"},{\"@type\":\"Organization\",\"@id\":\"https:\\\/\\\/shark-wheel.eu\\\/#organization\",\"name\":\"Shark Wheel\",\"url\":\"https:\\\/\\\/shark-wheel.eu\\\/\",\"logo\":{\"@type\":\"ImageObject\",\"inLanguage\":\"hu\",\"@id\":\"https:\\\/\\\/shark-wheel.eu\\\/#\\\/schema\\\/logo\\\/image\\\/\",\"url\":\"https:\\\/\\\/shark-wheel.eu\\\/wp-content\\\/uploads\\\/2022\\\/01\\\/shark-wheel-logo-400px.png\",\"contentUrl\":\"https:\\\/\\\/shark-wheel.eu\\\/wp-content\\\/uploads\\\/2022\\\/01\\\/shark-wheel-logo-400px.png\",\"width\":475,\"height\":115,\"caption\":\"Shark Wheel\"},\"image\":{\"@id\":\"https:\\\/\\\/shark-wheel.eu\\\/#\\\/schema\\\/logo\\\/image\\\/\"}}]}<\/script>\n<!-- \/ Yoast SEO plugin. -->","yoast_head_json":{"title":"60mm - SURF SYSTEM BUNDLE by Waterborne (NEW) -","robots":{"index":"index","follow":"follow","max-snippet":"max-snippet:-1","max-image-preview":"max-image-preview:large","max-video-preview":"max-video-preview:-1"},"canonical":"https:\/\/shark-wheel.eu\/hu\/termek\/60mm-surf-system-bundle-by-waterborne-new\/","og_locale":"hu_HU","og_type":"article","og_title":"60mm - SURF SYSTEM BUNDLE by Waterborne (NEW) -","og_description":"4 x 60mm Shark Wheels (one Set)  8 x ABEC9 SHIVER bearings PRO  TKP 150mm Core Trucks  Waterborne Fin System Adaptor  8 Bolts &amp; Nuts  Riser Pads  This Bundle is suited for a Complete Skateboard \/ Cruiser \/ Surfskate or Longboard  The 60mm wheels are meant for smaller distance such as skatepark or pump tracks as the wheels accelerate faster than the 72mm wheels \u00a0It is also easier to perform tricks\/ slides.  &nbsp;","og_url":"https:\/\/shark-wheel.eu\/hu\/termek\/60mm-surf-system-bundle-by-waterborne-new\/","article_modified_time":"2025-07-11T15:15:29+00:00","og_image":[{"width":1280,"height":853,"url":"https:\/\/shark-wheel.eu\/wp-content\/uploads\/2023\/11\/waterborne-Kit.jpg","type":"image\/jpeg"}],"twitter_card":"summary_large_image","twitter_misc":{"Becs\u00fclt olvas\u00e1si id\u0151":"1 perc"},"schema":{"@context":"https:\/\/schema.org","@graph":[{"@type":"WebPage","@id":"https:\/\/shark-wheel.eu\/product\/60mm-surf-system-bundle-by-waterborne-new\/","url":"https:\/\/shark-wheel.eu\/product\/60mm-surf-system-bundle-by-waterborne-new\/","name":"60mm - SURF SYSTEM BUNDLE by Waterborne (NEW) -","isPartOf":{"@id":"https:\/\/shark-wheel.eu\/#website"},"primaryImageOfPage":{"@id":"https:\/\/shark-wheel.eu\/product\/60mm-surf-system-bundle-by-waterborne-new\/#primaryimage"},"image":{"@id":"https:\/\/shark-wheel.eu\/product\/60mm-surf-system-bundle-by-waterborne-new\/#primaryimage"},"thumbnailUrl":"https:\/\/shark-wheel.eu\/wp-content\/uploads\/2023\/11\/waterborne-Kit.jpg","datePublished":"2023-11-02T21:18:58+00:00","dateModified":"2025-07-11T15:15:29+00:00","breadcrumb":{"@id":"https:\/\/shark-wheel.eu\/product\/60mm-surf-system-bundle-by-waterborne-new\/#breadcrumb"},"inLanguage":"hu","potentialAction":[{"@type":"ReadAction","target":["https:\/\/shark-wheel.eu\/product\/60mm-surf-system-bundle-by-waterborne-new\/"]}]},{"@type":"ImageObject","inLanguage":"hu","@id":"https:\/\/shark-wheel.eu\/product\/60mm-surf-system-bundle-by-waterborne-new\/#primaryimage","url":"https:\/\/shark-wheel.eu\/wp-content\/uploads\/2023\/11\/waterborne-Kit.jpg","contentUrl":"https:\/\/shark-wheel.eu\/wp-content\/uploads\/2023\/11\/waterborne-Kit.jpg","width":1280,"height":853,"caption":"60 mm shark wheels - SURF SYSTEM BUNDLE by Waterborne"},{"@type":"BreadcrumbList","@id":"https:\/\/shark-wheel.eu\/product\/60mm-surf-system-bundle-by-waterborne-new\/#breadcrumb","itemListElement":[{"@type":"ListItem","position":1,"name":"Shop","item":"https:\/\/shark-wheel.eu\/shop\/"},{"@type":"ListItem","position":2,"name":"Components","item":"https:\/\/shark-wheel.eu\/product-category\/components\/"},{"@type":"ListItem","position":3,"name":"Accessesories","item":"https:\/\/shark-wheel.eu\/product-category\/components\/accessesories\/"},{"@type":"ListItem","position":4,"name":"60mm &#8211; SURF SYSTEM BUNDLE by Waterborne (NEW)"}]},{"@type":"WebSite","@id":"https:\/\/shark-wheel.eu\/#website","url":"https:\/\/shark-wheel.eu\/","name":"","description":"","publisher":{"@id":"https:\/\/shark-wheel.eu\/#organization"},"potentialAction":[{"@type":"SearchAction","target":{"@type":"EntryPoint","urlTemplate":"https:\/\/shark-wheel.eu\/?s={search_term_string}"},"query-input":{"@type":"PropertyValueSpecification","valueRequired":true,"valueName":"search_term_string"}}],"inLanguage":"hu"},{"@type":"Organization","@id":"https:\/\/shark-wheel.eu\/#organization","name":"Shark Wheel","url":"https:\/\/shark-wheel.eu\/","logo":{"@type":"ImageObject","inLanguage":"hu","@id":"https:\/\/shark-wheel.eu\/#\/schema\/logo\/image\/","url":"https:\/\/shark-wheel.eu\/wp-content\/uploads\/2022\/01\/shark-wheel-logo-400px.png","contentUrl":"https:\/\/shark-wheel.eu\/wp-content\/uploads\/2022\/01\/shark-wheel-logo-400px.png","width":475,"height":115,"caption":"Shark Wheel"},"image":{"@id":"https:\/\/shark-wheel.eu\/#\/schema\/logo\/image\/"}}]}},"jetpack_sharing_enabled":true,"_links":{"self":[{"href":"https:\/\/shark-wheel.eu\/hu\/wp-json\/wp\/v2\/product\/8953","targetHints":{"allow":["GET"]}}],"collection":[{"href":"https:\/\/shark-wheel.eu\/hu\/wp-json\/wp\/v2\/product"}],"about":[{"href":"https:\/\/shark-wheel.eu\/hu\/wp-json\/wp\/v2\/types\/product"}],"replies":[{"embeddable":true,"href":"https:\/\/shark-wheel.eu\/hu\/wp-json\/wp\/v2\/comments?post=8953"}],"wp:featuredmedia":[{"embeddable":true,"href":"https:\/\/shark-wheel.eu\/hu\/wp-json\/wp\/v2\/media\/8958"}],"wp:attachment":[{"href":"https:\/\/shark-wheel.eu\/hu\/wp-json\/wp\/v2\/media?parent=8953"}],"wp:term":[{"taxonomy":"product_brand","embeddable":true,"href":"https:\/\/shark-wheel.eu\/hu\/wp-json\/wp\/v2\/product_brand?post=8953"},{"taxonomy":"product_cat","embeddable":true,"href":"https:\/\/shark-wheel.eu\/hu\/wp-json\/wp\/v2\/product_cat?post=8953"},{"taxonomy":"product_tag","embeddable":true,"href":"https:\/\/shark-wheel.eu\/hu\/wp-json\/wp\/v2\/product_tag?post=8953"}],"curies":[{"name":"wp","href":"https:\/\/api.w.org\/{rel}","templated":true}]}}