{"id":7198,"date":"2020-02-15T00:00:00","date_gmt":"2020-02-15T00:00:00","guid":{"rendered":"http:\/\/shark-wheel.eu\/product\/72mm-78a-clear-with-orange-hub-dna-72mm-78a-turquoise-dna-copy\/"},"modified":"2025-08-31T17:14:19","modified_gmt":"2025-08-31T17:14:19","slug":"72mm-78a-clear-with-orange-hub-dna-72mm-78a-turquoise-dna-copy","status":"publish","type":"product","link":"https:\/\/shark-wheel.eu\/pt\/produto\/72mm-78a-clear-with-orange-hub-dna-72mm-78a-turquoise-dna-copy\/","title":{"rendered":"72 mm, 78A &#8211; CLEAR\/ORANGE DNA"},"content":{"rendered":"<ul>\n<li class=\"en_lang\">Brand new DNA formula.<\/li>\n<li class=\"en_lang\">Fast, soft and superior grip.<\/li>\n<li class=\"en_lang\">Best wheel in the world over rough terrain (pebbles, debris, sand, water, etc).<\/li>\n<li class=\"en_lang\">Made in USA.<\/li>\n<li class=\"en_lang\">All DNA formula wheel purchases comes in sets of 4 wheels total.<\/li>\n<li class=\"de_lang\">BrandneueDNA Formel.<\/li>\n<li class=\"de_lang\">Schnell, weich und \u00fcberlegener Grip.<\/li>\n<li class=\"de_lang\">Welt bestes Rad auf rauen Terrain (Sand, Wasser, Kies, Schutt, ect.)<\/li>\n<li class=\"de_lang\">Hergestellt in den USA.<\/li>\n<li class=\"de_lang\">Alle DNA Formel R\u00e4der werden als 4 Rad Set geliefert.<\/li>\n<li class=\"fr_lang\">F\u00f3rmula de DNA completamente nueva.<\/li>\n<li class=\"fr_lang\">R\u00e1pido, suave y de agarre superior.<\/li>\n<li class=\"fr_lang\">La mejor rueda del mundo para terrenos accidentados (piedras, escombros, arena, agua, etc.).<\/li>\n<li class=\"fr_lang\">Fabricado en EE.UU.<\/li>\n<li class=\"fr_lang\">Todas las compras de ruedas de f\u00f3rmula de DNA vienen en juegos de 4 ruedas en total.<\/li>\n<\/ul>","protected":false},"excerpt":{"rendered":"<p class=\"en_lang\"><strong>*Fast shipping, get it within\u00a024h-48h in Europe<br \/>\n*All orders orderd before 12 a.m. are shipped the same day \ud83d\ude09<br \/>\n*In STOCK ! Ready to ship!<\/strong><br \/>\n*Specific countries or islands may take longer, contact us for info. \ud83d\ude42<\/p>\n<p class=\"de_lang\"><strong>*Schnelle Lieferung, innerhalb Europas in 24-48 Stunden<br \/>\n*Alle Bestellungen vor 12 Uhr werden am selben Tag versendet \ud83d\ude09<br \/>\n*Auf Vorrat, bereit zum Versand!<\/strong><br \/>\n*Der Versand in bestimmte L\u00e4nder oder Inseln k\u00f6nnten l\u00e4nger dauern. Kontaktiere uns f\u00fcr Informationen. \ud83d\ude42<\/p>\n<p class=\"fr_lang\"><strong>*Fast shipping, get it within\u00a024h-48h in Europe<br \/>\n*All orders orderd before 12 a.m. are shipped the same day \ud83d\ude09<br \/>\n*In STOCK ! Ready to ship!<\/strong><br \/>\n*Specific countries or islands may take longer, contact us for info. \ud83d\ude42<\/p>","protected":false},"featured_media":7199,"comment_status":"open","ping_status":"closed","template":"","meta":{"_monsterinsights_skip_tracking":false,"_monsterinsights_sitenote_active":false,"_monsterinsights_sitenote_note":"","_monsterinsights_sitenote_category":0,"_uf_show_specific_survey":0,"_uf_disable_surveys":false},"product_brand":[],"product_cat":[87,77,39,20],"product_tag":[],"class_list":{"0":"post-7198","1":"product","2":"type-product","3":"status-publish","4":"has-post-thumbnail","6":"product_cat-70mm-wheels","7":"product_cat-72mm-wheels","8":"product_cat-longboard-wheels","9":"product_cat-wheels-2","11":"first","12":"outofstock","13":"sale","14":"shipping-taxable","15":"purchasable","16":"product-type-simple"},"yoast_head":"<!-- This site is optimized with the Yoast SEO plugin v27.4 - https:\/\/yoast.com\/product\/yoast-seo-wordpress\/ -->\n<title>72 mm, 78A - CLEAR\/ORANGE DNA -<\/title>\n<meta name=\"robots\" content=\"index, follow, max-snippet:-1, max-image-preview:large, max-video-preview:-1\" \/>\n<link rel=\"canonical\" href=\"https:\/\/shark-wheel.eu\/pt\/produto\/72mm-78a-clear-with-orange-hub-dna-72mm-78a-turquoise-dna-copy\/\" \/>\n<meta property=\"og:locale\" content=\"pt_PT\" \/>\n<meta property=\"og:type\" content=\"article\" \/>\n<meta property=\"og:title\" content=\"72 mm, 78A - CLEAR\/ORANGE DNA -\" \/>\n<meta property=\"og:description\" content=\"*Fast shipping, get it within\u00a024h-48h in Europe *All orders orderd before 12 a.m. are shipped the same day ;) *In STOCK ! Ready to ship! *Specific countries or islands may take longer, contact us for info. :) *Schnelle Lieferung, innerhalb Europas in 24-48 Stunden *Alle Bestellungen vor 12 Uhr werden am selben Tag versendet ;) *Auf Vorrat, bereit zum Versand! *Der Versand in bestimmte L\u00e4nder oder Inseln k\u00f6nnten l\u00e4nger dauern. Kontaktiere uns f\u00fcr Informationen. :) *Fast shipping, get it within\u00a024h-48h in Europe *All orders orderd before 12 a.m. are shipped the same day ;) *In STOCK ! Ready to ship! *Specific countries or islands may take longer, contact us for info. :)\" \/>\n<meta property=\"og:url\" content=\"https:\/\/shark-wheel.eu\/pt\/produto\/72mm-78a-clear-with-orange-hub-dna-72mm-78a-turquoise-dna-copy\/\" \/>\n<meta property=\"article:modified_time\" content=\"2025-08-31T17:14:19+00:00\" \/>\n<meta property=\"og:image\" content=\"https:\/\/shark-wheel.eu\/wp-content\/uploads\/2021\/07\/06_DNA_CLEAR_ORANGE_HUB__21897.1556071641-min-1.jpg\" \/>\n\t<meta property=\"og:image:width\" content=\"1280\" \/>\n\t<meta property=\"og:image:height\" content=\"719\" \/>\n\t<meta property=\"og:image:type\" content=\"image\/jpeg\" \/>\n<meta name=\"twitter:card\" content=\"summary_large_image\" \/>\n<meta name=\"twitter:label1\" content=\"Est. reading time\" \/>\n\t<meta name=\"twitter:data1\" content=\"1 minuto\" \/>\n<script type=\"application\/ld+json\" class=\"yoast-schema-graph\">{\"@context\":\"https:\\\/\\\/schema.org\",\"@graph\":[{\"@type\":\"WebPage\",\"@id\":\"https:\\\/\\\/shark-wheel.eu\\\/product\\\/72mm-78a-clear-with-orange-hub-dna-72mm-78a-turquoise-dna-copy\\\/\",\"url\":\"https:\\\/\\\/shark-wheel.eu\\\/product\\\/72mm-78a-clear-with-orange-hub-dna-72mm-78a-turquoise-dna-copy\\\/\",\"name\":\"72 mm, 78A - CLEAR\\\/ORANGE DNA -\",\"isPartOf\":{\"@id\":\"https:\\\/\\\/shark-wheel.eu\\\/#website\"},\"primaryImageOfPage\":{\"@id\":\"https:\\\/\\\/shark-wheel.eu\\\/product\\\/72mm-78a-clear-with-orange-hub-dna-72mm-78a-turquoise-dna-copy\\\/#primaryimage\"},\"image\":{\"@id\":\"https:\\\/\\\/shark-wheel.eu\\\/product\\\/72mm-78a-clear-with-orange-hub-dna-72mm-78a-turquoise-dna-copy\\\/#primaryimage\"},\"thumbnailUrl\":\"https:\\\/\\\/shark-wheel.eu\\\/wp-content\\\/uploads\\\/2021\\\/07\\\/06_DNA_CLEAR_ORANGE_HUB__21897.1556071641-min-1.jpg\",\"datePublished\":\"2020-02-15T00:00:00+00:00\",\"dateModified\":\"2025-08-31T17:14:19+00:00\",\"breadcrumb\":{\"@id\":\"https:\\\/\\\/shark-wheel.eu\\\/product\\\/72mm-78a-clear-with-orange-hub-dna-72mm-78a-turquoise-dna-copy\\\/#breadcrumb\"},\"inLanguage\":\"pt-PT\",\"potentialAction\":[{\"@type\":\"ReadAction\",\"target\":[\"https:\\\/\\\/shark-wheel.eu\\\/product\\\/72mm-78a-clear-with-orange-hub-dna-72mm-78a-turquoise-dna-copy\\\/\"]}]},{\"@type\":\"ImageObject\",\"inLanguage\":\"pt-PT\",\"@id\":\"https:\\\/\\\/shark-wheel.eu\\\/product\\\/72mm-78a-clear-with-orange-hub-dna-72mm-78a-turquoise-dna-copy\\\/#primaryimage\",\"url\":\"https:\\\/\\\/shark-wheel.eu\\\/wp-content\\\/uploads\\\/2021\\\/07\\\/06_DNA_CLEAR_ORANGE_HUB__21897.1556071641-min-1.jpg\",\"contentUrl\":\"https:\\\/\\\/shark-wheel.eu\\\/wp-content\\\/uploads\\\/2021\\\/07\\\/06_DNA_CLEAR_ORANGE_HUB__21897.1556071641-min-1.jpg\",\"width\":1280,\"height\":719},{\"@type\":\"BreadcrumbList\",\"@id\":\"https:\\\/\\\/shark-wheel.eu\\\/product\\\/72mm-78a-clear-with-orange-hub-dna-72mm-78a-turquoise-dna-copy\\\/#breadcrumb\",\"itemListElement\":[{\"@type\":\"ListItem\",\"position\":1,\"name\":\"Shop\",\"item\":\"https:\\\/\\\/shark-wheel.eu\\\/shop\\\/\"},{\"@type\":\"ListItem\",\"position\":2,\"name\":\"Wheels\",\"item\":\"https:\\\/\\\/shark-wheel.eu\\\/product-category\\\/wheels-2\\\/\"},{\"@type\":\"ListItem\",\"position\":3,\"name\":\"Longboard Wheels\",\"item\":\"https:\\\/\\\/shark-wheel.eu\\\/product-category\\\/wheels-2\\\/longboard-wheels\\\/\"},{\"@type\":\"ListItem\",\"position\":4,\"name\":\"70mm Wheels\",\"item\":\"https:\\\/\\\/shark-wheel.eu\\\/product-category\\\/wheels-2\\\/longboard-wheels\\\/70mm-wheels\\\/\"},{\"@type\":\"ListItem\",\"position\":5,\"name\":\"72 mm, 78A &#8211; CLEAR\\\/ORANGE DNA\"}]},{\"@type\":\"WebSite\",\"@id\":\"https:\\\/\\\/shark-wheel.eu\\\/#website\",\"url\":\"https:\\\/\\\/shark-wheel.eu\\\/\",\"name\":\"\",\"description\":\"\",\"publisher\":{\"@id\":\"https:\\\/\\\/shark-wheel.eu\\\/#organization\"},\"potentialAction\":[{\"@type\":\"SearchAction\",\"target\":{\"@type\":\"EntryPoint\",\"urlTemplate\":\"https:\\\/\\\/shark-wheel.eu\\\/?s={search_term_string}\"},\"query-input\":{\"@type\":\"PropertyValueSpecification\",\"valueRequired\":true,\"valueName\":\"search_term_string\"}}],\"inLanguage\":\"pt-PT\"},{\"@type\":\"Organization\",\"@id\":\"https:\\\/\\\/shark-wheel.eu\\\/#organization\",\"name\":\"Shark Wheel\",\"url\":\"https:\\\/\\\/shark-wheel.eu\\\/\",\"logo\":{\"@type\":\"ImageObject\",\"inLanguage\":\"pt-PT\",\"@id\":\"https:\\\/\\\/shark-wheel.eu\\\/#\\\/schema\\\/logo\\\/image\\\/\",\"url\":\"https:\\\/\\\/shark-wheel.eu\\\/wp-content\\\/uploads\\\/2022\\\/01\\\/shark-wheel-logo-400px.png\",\"contentUrl\":\"https:\\\/\\\/shark-wheel.eu\\\/wp-content\\\/uploads\\\/2022\\\/01\\\/shark-wheel-logo-400px.png\",\"width\":475,\"height\":115,\"caption\":\"Shark Wheel\"},\"image\":{\"@id\":\"https:\\\/\\\/shark-wheel.eu\\\/#\\\/schema\\\/logo\\\/image\\\/\"}}]}<\/script>\n<!-- \/ Yoast SEO plugin. -->","yoast_head_json":{"title":"72 mm, 78A - CLEAR\/ORANGE DNA -","robots":{"index":"index","follow":"follow","max-snippet":"max-snippet:-1","max-image-preview":"max-image-preview:large","max-video-preview":"max-video-preview:-1"},"canonical":"https:\/\/shark-wheel.eu\/pt\/produto\/72mm-78a-clear-with-orange-hub-dna-72mm-78a-turquoise-dna-copy\/","og_locale":"pt_PT","og_type":"article","og_title":"72 mm, 78A - CLEAR\/ORANGE DNA -","og_description":"*Fast shipping, get it within\u00a024h-48h in Europe *All orders orderd before 12 a.m. are shipped the same day ;) *In STOCK ! Ready to ship! *Specific countries or islands may take longer, contact us for info. :) *Schnelle Lieferung, innerhalb Europas in 24-48 Stunden *Alle Bestellungen vor 12 Uhr werden am selben Tag versendet ;) *Auf Vorrat, bereit zum Versand! *Der Versand in bestimmte L\u00e4nder oder Inseln k\u00f6nnten l\u00e4nger dauern. Kontaktiere uns f\u00fcr Informationen. :) *Fast shipping, get it within\u00a024h-48h in Europe *All orders orderd before 12 a.m. are shipped the same day ;) *In STOCK ! Ready to ship! *Specific countries or islands may take longer, contact us for info. :)","og_url":"https:\/\/shark-wheel.eu\/pt\/produto\/72mm-78a-clear-with-orange-hub-dna-72mm-78a-turquoise-dna-copy\/","article_modified_time":"2025-08-31T17:14:19+00:00","og_image":[{"width":1280,"height":719,"url":"https:\/\/shark-wheel.eu\/wp-content\/uploads\/2021\/07\/06_DNA_CLEAR_ORANGE_HUB__21897.1556071641-min-1.jpg","type":"image\/jpeg"}],"twitter_card":"summary_large_image","twitter_misc":{"Est. reading time":"1 minuto"},"schema":{"@context":"https:\/\/schema.org","@graph":[{"@type":"WebPage","@id":"https:\/\/shark-wheel.eu\/product\/72mm-78a-clear-with-orange-hub-dna-72mm-78a-turquoise-dna-copy\/","url":"https:\/\/shark-wheel.eu\/product\/72mm-78a-clear-with-orange-hub-dna-72mm-78a-turquoise-dna-copy\/","name":"72 mm, 78A - CLEAR\/ORANGE DNA -","isPartOf":{"@id":"https:\/\/shark-wheel.eu\/#website"},"primaryImageOfPage":{"@id":"https:\/\/shark-wheel.eu\/product\/72mm-78a-clear-with-orange-hub-dna-72mm-78a-turquoise-dna-copy\/#primaryimage"},"image":{"@id":"https:\/\/shark-wheel.eu\/product\/72mm-78a-clear-with-orange-hub-dna-72mm-78a-turquoise-dna-copy\/#primaryimage"},"thumbnailUrl":"https:\/\/shark-wheel.eu\/wp-content\/uploads\/2021\/07\/06_DNA_CLEAR_ORANGE_HUB__21897.1556071641-min-1.jpg","datePublished":"2020-02-15T00:00:00+00:00","dateModified":"2025-08-31T17:14:19+00:00","breadcrumb":{"@id":"https:\/\/shark-wheel.eu\/product\/72mm-78a-clear-with-orange-hub-dna-72mm-78a-turquoise-dna-copy\/#breadcrumb"},"inLanguage":"pt-PT","potentialAction":[{"@type":"ReadAction","target":["https:\/\/shark-wheel.eu\/product\/72mm-78a-clear-with-orange-hub-dna-72mm-78a-turquoise-dna-copy\/"]}]},{"@type":"ImageObject","inLanguage":"pt-PT","@id":"https:\/\/shark-wheel.eu\/product\/72mm-78a-clear-with-orange-hub-dna-72mm-78a-turquoise-dna-copy\/#primaryimage","url":"https:\/\/shark-wheel.eu\/wp-content\/uploads\/2021\/07\/06_DNA_CLEAR_ORANGE_HUB__21897.1556071641-min-1.jpg","contentUrl":"https:\/\/shark-wheel.eu\/wp-content\/uploads\/2021\/07\/06_DNA_CLEAR_ORANGE_HUB__21897.1556071641-min-1.jpg","width":1280,"height":719},{"@type":"BreadcrumbList","@id":"https:\/\/shark-wheel.eu\/product\/72mm-78a-clear-with-orange-hub-dna-72mm-78a-turquoise-dna-copy\/#breadcrumb","itemListElement":[{"@type":"ListItem","position":1,"name":"Shop","item":"https:\/\/shark-wheel.eu\/shop\/"},{"@type":"ListItem","position":2,"name":"Wheels","item":"https:\/\/shark-wheel.eu\/product-category\/wheels-2\/"},{"@type":"ListItem","position":3,"name":"Longboard Wheels","item":"https:\/\/shark-wheel.eu\/product-category\/wheels-2\/longboard-wheels\/"},{"@type":"ListItem","position":4,"name":"70mm Wheels","item":"https:\/\/shark-wheel.eu\/product-category\/wheels-2\/longboard-wheels\/70mm-wheels\/"},{"@type":"ListItem","position":5,"name":"72 mm, 78A &#8211; CLEAR\/ORANGE DNA"}]},{"@type":"WebSite","@id":"https:\/\/shark-wheel.eu\/#website","url":"https:\/\/shark-wheel.eu\/","name":"","description":"","publisher":{"@id":"https:\/\/shark-wheel.eu\/#organization"},"potentialAction":[{"@type":"SearchAction","target":{"@type":"EntryPoint","urlTemplate":"https:\/\/shark-wheel.eu\/?s={search_term_string}"},"query-input":{"@type":"PropertyValueSpecification","valueRequired":true,"valueName":"search_term_string"}}],"inLanguage":"pt-PT"},{"@type":"Organization","@id":"https:\/\/shark-wheel.eu\/#organization","name":"Shark Wheel","url":"https:\/\/shark-wheel.eu\/","logo":{"@type":"ImageObject","inLanguage":"pt-PT","@id":"https:\/\/shark-wheel.eu\/#\/schema\/logo\/image\/","url":"https:\/\/shark-wheel.eu\/wp-content\/uploads\/2022\/01\/shark-wheel-logo-400px.png","contentUrl":"https:\/\/shark-wheel.eu\/wp-content\/uploads\/2022\/01\/shark-wheel-logo-400px.png","width":475,"height":115,"caption":"Shark Wheel"},"image":{"@id":"https:\/\/shark-wheel.eu\/#\/schema\/logo\/image\/"}}]}},"jetpack_sharing_enabled":true,"_links":{"self":[{"href":"https:\/\/shark-wheel.eu\/pt\/wp-json\/wp\/v2\/product\/7198","targetHints":{"allow":["GET"]}}],"collection":[{"href":"https:\/\/shark-wheel.eu\/pt\/wp-json\/wp\/v2\/product"}],"about":[{"href":"https:\/\/shark-wheel.eu\/pt\/wp-json\/wp\/v2\/types\/product"}],"replies":[{"embeddable":true,"href":"https:\/\/shark-wheel.eu\/pt\/wp-json\/wp\/v2\/comments?post=7198"}],"wp:featuredmedia":[{"embeddable":true,"href":"https:\/\/shark-wheel.eu\/pt\/wp-json\/wp\/v2\/media\/7199"}],"wp:attachment":[{"href":"https:\/\/shark-wheel.eu\/pt\/wp-json\/wp\/v2\/media?parent=7198"}],"wp:term":[{"taxonomy":"product_brand","embeddable":true,"href":"https:\/\/shark-wheel.eu\/pt\/wp-json\/wp\/v2\/product_brand?post=7198"},{"taxonomy":"product_cat","embeddable":true,"href":"https:\/\/shark-wheel.eu\/pt\/wp-json\/wp\/v2\/product_cat?post=7198"},{"taxonomy":"product_tag","embeddable":true,"href":"https:\/\/shark-wheel.eu\/pt\/wp-json\/wp\/v2\/product_tag?post=7198"}],"curies":[{"name":"wp","href":"https:\/\/api.w.org\/{rel}","templated":true}]}}