{"id":7226,"date":"2020-05-08T00:00:00","date_gmt":"2020-05-08T00:00:00","guid":{"rendered":"http:\/\/shark-wheel.eu\/product\/60mm-78a-transparent-purple-california-roll\/"},"modified":"2025-10-05T02:30:27","modified_gmt":"2025-10-05T02:30:27","slug":"60mm-78a-transparent-purple-california-roll","status":"publish","type":"product","link":"https:\/\/shark-wheel.eu\/pt\/produto\/60mm-78a-transparent-purple-california-roll\/","title":{"rendered":"60 mm, 78A &#8211; TRANSPARENT PURPLE CALIFORNIA ROLL"},"content":{"rendered":"<ul>\n<li class=\"en_lang\"><strong>Excellent for cruising or carving; the California Rolls fit on smaller decks such Pennys and Cruisers.<\/strong><\/li>\n<li class=\"en_lang\"><strong>Great for cruising and for smaller or mini-longboards<\/strong><\/li>\n<li class=\"en_lang\"><strong>60mm \u2013 78a \u2013 Skateboard Wheels<\/strong><\/li>\n<li class=\"en_lang\"><strong>Made in USA<\/strong><\/li>\n<li class=\"de_lang\"><strong>Perfekt f\u00fcr Cruising und Carving; die Callifornia Rolls passen auf kleinere Decks wie Pannys und Cruisers.<\/strong><\/li>\n<li class=\"de_lang\"><strong>Gro\u00dfartig zum Cruising und f\u00fcr kleinere oder mini-Longboards<\/strong><\/li>\n<li class=\"de_lang\"><strong>60 mm-78a-Skateboard R\u00e4der<\/strong><\/li>\n<li class=\"de_lang\"><strong>Hergestellt in den USA<\/strong><\/li>\n<li class=\"fr_lang\"><strong>Excelente para cruisers o carvers; los California Rolls caben en cubiertas m\u00e1s peque\u00f1as como Pennys y Cruisers.<\/strong><\/li>\n<li class=\"fr_lang\"><strong>Ideal para cruisers y para tablas peque\u00f1as o mini-longboard.<\/strong><\/li>\n<li class=\"fr_lang\"><strong>Ruedas de skate &#8211; 60mm &#8211; 78a<\/strong><\/li>\n<li class=\"fr_lang\"><strong>Fabricado en EE.UU<\/strong><\/li>\n<li>All 60mm wheel purchases comes in sets of 4 wheels total<\/li>\n<\/ul>","protected":false},"excerpt":{"rendered":"<p><strong><span class=\"en_lang\">*Fast shipping, get it within\u00a024h-48h in Europe<\/span><\/strong><\/p>\n<p><strong><span class=\"en_lang\">*All orders orderd before 12 a.m. are shipped the same day \ud83d\ude09<\/span><\/strong><\/p>\n<p><strong><span class=\"en_lang\">*In STOCK ! Ready to ship!<\/span><\/strong><\/p>\n<p><span class=\"en_lang\">*Specific countries or islands may take longer, contact us for info. \ud83d\ude42<\/span><\/p>\n<p><strong><span class=\"de_lang\">*Schnelle Lieferung, innerhalb Europas in 24-48 Stunden<\/span><\/strong><\/p>\n<p><strong><span class=\"de_lang\">*Alle Bestellungen vor 12 Uhr werden am selben Tag versendet \ud83d\ude09<\/span><\/strong><\/p>\n<p><strong><span class=\"de_lang\">*Auf Vorrat, bereit zum Versand!<\/span><\/strong><\/p>\n<p><span class=\"de_lang\">*Der Versand in bestimmte L\u00e4nder oder Inseln k\u00f6nnten l\u00e4nger dauern. Kontaktiere uns f\u00fcr Informationen. \ud83d\ude42<\/span><\/p>\n<p><strong><span class=\"fr_lang\">*Fast shipping, get it within\u00a024h-48h in Europe<\/span><\/strong><\/p>\n<p><strong><span class=\"fr_lang\">*All orders orderd before 12 a.m. are shipped the same day \ud83d\ude09<\/span><\/strong><\/p>\n<p><strong><span class=\"fr_lang\">*In STOCK ! Ready to ship!<\/span><\/strong><\/p>\n<p><span class=\"fr_lang\">*Specific countries or islands may take longer, contact us for info. \ud83d\ude42<\/span><\/p>","protected":false},"featured_media":7317,"comment_status":"open","ping_status":"closed","template":"","meta":{"_monsterinsights_skip_tracking":false,"_monsterinsights_sitenote_active":false,"_monsterinsights_sitenote_note":"","_monsterinsights_sitenote_category":0,"_uf_show_specific_survey":0,"_uf_disable_surveys":false},"product_brand":[],"product_cat":[78,38,20],"product_tag":[],"class_list":{"0":"post-7226","1":"product","2":"type-product","3":"status-publish","4":"has-post-thumbnail","6":"product_cat-60mm-wheels","7":"product_cat-skateboard-wheels","8":"product_cat-wheels-2","10":"first","11":"outofstock","12":"sale","13":"shipping-taxable","14":"purchasable","15":"product-type-simple"},"yoast_head":"<!-- This site is optimized with the Yoast SEO plugin v27.3 - https:\/\/yoast.com\/product\/yoast-seo-wordpress\/ -->\n<title>60 mm, 78A - TRANSPARENT PURPLE CALIFORNIA ROLL -<\/title>\n<meta name=\"robots\" content=\"index, follow, max-snippet:-1, max-image-preview:large, max-video-preview:-1\" \/>\n<link rel=\"canonical\" href=\"https:\/\/shark-wheel.eu\/pt\/produto\/60mm-78a-transparent-purple-california-roll\/\" \/>\n<meta property=\"og:locale\" content=\"pt_PT\" \/>\n<meta property=\"og:type\" content=\"article\" \/>\n<meta property=\"og:title\" content=\"60 mm, 78A - TRANSPARENT PURPLE CALIFORNIA ROLL -\" \/>\n<meta property=\"og:description\" content=\"*Fast shipping, get it within\u00a024h-48h in Europe  *All orders orderd before 12 a.m. are shipped the same day ;)  *In STOCK ! Ready to ship!  *Specific countries or islands may take longer, contact us for info. :)  *Schnelle Lieferung, innerhalb Europas in 24-48 Stunden  *Alle Bestellungen vor 12 Uhr werden am selben Tag versendet ;)  *Auf Vorrat, bereit zum Versand!  *Der Versand in bestimmte L\u00e4nder oder Inseln k\u00f6nnten l\u00e4nger dauern. Kontaktiere uns f\u00fcr Informationen. :)  *Fast shipping, get it within\u00a024h-48h in Europe  *All orders orderd before 12 a.m. are shipped the same day ;)  *In STOCK ! Ready to ship!  *Specific countries or islands may take longer, contact us for info. :)\" \/>\n<meta property=\"og:url\" content=\"https:\/\/shark-wheel.eu\/pt\/produto\/60mm-78a-transparent-purple-california-roll\/\" \/>\n<meta property=\"article:modified_time\" content=\"2025-10-05T02:30:27+00:00\" \/>\n<meta property=\"og:image\" content=\"https:\/\/shark-wheel.eu\/wp-content\/uploads\/2021\/07\/IMG_1683-1.jpeg\" \/>\n\t<meta property=\"og:image:width\" content=\"1280\" \/>\n\t<meta property=\"og:image:height\" content=\"719\" \/>\n\t<meta property=\"og:image:type\" content=\"image\/jpeg\" \/>\n<meta name=\"twitter:card\" content=\"summary_large_image\" \/>\n<meta name=\"twitter:label1\" content=\"Est. reading time\" \/>\n\t<meta name=\"twitter:data1\" content=\"1 minuto\" \/>\n<script type=\"application\/ld+json\" class=\"yoast-schema-graph\">{\"@context\":\"https:\\\/\\\/schema.org\",\"@graph\":[{\"@type\":\"WebPage\",\"@id\":\"https:\\\/\\\/shark-wheel.eu\\\/product\\\/60mm-78a-transparent-purple-california-roll\\\/\",\"url\":\"https:\\\/\\\/shark-wheel.eu\\\/product\\\/60mm-78a-transparent-purple-california-roll\\\/\",\"name\":\"60 mm, 78A - TRANSPARENT PURPLE CALIFORNIA ROLL -\",\"isPartOf\":{\"@id\":\"https:\\\/\\\/shark-wheel.eu\\\/#website\"},\"primaryImageOfPage\":{\"@id\":\"https:\\\/\\\/shark-wheel.eu\\\/product\\\/60mm-78a-transparent-purple-california-roll\\\/#primaryimage\"},\"image\":{\"@id\":\"https:\\\/\\\/shark-wheel.eu\\\/product\\\/60mm-78a-transparent-purple-california-roll\\\/#primaryimage\"},\"thumbnailUrl\":\"https:\\\/\\\/shark-wheel.eu\\\/wp-content\\\/uploads\\\/2021\\\/07\\\/IMG_1683-1.jpeg\",\"datePublished\":\"2020-05-08T00:00:00+00:00\",\"dateModified\":\"2025-10-05T02:30:27+00:00\",\"breadcrumb\":{\"@id\":\"https:\\\/\\\/shark-wheel.eu\\\/product\\\/60mm-78a-transparent-purple-california-roll\\\/#breadcrumb\"},\"inLanguage\":\"pt-PT\",\"potentialAction\":[{\"@type\":\"ReadAction\",\"target\":[\"https:\\\/\\\/shark-wheel.eu\\\/product\\\/60mm-78a-transparent-purple-california-roll\\\/\"]}]},{\"@type\":\"ImageObject\",\"inLanguage\":\"pt-PT\",\"@id\":\"https:\\\/\\\/shark-wheel.eu\\\/product\\\/60mm-78a-transparent-purple-california-roll\\\/#primaryimage\",\"url\":\"https:\\\/\\\/shark-wheel.eu\\\/wp-content\\\/uploads\\\/2021\\\/07\\\/IMG_1683-1.jpeg\",\"contentUrl\":\"https:\\\/\\\/shark-wheel.eu\\\/wp-content\\\/uploads\\\/2021\\\/07\\\/IMG_1683-1.jpeg\",\"width\":1280,\"height\":719},{\"@type\":\"BreadcrumbList\",\"@id\":\"https:\\\/\\\/shark-wheel.eu\\\/product\\\/60mm-78a-transparent-purple-california-roll\\\/#breadcrumb\",\"itemListElement\":[{\"@type\":\"ListItem\",\"position\":1,\"name\":\"Shop\",\"item\":\"https:\\\/\\\/shark-wheel.eu\\\/shop\\\/\"},{\"@type\":\"ListItem\",\"position\":2,\"name\":\"Wheels\",\"item\":\"https:\\\/\\\/shark-wheel.eu\\\/product-category\\\/wheels-2\\\/\"},{\"@type\":\"ListItem\",\"position\":3,\"name\":\"60 mm, 78A &#8211; TRANSPARENT PURPLE CALIFORNIA ROLL\"}]},{\"@type\":\"WebSite\",\"@id\":\"https:\\\/\\\/shark-wheel.eu\\\/#website\",\"url\":\"https:\\\/\\\/shark-wheel.eu\\\/\",\"name\":\"\",\"description\":\"\",\"publisher\":{\"@id\":\"https:\\\/\\\/shark-wheel.eu\\\/#organization\"},\"potentialAction\":[{\"@type\":\"SearchAction\",\"target\":{\"@type\":\"EntryPoint\",\"urlTemplate\":\"https:\\\/\\\/shark-wheel.eu\\\/?s={search_term_string}\"},\"query-input\":{\"@type\":\"PropertyValueSpecification\",\"valueRequired\":true,\"valueName\":\"search_term_string\"}}],\"inLanguage\":\"pt-PT\"},{\"@type\":\"Organization\",\"@id\":\"https:\\\/\\\/shark-wheel.eu\\\/#organization\",\"name\":\"Shark Wheel\",\"url\":\"https:\\\/\\\/shark-wheel.eu\\\/\",\"logo\":{\"@type\":\"ImageObject\",\"inLanguage\":\"pt-PT\",\"@id\":\"https:\\\/\\\/shark-wheel.eu\\\/#\\\/schema\\\/logo\\\/image\\\/\",\"url\":\"https:\\\/\\\/shark-wheel.eu\\\/wp-content\\\/uploads\\\/2022\\\/01\\\/shark-wheel-logo-400px.png\",\"contentUrl\":\"https:\\\/\\\/shark-wheel.eu\\\/wp-content\\\/uploads\\\/2022\\\/01\\\/shark-wheel-logo-400px.png\",\"width\":475,\"height\":115,\"caption\":\"Shark Wheel\"},\"image\":{\"@id\":\"https:\\\/\\\/shark-wheel.eu\\\/#\\\/schema\\\/logo\\\/image\\\/\"}}]}<\/script>\n<!-- \/ Yoast SEO plugin. -->","yoast_head_json":{"title":"60 mm, 78A - TRANSPARENT PURPLE CALIFORNIA ROLL -","robots":{"index":"index","follow":"follow","max-snippet":"max-snippet:-1","max-image-preview":"max-image-preview:large","max-video-preview":"max-video-preview:-1"},"canonical":"https:\/\/shark-wheel.eu\/pt\/produto\/60mm-78a-transparent-purple-california-roll\/","og_locale":"pt_PT","og_type":"article","og_title":"60 mm, 78A - TRANSPARENT PURPLE CALIFORNIA ROLL -","og_description":"*Fast shipping, get it within\u00a024h-48h in Europe  *All orders orderd before 12 a.m. are shipped the same day ;)  *In STOCK ! Ready to ship!  *Specific countries or islands may take longer, contact us for info. :)  *Schnelle Lieferung, innerhalb Europas in 24-48 Stunden  *Alle Bestellungen vor 12 Uhr werden am selben Tag versendet ;)  *Auf Vorrat, bereit zum Versand!  *Der Versand in bestimmte L\u00e4nder oder Inseln k\u00f6nnten l\u00e4nger dauern. Kontaktiere uns f\u00fcr Informationen. :)  *Fast shipping, get it within\u00a024h-48h in Europe  *All orders orderd before 12 a.m. are shipped the same day ;)  *In STOCK ! Ready to ship!  *Specific countries or islands may take longer, contact us for info. :)","og_url":"https:\/\/shark-wheel.eu\/pt\/produto\/60mm-78a-transparent-purple-california-roll\/","article_modified_time":"2025-10-05T02:30:27+00:00","og_image":[{"width":1280,"height":719,"url":"https:\/\/shark-wheel.eu\/wp-content\/uploads\/2021\/07\/IMG_1683-1.jpeg","type":"image\/jpeg"}],"twitter_card":"summary_large_image","twitter_misc":{"Est. reading time":"1 minuto"},"schema":{"@context":"https:\/\/schema.org","@graph":[{"@type":"WebPage","@id":"https:\/\/shark-wheel.eu\/product\/60mm-78a-transparent-purple-california-roll\/","url":"https:\/\/shark-wheel.eu\/product\/60mm-78a-transparent-purple-california-roll\/","name":"60 mm, 78A - TRANSPARENT PURPLE CALIFORNIA ROLL -","isPartOf":{"@id":"https:\/\/shark-wheel.eu\/#website"},"primaryImageOfPage":{"@id":"https:\/\/shark-wheel.eu\/product\/60mm-78a-transparent-purple-california-roll\/#primaryimage"},"image":{"@id":"https:\/\/shark-wheel.eu\/product\/60mm-78a-transparent-purple-california-roll\/#primaryimage"},"thumbnailUrl":"https:\/\/shark-wheel.eu\/wp-content\/uploads\/2021\/07\/IMG_1683-1.jpeg","datePublished":"2020-05-08T00:00:00+00:00","dateModified":"2025-10-05T02:30:27+00:00","breadcrumb":{"@id":"https:\/\/shark-wheel.eu\/product\/60mm-78a-transparent-purple-california-roll\/#breadcrumb"},"inLanguage":"pt-PT","potentialAction":[{"@type":"ReadAction","target":["https:\/\/shark-wheel.eu\/product\/60mm-78a-transparent-purple-california-roll\/"]}]},{"@type":"ImageObject","inLanguage":"pt-PT","@id":"https:\/\/shark-wheel.eu\/product\/60mm-78a-transparent-purple-california-roll\/#primaryimage","url":"https:\/\/shark-wheel.eu\/wp-content\/uploads\/2021\/07\/IMG_1683-1.jpeg","contentUrl":"https:\/\/shark-wheel.eu\/wp-content\/uploads\/2021\/07\/IMG_1683-1.jpeg","width":1280,"height":719},{"@type":"BreadcrumbList","@id":"https:\/\/shark-wheel.eu\/product\/60mm-78a-transparent-purple-california-roll\/#breadcrumb","itemListElement":[{"@type":"ListItem","position":1,"name":"Shop","item":"https:\/\/shark-wheel.eu\/shop\/"},{"@type":"ListItem","position":2,"name":"Wheels","item":"https:\/\/shark-wheel.eu\/product-category\/wheels-2\/"},{"@type":"ListItem","position":3,"name":"60 mm, 78A &#8211; TRANSPARENT PURPLE CALIFORNIA ROLL"}]},{"@type":"WebSite","@id":"https:\/\/shark-wheel.eu\/#website","url":"https:\/\/shark-wheel.eu\/","name":"","description":"","publisher":{"@id":"https:\/\/shark-wheel.eu\/#organization"},"potentialAction":[{"@type":"SearchAction","target":{"@type":"EntryPoint","urlTemplate":"https:\/\/shark-wheel.eu\/?s={search_term_string}"},"query-input":{"@type":"PropertyValueSpecification","valueRequired":true,"valueName":"search_term_string"}}],"inLanguage":"pt-PT"},{"@type":"Organization","@id":"https:\/\/shark-wheel.eu\/#organization","name":"Shark Wheel","url":"https:\/\/shark-wheel.eu\/","logo":{"@type":"ImageObject","inLanguage":"pt-PT","@id":"https:\/\/shark-wheel.eu\/#\/schema\/logo\/image\/","url":"https:\/\/shark-wheel.eu\/wp-content\/uploads\/2022\/01\/shark-wheel-logo-400px.png","contentUrl":"https:\/\/shark-wheel.eu\/wp-content\/uploads\/2022\/01\/shark-wheel-logo-400px.png","width":475,"height":115,"caption":"Shark Wheel"},"image":{"@id":"https:\/\/shark-wheel.eu\/#\/schema\/logo\/image\/"}}]}},"jetpack_sharing_enabled":true,"_links":{"self":[{"href":"https:\/\/shark-wheel.eu\/pt\/wp-json\/wp\/v2\/product\/7226","targetHints":{"allow":["GET"]}}],"collection":[{"href":"https:\/\/shark-wheel.eu\/pt\/wp-json\/wp\/v2\/product"}],"about":[{"href":"https:\/\/shark-wheel.eu\/pt\/wp-json\/wp\/v2\/types\/product"}],"replies":[{"embeddable":true,"href":"https:\/\/shark-wheel.eu\/pt\/wp-json\/wp\/v2\/comments?post=7226"}],"wp:featuredmedia":[{"embeddable":true,"href":"https:\/\/shark-wheel.eu\/pt\/wp-json\/wp\/v2\/media\/7317"}],"wp:attachment":[{"href":"https:\/\/shark-wheel.eu\/pt\/wp-json\/wp\/v2\/media?parent=7226"}],"wp:term":[{"taxonomy":"product_brand","embeddable":true,"href":"https:\/\/shark-wheel.eu\/pt\/wp-json\/wp\/v2\/product_brand?post=7226"},{"taxonomy":"product_cat","embeddable":true,"href":"https:\/\/shark-wheel.eu\/pt\/wp-json\/wp\/v2\/product_cat?post=7226"},{"taxonomy":"product_tag","embeddable":true,"href":"https:\/\/shark-wheel.eu\/pt\/wp-json\/wp\/v2\/product_tag?post=7226"}],"curies":[{"name":"wp","href":"https:\/\/api.w.org\/{rel}","templated":true}]}}