{"id":7177,"date":"2019-09-07T00:00:00","date_gmt":"2019-09-07T00:00:00","guid":{"rendered":"http:\/\/shark-wheel.eu\/product\/handcrafted-pintail-longboard\/"},"modified":"2025-08-31T17:14:19","modified_gmt":"2025-08-31T17:14:19","slug":"handcrafted-pintail-longboard","status":"publish","type":"product","link":"https:\/\/shark-wheel.eu\/ro\/produs\/handcrafted-pintail-longboard\/","title":{"rendered":"RIVER EDITION &#8211; By Special Boards"},"content":{"rendered":"<p>**Ships end of Avgust 2023<\/p>\n<p class=\"en_lang lang-text\">SB-BoardS is a small company located in a tiny country of Slovenia, Europe. We specialize in high quality handmade boards, made with the very best of local materials. Each board is constructed through hours upon hours of careful handwork which makes every Sb board unique. Boards are meant for people who do not desire basic off-the-shelf designs.<\/p>\n<p class=\"en_lang lang-text\"><strong>River Pintail Longboard<\/strong><br \/>\nThe design is certainly an eye-catcher. Inspired by a famous local river So\u010da, this board puts a bit of the unpredictable nature in its design. Customers love its great maneuverability and practicality.<br \/>\nTake it anywhere and enjoy a stable ride while looking the part.<\/p>\n<p class=\"en_lang lang-text\"><strong>Shark Wheels<\/strong><br \/>\nSuperior All-Terrain Performance. Reinvention of the Wheel<br \/>\nScientifically proven advantages: rough terrain, friction in motion, longer lasting<br \/>\nAs seen on Shark Tank, the Discovery Channel, FedEx Commercials, FOX<br \/>\nShark Wheels used by multiple Fortune 500 companies in other industries<br \/>\n57% Less Friction When in Motion<\/p>\n<p class=\"de_lang lang-text\">SB-BoardS ist eine kleine Firma aus dem kleinen europ\u00e4ischen Land Slowenien. Wir haben uns auf qualitatiev hochwertige, handgefertigte Boards spezialisiert und fertigen sie aus den wertigsten lokalen Materialien. Jedes Board wurde Stunde f\u00fcr Stunde mit unserer pr\u00e4ziesen Handarbeit gefertigt, was f\u00fcr eine Enzigartigkeit von jedem SB Bord sorgt. Die Boards werden f\u00fcr die gefertigt, die kein standart Industrieboard fahren wollen.<\/p>\n<p class=\"de_lang lang-text\"><strong>River Pintail Longboard<\/strong><br \/>\nDer Klassiker verbessert. Die klassische Pintail-Form ist perfekt, um deine Lieblingsstra\u00dfe runterzufahren, w\u00e4hrend du dich in dem Sonnenuntergang verlierst. Es ist gro\u00dfartig f\u00fcr alle arten von carving und crusen, die Pintail-Form ist aus einigen Gr\u00fcnden f\u00fcr viele die Beliebteste. Sie ist vielseitig und stylisch, besonders in unserer nat\u00fcrlichen Hartholz-Kombination und verbindet gro\u00dfartiges Handwerk mit Design.<\/p>\n<p class=\"de_lang lang-text\">Dieses Design ist auf jeden Fall ein Hingucker. Von dem legend\u00e4ren Fluss \u201cSo\u010da\u201d inspiriert, tr\u00e4gt das Board etwas von der Unvorhersehbarkeit der Natur in sich. Die Kunden lieben besonders die Man\u00f6vrierf\u00e4higkeit und die Praktikabilit\u00e4t. Du kannst es \u00fcberall hin mitnehmen und kannst eine sichere Fahrt genie\u00dfen, w\u00e4hrend du dein Board bestaunen kannst.<\/p>\n<p class=\"de_lang lang-text\"><strong>Shark Wheels<\/strong><br \/>\n\u00dcberlegen auf jedem Terrain. Die Neuerfingung des Rads<br \/>\nWissenschaftlich gepr\u00fcfte Vorteile: Raues Terrain, Reibung bei N\u00e4sse, l\u00e4ngere Lebenszeit<br \/>\nGezeigt auf Shark Tank, the Discovery Channel, FedEx Commercials, FOX<br \/>\nShark Wheels werden von \u00fcber 500 Firmen in unterschiedlichen Industrien verwendet<br \/>\n57% weniger Reibung wenn die R\u00e4der in Bewegung ist<\/p>\n<p class=\"fr_lang lang-text\">SB-Boards es una peque\u00f1a compa\u00f1\u00eda situada en el peque\u00f1o pa\u00eds de Eslovenia, Europa. Somos especialistas en tablas artesanales de alta calidad, elaboradas con los mejores materiales locales. Cada tabla se construye a trav\u00e9s de horas y horas de cuidadoso trabajo manual que hace que cada tabla Sb sea \u00fanica. Los tablas est\u00e1n destinados a personas que no desean dise\u00f1os b\u00e1sicos listos para usar.<\/p>\n<p class=\"fr_lang lang-text\"><strong>River Pintail Longboard<\/strong><br \/>\nEl dise\u00f1o es sin duda llamativo. Inspirada en un famoso r\u00edo local So\u010da, esta tabla pone un poco de naturaleza impredecible en su dise\u00f1o.<\/p>\n<p class=\"fr_lang lang-text\">A los clientes les encanta su gran maniobrabilidad y practicidad.<br \/>\nLl\u00e9velo a cualquier parte y disfrute de un viaje estable mientras mira la pieza.<\/p>\n<p class=\"fr_lang lang-text\"><strong>Shark Wheels<\/strong><br \/>\nRendimiento superior en todo terreno. Reinvenci\u00f3n de la rueda<br \/>\nVentajas cient\u00edficamente probadas: terreno accidentado, fricci\u00f3n en movimiento, mayor duraci\u00f3n<br \/>\nComo se comprob\u00f3 en Shark Tank, Discovery Channel, FedEx Commercials, FOX<br \/>\nShark Wheels utilizado por varias empresas de Fortune 500 en otras industrias<br \/>\n57% menos fricci\u00f3n en movimiento<\/p>","protected":false},"excerpt":{"rendered":"<p class=\"en_lang lang-text\">*Length: 33.5&#8221; Width: 9.6&#8221; WB: 22.8&#8221;<br \/>\n*Limited edition collaborational board<br \/>\n*Unique &amp; Handcrafted from start to finish<br \/>\n*Made In Europe in Slovenia with sustainability in mind (waterbased glue, no plastic packaging etc.)<br \/>\n*60mm, 78a Shark Wheel DNA Wheels (email us if you want 72mm)<br \/>\n*Shiver 180mm reverse kingpin trucks with reversible hangar<br \/>\n*Shiver Abec 9 built-in spacer bearings<br \/>\n*Black broadcast grip tape<br \/>\n*Perfect concave &amp; flex<\/p>\n<p class=\"de_lang lang-text\">*Vorr\u00e4tig, bereit zum Verschicken!<br \/>\n*L\u00e4nde: 33.5\u2019\u2019 Breite: 9.6\u2019\u2019 WB: 22.8\u2019\u2019<br \/>\n*Limitierte Kollaboration (Special Boards X Shark Wheel)<br \/>\n*Einzigartig und Hand gefertigt vom Anfang bis zum Ende<br \/>\n*Made in Europe in Slowenien mit Blick auf Nachhaltigkeit (Klebstoff auf Wasserbasis, keine Kunststoffverpackung usw.)<br \/>\n*60mm, 78a Shark Wheel DNA Wheels (mailen Sie uns, wenn Sie 72mm wollen)<br \/>\n*Shiver 180mm Reverse Kingpin Trucks mit umkehrbarem Hangar<br \/>\n*Shiver Abec 9 eingebaute Abstandslager<br \/>\n*Schwarzes Griptape<br \/>\n*Perfekte Konkaven und Schliff<\/p>\n<p class=\"fr_lang lang-text\">*\u00a1En stock y listo para ser enviado!<br \/>\n*Largo: 33.5 &#8220;Ancho: 9.6&#8243; WB: 22.8&#8221;<br \/>\n*Tabla colaborativa de edici\u00f3n limitada (Special Boards X Shark Wheel)<br \/>\n*\u00danico y hecho a mano de principio a fin<br \/>\n*Fabricado en Europa en Eslovenia teniendo en cuenta la sostenibilidad (pegamento a base de agua, sin envases de pl\u00e1stico, etc.)<br \/>\n*Ruedas DNA de sharwheels de 60 mm, 78a (env\u00edenos un correo electr\u00f3nico si desea 72 mm)<br \/>\n*Ejes de pivote central inverso de 180 mm Shiver con hangar reversible<br \/>\n*Rodamientos separadores incorporados Shiver Abec 9<br \/>\n*Grip de difusi\u00f3n negro<br \/>\n*Perfecto c\u00f3ncavo y flexibilidad<\/p>","protected":false},"featured_media":9408,"comment_status":"open","ping_status":"closed","template":"","meta":{"_monsterinsights_skip_tracking":false,"_monsterinsights_sitenote_active":false,"_monsterinsights_sitenote_note":"","_monsterinsights_sitenote_category":0,"_uf_show_specific_survey":0,"_uf_disable_surveys":false},"product_brand":[],"product_cat":[26,80,42],"product_tag":[],"class_list":{"0":"post-7177","1":"product","2":"type-product","3":"status-publish","4":"has-post-thumbnail","6":"product_cat-fully-assembled-boards","7":"product_cat-handcrafted-boards","8":"product_cat-longboards","9":"product_shipping_class-bigger-package-dhl","11":"first","12":"instock","13":"sale","14":"shipping-taxable","15":"purchasable","16":"product-type-variable"},"yoast_head":"<!-- This site is optimized with the Yoast SEO plugin v27.3 - https:\/\/yoast.com\/product\/yoast-seo-wordpress\/ -->\n<title>RIVER EDITION - By Special Boards -<\/title>\n<meta name=\"robots\" content=\"index, follow, max-snippet:-1, max-image-preview:large, max-video-preview:-1\" \/>\n<link rel=\"canonical\" href=\"https:\/\/shark-wheel.eu\/ro\/produs\/handcrafted-pintail-longboard\/\" \/>\n<meta property=\"og:locale\" content=\"ro_RO\" \/>\n<meta property=\"og:type\" content=\"article\" \/>\n<meta property=\"og:title\" content=\"RIVER EDITION - By Special Boards -\" \/>\n<meta property=\"og:description\" content=\"*Length: 33.5&#039;&#039; Width: 9.6&#039;&#039; WB: 22.8&#039;&#039; *Limited edition collaborational board *Unique &amp; Handcrafted from start to finish *Made In Europe in Slovenia with sustainability in mind (waterbased glue, no plastic packaging etc.) *60mm, 78a Shark Wheel DNA Wheels (email us if you want 72mm) *Shiver 180mm reverse kingpin trucks with reversible hangar *Shiver Abec 9 built-in spacer bearings *Black broadcast grip tape *Perfect concave &amp; flex *Vorr\u00e4tig, bereit zum Verschicken! *L\u00e4nde: 33.5\u2019\u2019 Breite: 9.6\u2019\u2019 WB: 22.8\u2019\u2019 *Limitierte Kollaboration (Special Boards X Shark Wheel) *Einzigartig und Hand gefertigt vom Anfang bis zum Ende *Made in Europe in Slowenien mit Blick auf Nachhaltigkeit (Klebstoff auf Wasserbasis, keine Kunststoffverpackung usw.) *60mm, 78a Shark Wheel DNA Wheels (mailen Sie uns, wenn Sie 72mm wollen) *Shiver 180mm Reverse Kingpin Trucks mit umkehrbarem Hangar *Shiver Abec 9 eingebaute Abstandslager *Schwarzes Griptape *Perfekte Konkaven und Schliff *\u00a1En stock y listo para ser enviado! *Largo: 33.5 &quot;Ancho: 9.6&quot; WB: 22.8&quot; *Tabla colaborativa de edici\u00f3n limitada (Special Boards X Shark Wheel) *\u00danico y hecho a mano de principio a fin *Fabricado en Europa en Eslovenia teniendo en cuenta la sostenibilidad (pegamento a base de agua, sin envases de pl\u00e1stico, etc.) *Ruedas DNA de sharwheels de 60 mm, 78a (env\u00edenos un correo electr\u00f3nico si desea 72 mm) *Ejes de pivote central inverso de 180 mm Shiver con hangar reversible *Rodamientos separadores incorporados Shiver Abec 9 *Grip de difusi\u00f3n negro *Perfecto c\u00f3ncavo y flexibilidad\" \/>\n<meta property=\"og:url\" content=\"https:\/\/shark-wheel.eu\/ro\/produs\/handcrafted-pintail-longboard\/\" \/>\n<meta property=\"article:modified_time\" content=\"2025-08-31T17:14:19+00:00\" \/>\n<meta property=\"og:image\" content=\"http:\/\/shark-wheel.eu\/wp-content\/uploads\/2024\/08\/IMG_4487-scaled.jpg\" \/>\n\t<meta property=\"og:image:width\" content=\"1920\" \/>\n\t<meta property=\"og:image:height\" content=\"2560\" \/>\n\t<meta property=\"og:image:type\" content=\"image\/jpeg\" \/>\n<meta name=\"twitter:card\" content=\"summary_large_image\" \/>\n<meta name=\"twitter:label1\" content=\"Timp estimat pentru citire\" \/>\n\t<meta name=\"twitter:data1\" content=\"3 minute\" \/>\n<script type=\"application\/ld+json\" class=\"yoast-schema-graph\">{\"@context\":\"https:\\\/\\\/schema.org\",\"@graph\":[{\"@type\":\"WebPage\",\"@id\":\"https:\\\/\\\/shark-wheel.eu\\\/product\\\/handcrafted-pintail-longboard\\\/\",\"url\":\"https:\\\/\\\/shark-wheel.eu\\\/product\\\/handcrafted-pintail-longboard\\\/\",\"name\":\"RIVER EDITION - By Special Boards -\",\"isPartOf\":{\"@id\":\"https:\\\/\\\/shark-wheel.eu\\\/#website\"},\"primaryImageOfPage\":{\"@id\":\"https:\\\/\\\/shark-wheel.eu\\\/product\\\/handcrafted-pintail-longboard\\\/#primaryimage\"},\"image\":{\"@id\":\"https:\\\/\\\/shark-wheel.eu\\\/product\\\/handcrafted-pintail-longboard\\\/#primaryimage\"},\"thumbnailUrl\":\"https:\\\/\\\/shark-wheel.eu\\\/wp-content\\\/uploads\\\/2024\\\/08\\\/IMG_4487-scaled.jpg\",\"datePublished\":\"2019-09-07T00:00:00+00:00\",\"dateModified\":\"2025-08-31T17:14:19+00:00\",\"breadcrumb\":{\"@id\":\"https:\\\/\\\/shark-wheel.eu\\\/product\\\/handcrafted-pintail-longboard\\\/#breadcrumb\"},\"inLanguage\":\"ro-RO\",\"potentialAction\":[{\"@type\":\"ReadAction\",\"target\":[\"https:\\\/\\\/shark-wheel.eu\\\/product\\\/handcrafted-pintail-longboard\\\/\"]}]},{\"@type\":\"ImageObject\",\"inLanguage\":\"ro-RO\",\"@id\":\"https:\\\/\\\/shark-wheel.eu\\\/product\\\/handcrafted-pintail-longboard\\\/#primaryimage\",\"url\":\"https:\\\/\\\/shark-wheel.eu\\\/wp-content\\\/uploads\\\/2024\\\/08\\\/IMG_4487-scaled.jpg\",\"contentUrl\":\"https:\\\/\\\/shark-wheel.eu\\\/wp-content\\\/uploads\\\/2024\\\/08\\\/IMG_4487-scaled.jpg\",\"width\":1920,\"height\":2560},{\"@type\":\"BreadcrumbList\",\"@id\":\"https:\\\/\\\/shark-wheel.eu\\\/product\\\/handcrafted-pintail-longboard\\\/#breadcrumb\",\"itemListElement\":[{\"@type\":\"ListItem\",\"position\":1,\"name\":\"Shop\",\"item\":\"https:\\\/\\\/shark-wheel.eu\\\/shop\\\/\"},{\"@type\":\"ListItem\",\"position\":2,\"name\":\"Assembled Boards\",\"item\":\"https:\\\/\\\/shark-wheel.eu\\\/product-category\\\/fully-assembled-boards\\\/\"},{\"@type\":\"ListItem\",\"position\":3,\"name\":\"Handcrafted Boards\",\"item\":\"https:\\\/\\\/shark-wheel.eu\\\/product-category\\\/fully-assembled-boards\\\/handcrafted-boards\\\/\"},{\"@type\":\"ListItem\",\"position\":4,\"name\":\"RIVER EDITION &#8211; By Special Boards\"}]},{\"@type\":\"WebSite\",\"@id\":\"https:\\\/\\\/shark-wheel.eu\\\/#website\",\"url\":\"https:\\\/\\\/shark-wheel.eu\\\/\",\"name\":\"\",\"description\":\"\",\"publisher\":{\"@id\":\"https:\\\/\\\/shark-wheel.eu\\\/#organization\"},\"potentialAction\":[{\"@type\":\"SearchAction\",\"target\":{\"@type\":\"EntryPoint\",\"urlTemplate\":\"https:\\\/\\\/shark-wheel.eu\\\/?s={search_term_string}\"},\"query-input\":{\"@type\":\"PropertyValueSpecification\",\"valueRequired\":true,\"valueName\":\"search_term_string\"}}],\"inLanguage\":\"ro-RO\"},{\"@type\":\"Organization\",\"@id\":\"https:\\\/\\\/shark-wheel.eu\\\/#organization\",\"name\":\"Shark Wheel\",\"url\":\"https:\\\/\\\/shark-wheel.eu\\\/\",\"logo\":{\"@type\":\"ImageObject\",\"inLanguage\":\"ro-RO\",\"@id\":\"https:\\\/\\\/shark-wheel.eu\\\/#\\\/schema\\\/logo\\\/image\\\/\",\"url\":\"https:\\\/\\\/shark-wheel.eu\\\/wp-content\\\/uploads\\\/2022\\\/01\\\/shark-wheel-logo-400px.png\",\"contentUrl\":\"https:\\\/\\\/shark-wheel.eu\\\/wp-content\\\/uploads\\\/2022\\\/01\\\/shark-wheel-logo-400px.png\",\"width\":475,\"height\":115,\"caption\":\"Shark Wheel\"},\"image\":{\"@id\":\"https:\\\/\\\/shark-wheel.eu\\\/#\\\/schema\\\/logo\\\/image\\\/\"}}]}<\/script>\n<!-- \/ Yoast SEO plugin. -->","yoast_head_json":{"title":"RIVER EDITION - By Special Boards -","robots":{"index":"index","follow":"follow","max-snippet":"max-snippet:-1","max-image-preview":"max-image-preview:large","max-video-preview":"max-video-preview:-1"},"canonical":"https:\/\/shark-wheel.eu\/ro\/produs\/handcrafted-pintail-longboard\/","og_locale":"ro_RO","og_type":"article","og_title":"RIVER EDITION - By Special Boards -","og_description":"*Length: 33.5'' Width: 9.6'' WB: 22.8'' *Limited edition collaborational board *Unique &amp; Handcrafted from start to finish *Made In Europe in Slovenia with sustainability in mind (waterbased glue, no plastic packaging etc.) *60mm, 78a Shark Wheel DNA Wheels (email us if you want 72mm) *Shiver 180mm reverse kingpin trucks with reversible hangar *Shiver Abec 9 built-in spacer bearings *Black broadcast grip tape *Perfect concave &amp; flex *Vorr\u00e4tig, bereit zum Verschicken! *L\u00e4nde: 33.5\u2019\u2019 Breite: 9.6\u2019\u2019 WB: 22.8\u2019\u2019 *Limitierte Kollaboration (Special Boards X Shark Wheel) *Einzigartig und Hand gefertigt vom Anfang bis zum Ende *Made in Europe in Slowenien mit Blick auf Nachhaltigkeit (Klebstoff auf Wasserbasis, keine Kunststoffverpackung usw.) *60mm, 78a Shark Wheel DNA Wheels (mailen Sie uns, wenn Sie 72mm wollen) *Shiver 180mm Reverse Kingpin Trucks mit umkehrbarem Hangar *Shiver Abec 9 eingebaute Abstandslager *Schwarzes Griptape *Perfekte Konkaven und Schliff *\u00a1En stock y listo para ser enviado! *Largo: 33.5 \"Ancho: 9.6\" WB: 22.8\" *Tabla colaborativa de edici\u00f3n limitada (Special Boards X Shark Wheel) *\u00danico y hecho a mano de principio a fin *Fabricado en Europa en Eslovenia teniendo en cuenta la sostenibilidad (pegamento a base de agua, sin envases de pl\u00e1stico, etc.) *Ruedas DNA de sharwheels de 60 mm, 78a (env\u00edenos un correo electr\u00f3nico si desea 72 mm) *Ejes de pivote central inverso de 180 mm Shiver con hangar reversible *Rodamientos separadores incorporados Shiver Abec 9 *Grip de difusi\u00f3n negro *Perfecto c\u00f3ncavo y flexibilidad","og_url":"https:\/\/shark-wheel.eu\/ro\/produs\/handcrafted-pintail-longboard\/","article_modified_time":"2025-08-31T17:14:19+00:00","og_image":[{"width":1920,"height":2560,"url":"http:\/\/shark-wheel.eu\/wp-content\/uploads\/2024\/08\/IMG_4487-scaled.jpg","type":"image\/jpeg"}],"twitter_card":"summary_large_image","twitter_misc":{"Timp estimat pentru citire":"3 minute"},"schema":{"@context":"https:\/\/schema.org","@graph":[{"@type":"WebPage","@id":"https:\/\/shark-wheel.eu\/product\/handcrafted-pintail-longboard\/","url":"https:\/\/shark-wheel.eu\/product\/handcrafted-pintail-longboard\/","name":"RIVER EDITION - By Special Boards -","isPartOf":{"@id":"https:\/\/shark-wheel.eu\/#website"},"primaryImageOfPage":{"@id":"https:\/\/shark-wheel.eu\/product\/handcrafted-pintail-longboard\/#primaryimage"},"image":{"@id":"https:\/\/shark-wheel.eu\/product\/handcrafted-pintail-longboard\/#primaryimage"},"thumbnailUrl":"https:\/\/shark-wheel.eu\/wp-content\/uploads\/2024\/08\/IMG_4487-scaled.jpg","datePublished":"2019-09-07T00:00:00+00:00","dateModified":"2025-08-31T17:14:19+00:00","breadcrumb":{"@id":"https:\/\/shark-wheel.eu\/product\/handcrafted-pintail-longboard\/#breadcrumb"},"inLanguage":"ro-RO","potentialAction":[{"@type":"ReadAction","target":["https:\/\/shark-wheel.eu\/product\/handcrafted-pintail-longboard\/"]}]},{"@type":"ImageObject","inLanguage":"ro-RO","@id":"https:\/\/shark-wheel.eu\/product\/handcrafted-pintail-longboard\/#primaryimage","url":"https:\/\/shark-wheel.eu\/wp-content\/uploads\/2024\/08\/IMG_4487-scaled.jpg","contentUrl":"https:\/\/shark-wheel.eu\/wp-content\/uploads\/2024\/08\/IMG_4487-scaled.jpg","width":1920,"height":2560},{"@type":"BreadcrumbList","@id":"https:\/\/shark-wheel.eu\/product\/handcrafted-pintail-longboard\/#breadcrumb","itemListElement":[{"@type":"ListItem","position":1,"name":"Shop","item":"https:\/\/shark-wheel.eu\/shop\/"},{"@type":"ListItem","position":2,"name":"Assembled Boards","item":"https:\/\/shark-wheel.eu\/product-category\/fully-assembled-boards\/"},{"@type":"ListItem","position":3,"name":"Handcrafted Boards","item":"https:\/\/shark-wheel.eu\/product-category\/fully-assembled-boards\/handcrafted-boards\/"},{"@type":"ListItem","position":4,"name":"RIVER EDITION &#8211; By Special Boards"}]},{"@type":"WebSite","@id":"https:\/\/shark-wheel.eu\/#website","url":"https:\/\/shark-wheel.eu\/","name":"","description":"","publisher":{"@id":"https:\/\/shark-wheel.eu\/#organization"},"potentialAction":[{"@type":"SearchAction","target":{"@type":"EntryPoint","urlTemplate":"https:\/\/shark-wheel.eu\/?s={search_term_string}"},"query-input":{"@type":"PropertyValueSpecification","valueRequired":true,"valueName":"search_term_string"}}],"inLanguage":"ro-RO"},{"@type":"Organization","@id":"https:\/\/shark-wheel.eu\/#organization","name":"Shark Wheel","url":"https:\/\/shark-wheel.eu\/","logo":{"@type":"ImageObject","inLanguage":"ro-RO","@id":"https:\/\/shark-wheel.eu\/#\/schema\/logo\/image\/","url":"https:\/\/shark-wheel.eu\/wp-content\/uploads\/2022\/01\/shark-wheel-logo-400px.png","contentUrl":"https:\/\/shark-wheel.eu\/wp-content\/uploads\/2022\/01\/shark-wheel-logo-400px.png","width":475,"height":115,"caption":"Shark Wheel"},"image":{"@id":"https:\/\/shark-wheel.eu\/#\/schema\/logo\/image\/"}}]}},"jetpack_sharing_enabled":true,"_links":{"self":[{"href":"https:\/\/shark-wheel.eu\/ro\/wp-json\/wp\/v2\/product\/7177","targetHints":{"allow":["GET"]}}],"collection":[{"href":"https:\/\/shark-wheel.eu\/ro\/wp-json\/wp\/v2\/product"}],"about":[{"href":"https:\/\/shark-wheel.eu\/ro\/wp-json\/wp\/v2\/types\/product"}],"replies":[{"embeddable":true,"href":"https:\/\/shark-wheel.eu\/ro\/wp-json\/wp\/v2\/comments?post=7177"}],"wp:featuredmedia":[{"embeddable":true,"href":"https:\/\/shark-wheel.eu\/ro\/wp-json\/wp\/v2\/media\/9408"}],"wp:attachment":[{"href":"https:\/\/shark-wheel.eu\/ro\/wp-json\/wp\/v2\/media?parent=7177"}],"wp:term":[{"taxonomy":"product_brand","embeddable":true,"href":"https:\/\/shark-wheel.eu\/ro\/wp-json\/wp\/v2\/product_brand?post=7177"},{"taxonomy":"product_cat","embeddable":true,"href":"https:\/\/shark-wheel.eu\/ro\/wp-json\/wp\/v2\/product_cat?post=7177"},{"taxonomy":"product_tag","embeddable":true,"href":"https:\/\/shark-wheel.eu\/ro\/wp-json\/wp\/v2\/product_tag?post=7177"}],"curies":[{"name":"wp","href":"https:\/\/api.w.org\/{rel}","templated":true}]}}