{"id":9521,"date":"2024-10-26T18:18:48","date_gmt":"2024-10-26T18:18:48","guid":{"rendered":"https:\/\/shark-wheel.eu\/?post_type=product&#038;p=9521"},"modified":"2026-02-16T08:25:46","modified_gmt":"2026-02-16T08:25:46","slug":"60-mm-78a-orange-california-roll-2","status":"publish","type":"product","link":"https:\/\/shark-wheel.eu\/sk\/produkt\/60-mm-78a-orange-california-roll-2\/","title":{"rendered":"60 mm, 78A &#8211; ORANGE CALIFORNIA ROLL"},"content":{"rendered":"<h2 style=\"text-align: center;\"><b>Fits all standard Skateboards &amp; Surskates &amp; Cruisers<\/b><\/h2>\n<p><strong><span style=\"color: #23a858;\">\u2713\u00a0<\/span><\/strong>Sector 9, Landyachtz, Loaded Boards, Arbor Longboards, Dusters, Santa Cruz, Globe, Carver, YOW &amp; Bohanel Boards<\/p>\n<p><img fetchpriority=\"high\" decoding=\"async\" class=\"wp-image-10300 aligncenter\" src=\"https:\/\/shark-wheel.eu\/wp-content\/uploads\/2019\/06\/gif-multi-terrain-2.gif\" alt=\"\" width=\"398\" height=\"398\" \/><\/p>\n<h2 style=\"text-align: center;\">Cracks, Sand, Rocks ? No problem!<\/h2>\n<p><strong><span style=\"color: #23a858;\">\u2713\u00a0<\/span>Approach Angle:<\/strong> Shark Wheels use a unique 30-degree approach angle to reduce shocks and glide around obstacles. It\u2019s like driving over a speed bump at an angle to soften the impact. Unlike standard wheels that try to roll straight over, Shark Wheels adapt and move smoothly around obstacles.<\/p>\n<p><img decoding=\"async\" class=\"wp-image-10299 aligncenter\" src=\"https:\/\/shark-wheel.eu\/wp-content\/uploads\/2019\/06\/performance-2.gif\" alt=\"\" width=\"410\" height=\"410\" \/><\/p>\n<p>&nbsp;<\/p>\n<p><b><strong><span style=\"color: #23a858;\">\u2713\u00a0<\/span><\/strong>Better Slide Control: <\/b>Shark Wheels have 3 lips gripping the surface, compared to just 1 on regular wheels. This makes slides easier to start and much more predictable to control. The wheels actually spin while they slide, creating a smooth transition between sliding and riding. They also handle flat spots well, wearing evenly all around. Whether you\u2019re on a surfskate or speeding downhill, you\u2019ll be amazed by the smooth, controlled experience.<\/p>\n<p><b><strong><span style=\"color: #23a858;\">\u2713\u00a0<\/span><\/strong>Shark Wheels have 57% less rolling resistance <\/b>than traditional wheels. The unique design puts more pressure on the 3 contact points, enhancing grip while maintaining speed.<\/p>\n<p>&nbsp;<\/p>\n<p><strong>Shipping Times<\/strong><\/p>\n<ul>\n<li>Europe: 3-5 days<\/li>\n<li>United Kingdom: 4-7 days<\/li>\n<li>Switzerland: 4-7 days<\/li>\n<li>Rest of the world\u00a0 5-8 days<\/li>\n<\/ul>\n<h2 style=\"text-align: center;\"><strong><span style=\"color: #23a858;\">Offer is limited\u00a0<\/span><\/strong><strong>and\u00a0can end at anytime. Just click\u00a0<\/strong><strong><span style=\"color: #23a858;\">ADD TO CART<\/span><\/strong><strong>\u00a0to get yours now!<\/strong><\/h2>\n<p><img decoding=\"async\" class=\"wp-image-10492 aligncenter\" src=\"https:\/\/shark-wheel.eu\/wp-content\/uploads\/2025\/06\/green-money-back-sign-17514634.jpg-300x300.webp\" alt=\"\" width=\"138\" height=\"138\" srcset=\"https:\/\/shark-wheel.eu\/wp-content\/uploads\/2025\/06\/green-money-back-sign-17514634.jpg-300x300.webp 300w, https:\/\/shark-wheel.eu\/wp-content\/uploads\/2025\/06\/green-money-back-sign-17514634.jpg-150x150.webp 150w, https:\/\/shark-wheel.eu\/wp-content\/uploads\/2025\/06\/green-money-back-sign-17514634.jpg-768x768.webp 768w, https:\/\/shark-wheel.eu\/wp-content\/uploads\/2025\/06\/green-money-back-sign-17514634.jpg-600x600.webp 600w, https:\/\/shark-wheel.eu\/wp-content\/uploads\/2025\/06\/green-money-back-sign-17514634.jpg-160x160.webp 160w, https:\/\/shark-wheel.eu\/wp-content\/uploads\/2025\/06\/green-money-back-sign-17514634.jpg-575x575.webp 575w, https:\/\/shark-wheel.eu\/wp-content\/uploads\/2025\/06\/green-money-back-sign-17514634.jpg-380x380.webp 380w, https:\/\/shark-wheel.eu\/wp-content\/uploads\/2025\/06\/green-money-back-sign-17514634.jpg-420x420.webp 420w, https:\/\/shark-wheel.eu\/wp-content\/uploads\/2025\/06\/green-money-back-sign-17514634.jpg-100x100.webp 100w, https:\/\/shark-wheel.eu\/wp-content\/uploads\/2025\/06\/green-money-back-sign-17514634.jpg.webp 800w\" sizes=\"(max-width: 138px) 100vw, 138px\" \/><\/p>\n<p style=\"text-align: center;\">Not satisfied with your order? We&#8217;re proud to offer a risk-free 30 day money back guarantee. Get a full refund and keep all your bonuses. Don&#8217;t hesitate to contact us at Lukas(at)shark-wheel.eu<\/p>","protected":false},"excerpt":{"rendered":"<ul class=\"show-tick\">\n<li>Go effortlessly over cracks\/rough terrain<\/li>\n<li>Hits at an 30\u00b0angle to reduce vibrations<\/li>\n<li>Kicks small rocks left &amp; right<\/li>\n<\/ul>","protected":false},"featured_media":8200,"comment_status":"closed","ping_status":"closed","template":"","meta":{"_monsterinsights_skip_tracking":false,"_monsterinsights_sitenote_active":false,"_monsterinsights_sitenote_note":"","_monsterinsights_sitenote_category":0,"_uf_show_specific_survey":0,"_uf_disable_surveys":false},"product_brand":[],"product_cat":[78,38,20],"product_tag":[],"class_list":{"0":"post-9521","1":"product","2":"type-product","3":"status-publish","4":"has-post-thumbnail","6":"product_cat-60mm-wheels","7":"product_cat-skateboard-wheels","8":"product_cat-wheels-2","10":"first","11":"outofstock","12":"sale","13":"shipping-taxable","14":"purchasable","15":"product-type-simple"},"yoast_head":"<!-- This site is optimized with the Yoast SEO plugin v27.3 - https:\/\/yoast.com\/product\/yoast-seo-wordpress\/ -->\n<title>60 mm, 78A - ORANGE CALIFORNIA ROLL -<\/title>\n<meta name=\"robots\" content=\"index, follow, max-snippet:-1, max-image-preview:large, max-video-preview:-1\" \/>\n<link rel=\"canonical\" href=\"https:\/\/shark-wheel.eu\/sk\/produkt\/60-mm-78a-orange-california-roll-2\/\" \/>\n<meta property=\"og:locale\" content=\"sk_SK\" \/>\n<meta property=\"og:type\" content=\"article\" \/>\n<meta property=\"og:title\" content=\"60 mm, 78A - ORANGE CALIFORNIA ROLL -\" \/>\n<meta property=\"og:description\" content=\"Go effortlessly over cracks\/rough terrain  Hits at an 30\u00b0angle to reduce vibrations  Kicks small rocks left &amp; right\" \/>\n<meta property=\"og:url\" content=\"https:\/\/shark-wheel.eu\/sk\/produkt\/60-mm-78a-orange-california-roll-2\/\" \/>\n<meta property=\"article:modified_time\" content=\"2026-02-16T08:25:46+00:00\" \/>\n<meta property=\"og:image\" content=\"https:\/\/shark-wheel.eu\/wp-content\/uploads\/2022\/04\/60mm_Orange_Cali_Roll_2022.jpeg\" \/>\n\t<meta property=\"og:image:width\" content=\"1280\" \/>\n\t<meta property=\"og:image:height\" content=\"719\" \/>\n\t<meta property=\"og:image:type\" content=\"image\/jpeg\" \/>\n<meta name=\"twitter:card\" content=\"summary_large_image\" \/>\n<meta name=\"twitter:label1\" content=\"Predpokladan\u00fd \u010das \u010d\u00edtania\" \/>\n\t<meta name=\"twitter:data1\" content=\"1 min\u00fata\" \/>\n<script type=\"application\/ld+json\" class=\"yoast-schema-graph\">{\"@context\":\"https:\\\/\\\/schema.org\",\"@graph\":[{\"@type\":\"WebPage\",\"@id\":\"https:\\\/\\\/shark-wheel.eu\\\/product\\\/60-mm-78a-orange-california-roll-2\\\/\",\"url\":\"https:\\\/\\\/shark-wheel.eu\\\/product\\\/60-mm-78a-orange-california-roll-2\\\/\",\"name\":\"60 mm, 78A - ORANGE CALIFORNIA ROLL -\",\"isPartOf\":{\"@id\":\"https:\\\/\\\/shark-wheel.eu\\\/#website\"},\"primaryImageOfPage\":{\"@id\":\"https:\\\/\\\/shark-wheel.eu\\\/product\\\/60-mm-78a-orange-california-roll-2\\\/#primaryimage\"},\"image\":{\"@id\":\"https:\\\/\\\/shark-wheel.eu\\\/product\\\/60-mm-78a-orange-california-roll-2\\\/#primaryimage\"},\"thumbnailUrl\":\"https:\\\/\\\/shark-wheel.eu\\\/wp-content\\\/uploads\\\/2022\\\/04\\\/60mm_Orange_Cali_Roll_2022.jpeg\",\"datePublished\":\"2024-10-26T18:18:48+00:00\",\"dateModified\":\"2026-02-16T08:25:46+00:00\",\"breadcrumb\":{\"@id\":\"https:\\\/\\\/shark-wheel.eu\\\/product\\\/60-mm-78a-orange-california-roll-2\\\/#breadcrumb\"},\"inLanguage\":\"sk-SK\",\"potentialAction\":[{\"@type\":\"ReadAction\",\"target\":[\"https:\\\/\\\/shark-wheel.eu\\\/product\\\/60-mm-78a-orange-california-roll-2\\\/\"]}]},{\"@type\":\"ImageObject\",\"inLanguage\":\"sk-SK\",\"@id\":\"https:\\\/\\\/shark-wheel.eu\\\/product\\\/60-mm-78a-orange-california-roll-2\\\/#primaryimage\",\"url\":\"https:\\\/\\\/shark-wheel.eu\\\/wp-content\\\/uploads\\\/2022\\\/04\\\/60mm_Orange_Cali_Roll_2022.jpeg\",\"contentUrl\":\"https:\\\/\\\/shark-wheel.eu\\\/wp-content\\\/uploads\\\/2022\\\/04\\\/60mm_Orange_Cali_Roll_2022.jpeg\",\"width\":1280,\"height\":719,\"caption\":\"Cali roll shark wheel 60 mm orange\"},{\"@type\":\"BreadcrumbList\",\"@id\":\"https:\\\/\\\/shark-wheel.eu\\\/product\\\/60-mm-78a-orange-california-roll-2\\\/#breadcrumb\",\"itemListElement\":[{\"@type\":\"ListItem\",\"position\":1,\"name\":\"Shop\",\"item\":\"https:\\\/\\\/shark-wheel.eu\\\/shop\\\/\"},{\"@type\":\"ListItem\",\"position\":2,\"name\":\"Wheels\",\"item\":\"https:\\\/\\\/shark-wheel.eu\\\/product-category\\\/wheels-2\\\/\"},{\"@type\":\"ListItem\",\"position\":3,\"name\":\"Skateboard Wheels\",\"item\":\"https:\\\/\\\/shark-wheel.eu\\\/product-category\\\/wheels-2\\\/skateboard-wheels\\\/\"},{\"@type\":\"ListItem\",\"position\":4,\"name\":\"60mm Wheels\",\"item\":\"https:\\\/\\\/shark-wheel.eu\\\/product-category\\\/wheels-2\\\/skateboard-wheels\\\/60mm-wheels\\\/\"},{\"@type\":\"ListItem\",\"position\":5,\"name\":\"60 mm, 78A &#8211; ORANGE CALIFORNIA ROLL\"}]},{\"@type\":\"WebSite\",\"@id\":\"https:\\\/\\\/shark-wheel.eu\\\/#website\",\"url\":\"https:\\\/\\\/shark-wheel.eu\\\/\",\"name\":\"\",\"description\":\"\",\"publisher\":{\"@id\":\"https:\\\/\\\/shark-wheel.eu\\\/#organization\"},\"potentialAction\":[{\"@type\":\"SearchAction\",\"target\":{\"@type\":\"EntryPoint\",\"urlTemplate\":\"https:\\\/\\\/shark-wheel.eu\\\/?s={search_term_string}\"},\"query-input\":{\"@type\":\"PropertyValueSpecification\",\"valueRequired\":true,\"valueName\":\"search_term_string\"}}],\"inLanguage\":\"sk-SK\"},{\"@type\":\"Organization\",\"@id\":\"https:\\\/\\\/shark-wheel.eu\\\/#organization\",\"name\":\"Shark Wheel\",\"url\":\"https:\\\/\\\/shark-wheel.eu\\\/\",\"logo\":{\"@type\":\"ImageObject\",\"inLanguage\":\"sk-SK\",\"@id\":\"https:\\\/\\\/shark-wheel.eu\\\/#\\\/schema\\\/logo\\\/image\\\/\",\"url\":\"https:\\\/\\\/shark-wheel.eu\\\/wp-content\\\/uploads\\\/2022\\\/01\\\/shark-wheel-logo-400px.png\",\"contentUrl\":\"https:\\\/\\\/shark-wheel.eu\\\/wp-content\\\/uploads\\\/2022\\\/01\\\/shark-wheel-logo-400px.png\",\"width\":475,\"height\":115,\"caption\":\"Shark Wheel\"},\"image\":{\"@id\":\"https:\\\/\\\/shark-wheel.eu\\\/#\\\/schema\\\/logo\\\/image\\\/\"}}]}<\/script>\n<!-- \/ Yoast SEO plugin. -->","yoast_head_json":{"title":"60 mm, 78A - ORANGE CALIFORNIA ROLL -","robots":{"index":"index","follow":"follow","max-snippet":"max-snippet:-1","max-image-preview":"max-image-preview:large","max-video-preview":"max-video-preview:-1"},"canonical":"https:\/\/shark-wheel.eu\/sk\/produkt\/60-mm-78a-orange-california-roll-2\/","og_locale":"sk_SK","og_type":"article","og_title":"60 mm, 78A - ORANGE CALIFORNIA ROLL -","og_description":"Go effortlessly over cracks\/rough terrain  Hits at an 30\u00b0angle to reduce vibrations  Kicks small rocks left &amp; right","og_url":"https:\/\/shark-wheel.eu\/sk\/produkt\/60-mm-78a-orange-california-roll-2\/","article_modified_time":"2026-02-16T08:25:46+00:00","og_image":[{"width":1280,"height":719,"url":"https:\/\/shark-wheel.eu\/wp-content\/uploads\/2022\/04\/60mm_Orange_Cali_Roll_2022.jpeg","type":"image\/jpeg"}],"twitter_card":"summary_large_image","twitter_misc":{"Predpokladan\u00fd \u010das \u010d\u00edtania":"1 min\u00fata"},"schema":{"@context":"https:\/\/schema.org","@graph":[{"@type":"WebPage","@id":"https:\/\/shark-wheel.eu\/product\/60-mm-78a-orange-california-roll-2\/","url":"https:\/\/shark-wheel.eu\/product\/60-mm-78a-orange-california-roll-2\/","name":"60 mm, 78A - ORANGE CALIFORNIA ROLL -","isPartOf":{"@id":"https:\/\/shark-wheel.eu\/#website"},"primaryImageOfPage":{"@id":"https:\/\/shark-wheel.eu\/product\/60-mm-78a-orange-california-roll-2\/#primaryimage"},"image":{"@id":"https:\/\/shark-wheel.eu\/product\/60-mm-78a-orange-california-roll-2\/#primaryimage"},"thumbnailUrl":"https:\/\/shark-wheel.eu\/wp-content\/uploads\/2022\/04\/60mm_Orange_Cali_Roll_2022.jpeg","datePublished":"2024-10-26T18:18:48+00:00","dateModified":"2026-02-16T08:25:46+00:00","breadcrumb":{"@id":"https:\/\/shark-wheel.eu\/product\/60-mm-78a-orange-california-roll-2\/#breadcrumb"},"inLanguage":"sk-SK","potentialAction":[{"@type":"ReadAction","target":["https:\/\/shark-wheel.eu\/product\/60-mm-78a-orange-california-roll-2\/"]}]},{"@type":"ImageObject","inLanguage":"sk-SK","@id":"https:\/\/shark-wheel.eu\/product\/60-mm-78a-orange-california-roll-2\/#primaryimage","url":"https:\/\/shark-wheel.eu\/wp-content\/uploads\/2022\/04\/60mm_Orange_Cali_Roll_2022.jpeg","contentUrl":"https:\/\/shark-wheel.eu\/wp-content\/uploads\/2022\/04\/60mm_Orange_Cali_Roll_2022.jpeg","width":1280,"height":719,"caption":"Cali roll shark wheel 60 mm orange"},{"@type":"BreadcrumbList","@id":"https:\/\/shark-wheel.eu\/product\/60-mm-78a-orange-california-roll-2\/#breadcrumb","itemListElement":[{"@type":"ListItem","position":1,"name":"Shop","item":"https:\/\/shark-wheel.eu\/shop\/"},{"@type":"ListItem","position":2,"name":"Wheels","item":"https:\/\/shark-wheel.eu\/product-category\/wheels-2\/"},{"@type":"ListItem","position":3,"name":"Skateboard Wheels","item":"https:\/\/shark-wheel.eu\/product-category\/wheels-2\/skateboard-wheels\/"},{"@type":"ListItem","position":4,"name":"60mm Wheels","item":"https:\/\/shark-wheel.eu\/product-category\/wheels-2\/skateboard-wheels\/60mm-wheels\/"},{"@type":"ListItem","position":5,"name":"60 mm, 78A &#8211; ORANGE CALIFORNIA ROLL"}]},{"@type":"WebSite","@id":"https:\/\/shark-wheel.eu\/#website","url":"https:\/\/shark-wheel.eu\/","name":"","description":"","publisher":{"@id":"https:\/\/shark-wheel.eu\/#organization"},"potentialAction":[{"@type":"SearchAction","target":{"@type":"EntryPoint","urlTemplate":"https:\/\/shark-wheel.eu\/?s={search_term_string}"},"query-input":{"@type":"PropertyValueSpecification","valueRequired":true,"valueName":"search_term_string"}}],"inLanguage":"sk-SK"},{"@type":"Organization","@id":"https:\/\/shark-wheel.eu\/#organization","name":"Shark Wheel","url":"https:\/\/shark-wheel.eu\/","logo":{"@type":"ImageObject","inLanguage":"sk-SK","@id":"https:\/\/shark-wheel.eu\/#\/schema\/logo\/image\/","url":"https:\/\/shark-wheel.eu\/wp-content\/uploads\/2022\/01\/shark-wheel-logo-400px.png","contentUrl":"https:\/\/shark-wheel.eu\/wp-content\/uploads\/2022\/01\/shark-wheel-logo-400px.png","width":475,"height":115,"caption":"Shark Wheel"},"image":{"@id":"https:\/\/shark-wheel.eu\/#\/schema\/logo\/image\/"}}]}},"jetpack_sharing_enabled":true,"_links":{"self":[{"href":"https:\/\/shark-wheel.eu\/sk\/wp-json\/wp\/v2\/product\/9521","targetHints":{"allow":["GET"]}}],"collection":[{"href":"https:\/\/shark-wheel.eu\/sk\/wp-json\/wp\/v2\/product"}],"about":[{"href":"https:\/\/shark-wheel.eu\/sk\/wp-json\/wp\/v2\/types\/product"}],"replies":[{"embeddable":true,"href":"https:\/\/shark-wheel.eu\/sk\/wp-json\/wp\/v2\/comments?post=9521"}],"wp:featuredmedia":[{"embeddable":true,"href":"https:\/\/shark-wheel.eu\/sk\/wp-json\/wp\/v2\/media\/8200"}],"wp:attachment":[{"href":"https:\/\/shark-wheel.eu\/sk\/wp-json\/wp\/v2\/media?parent=9521"}],"wp:term":[{"taxonomy":"product_brand","embeddable":true,"href":"https:\/\/shark-wheel.eu\/sk\/wp-json\/wp\/v2\/product_brand?post=9521"},{"taxonomy":"product_cat","embeddable":true,"href":"https:\/\/shark-wheel.eu\/sk\/wp-json\/wp\/v2\/product_cat?post=9521"},{"taxonomy":"product_tag","embeddable":true,"href":"https:\/\/shark-wheel.eu\/sk\/wp-json\/wp\/v2\/product_tag?post=9521"}],"curies":[{"name":"wp","href":"https:\/\/api.w.org\/{rel}","templated":true}]}}